{"id":6668,"date":"2024-02-06T19:32:54","date_gmt":"2024-02-06T18:32:54","guid":{"rendered":"https:\/\/hobbykitchen.es\/?post_type=product&#038;p=6668"},"modified":"2024-03-18T15:40:29","modified_gmt":"2024-03-18T14:40:29","slug":"cursos-cocina-presenciales-madrid","status":"publish","type":"product","link":"https:\/\/hobbykitchen.es\/en\/product\/cursos-cocina-presenciales-madrid\/","title":{"rendered":"Cocinamos juntos"},"content":{"rendered":"<p>Dirigido a alumn@s de todas las edades (ni\u00f1@s, adolescentes y adultos), de nivel principiante o iniciados en la cocina.<\/p>\n<p>Los cursos est\u00e1n pensados para todos aquellos que tengan un inter\u00e9s personal o profesional por la cocina, que independientemente de su nivel, quieran mejorar sus conocimientos, recetarios y t\u00e9cnicas culinarias. Adem\u00e1s, profundizaremos en conceptos novedosos tales como neurogastronom\u00eda y el comer atentos para cambiar tu perspectiva con respecto a la cocina.<\/p>\n<p>Capacidad del curso: 1 o 2 personas m\u00e1ximo por inscripci\u00f3n.<\/p>\n<p>Recursos que recibir\u00e1s:<\/p>\n<ul>\n<li>16 recipes<\/li>\n<li>Lista de la compra con los ingredientes necesarios<\/li>\n<li>Planificaci\u00f3n de los 4 d\u00edas de clases<\/li>\n<\/ul>\n<p>Necesitar\u00e1s:<\/p>\n<ul>\n<li>Comprar los ingredientes para cada clase bas\u00e1ndote en la lista de la compra recibida antes del curso<\/li>\n<li>Utensilios b\u00e1sicos de cocina<\/li>\n<li>Muchas ganas de aprender<\/li>\n<\/ul>","protected":false},"excerpt":{"rendered":"<p>Con este curso de cocina presencial podr\u00e1s aprender a cocinar 16 nuevas recetas desde tu casa en tan solo 4 d\u00edas de clase.<\/p>\n<p>Cada clase tiene una duraci\u00f3n de 2 horas, durante las cuales aprender\u00e1s a elaborar 4 recetas diferentes.<\/p>\n<p>Aprender\u00e1s una alimentaci\u00f3n responsable, basada en la diversidad y singularidad.<\/p>\n<p>Aprender\u00e1s tambi\u00e9n a organizar tus men\u00fas y podr\u00e1s adquirir h\u00e1bitos saludables para siempre.<\/p>\n<p>Cocinaremos juntos para que aprendas todas las t\u00e9cnicas de preparaci\u00f3n y cocinado de cada receta.<\/p>\n<p><span style=\"color: #000000;\"><a href=\"https:\/\/hobbykitchen.es\/wp-content\/uploads\/Hobby-Kitchen_Recetario-Cursos-2024.pdf\">Consulta aqu\u00ed el recetario de nuestros cursos de cocina.<\/a> <\/span><\/p>\n<p><span style=\"color: #000000;\">Elige un total de 16 recetas del recetario para elaborar durante las clases.\u00a0<\/span><\/p>\n<div class=\"woocommerce-product-details__short-description\">\n<p>\u00a1Saca a la cocinera o cocinero que llevas dentro!<\/p>\n<\/div>","protected":false},"featured_media":6669,"comment_status":"closed","ping_status":"closed","template":"","meta":{"_acf_changed":false},"product_brand":[],"product_cat":[47,46],"product_tag":[],"class_list":{"0":"post-6668","1":"product","2":"type-product","3":"status-publish","4":"has-post-thumbnail","6":"product_cat-cursos-de-cocina","7":"product_cat-cursos-de-cocina-presenciales","9":"first","10":"instock","11":"virtual","12":"taxable","13":"purchasable","14":"product-type-simple"},"acf":[],"yoast_head":"<!-- This site is optimized with the Yoast SEO plugin v25.9 - https:\/\/yoast.com\/wordpress\/plugins\/seo\/ -->\n<title>Cocinamos juntos - Hobby Kitchen<\/title>\n<meta name=\"description\" content=\"Cursos de cocina presenciales en Madrid. Aprende a cocinar con Hobby Kitchen en tu propia casa, acompa\u00f1ado de una profesora de cocina.\" \/>\n<meta name=\"robots\" content=\"index, follow, max-snippet:-1, max-image-preview:large, max-video-preview:-1\" \/>\n<link rel=\"canonical\" href=\"https:\/\/hobbykitchen.es\/en\/product\/cursos-cocina-presenciales-madrid\/\" \/>\n<meta property=\"og:locale\" content=\"en_US\" \/>\n<meta property=\"og:type\" content=\"article\" \/>\n<meta property=\"og:title\" content=\"Cocinamos juntos - Hobby Kitchen\" \/>\n<meta property=\"og:description\" content=\"Cursos de cocina presenciales en Madrid. Aprende a cocinar con Hobby Kitchen en tu propia casa, acompa\u00f1ado de una profesora de cocina.\" \/>\n<meta property=\"og:url\" content=\"https:\/\/hobbykitchen.es\/en\/product\/cursos-cocina-presenciales-madrid\/\" \/>\n<meta property=\"og:site_name\" content=\"Hobby Kitchen\" \/>\n<meta property=\"article:publisher\" content=\"https:\/\/www.facebook.com\/hobbykitchen.madrid\/\" \/>\n<meta property=\"article:modified_time\" content=\"2024-03-18T14:40:29+00:00\" \/>\n<meta property=\"og:image\" content=\"https:\/\/hobbykitchen.es\/wp-content\/uploads\/COCINAMOS-JUNTOS-2.png\" \/>\n\t<meta property=\"og:image:width\" content=\"820\" \/>\n\t<meta property=\"og:image:height\" content=\"820\" \/>\n\t<meta property=\"og:image:type\" content=\"image\/png\" \/>\n<meta name=\"twitter:card\" content=\"summary_large_image\" \/>\n<meta name=\"twitter:label1\" content=\"Est. reading time\" \/>\n\t<meta name=\"twitter:data1\" content=\"1 minute\" \/>\n<script type=\"application\/ld+json\" class=\"yoast-schema-graph\">{\"@context\":\"https:\/\/schema.org\",\"@graph\":[{\"@type\":\"WebPage\",\"@id\":\"https:\/\/hobbykitchen.es\/producto\/cursos-cocina-presenciales-madrid\/\",\"url\":\"https:\/\/hobbykitchen.es\/producto\/cursos-cocina-presenciales-madrid\/\",\"name\":\"Cocinamos juntos - Hobby Kitchen\",\"isPartOf\":{\"@id\":\"https:\/\/hobbykitchen.es\/#website\"},\"primaryImageOfPage\":{\"@id\":\"https:\/\/hobbykitchen.es\/producto\/cursos-cocina-presenciales-madrid\/#primaryimage\"},\"image\":{\"@id\":\"https:\/\/hobbykitchen.es\/producto\/cursos-cocina-presenciales-madrid\/#primaryimage\"},\"thumbnailUrl\":\"https:\/\/i0.wp.com\/hobbykitchen.es\/wp-content\/uploads\/COCINAMOS-JUNTOS-2.png?fit=820%2C820&ssl=1\",\"datePublished\":\"2024-02-06T18:32:54+00:00\",\"dateModified\":\"2024-03-18T14:40:29+00:00\",\"description\":\"Cursos de cocina presenciales en Madrid. Aprende a cocinar con Hobby Kitchen en tu propia casa, acompa\u00f1ado de una profesora de cocina.\",\"breadcrumb\":{\"@id\":\"https:\/\/hobbykitchen.es\/producto\/cursos-cocina-presenciales-madrid\/#breadcrumb\"},\"inLanguage\":\"en-US\",\"potentialAction\":[{\"@type\":\"ReadAction\",\"target\":[\"https:\/\/hobbykitchen.es\/producto\/cursos-cocina-presenciales-madrid\/\"]}]},{\"@type\":\"ImageObject\",\"inLanguage\":\"en-US\",\"@id\":\"https:\/\/hobbykitchen.es\/producto\/cursos-cocina-presenciales-madrid\/#primaryimage\",\"url\":\"https:\/\/i0.wp.com\/hobbykitchen.es\/wp-content\/uploads\/COCINAMOS-JUNTOS-2.png?fit=820%2C820&ssl=1\",\"contentUrl\":\"https:\/\/i0.wp.com\/hobbykitchen.es\/wp-content\/uploads\/COCINAMOS-JUNTOS-2.png?fit=820%2C820&ssl=1\",\"width\":820,\"height\":820,\"caption\":\"Imagen de producto cocinamos juntos - curso de cocina presencial en Madrid\"},{\"@type\":\"BreadcrumbList\",\"@id\":\"https:\/\/hobbykitchen.es\/producto\/cursos-cocina-presenciales-madrid\/#breadcrumb\",\"itemListElement\":[{\"@type\":\"ListItem\",\"position\":1,\"name\":\"Portada\",\"item\":\"https:\/\/hobbykitchen.es\/\"},{\"@type\":\"ListItem\",\"position\":2,\"name\":\"Tienda\",\"item\":\"https:\/\/hobbykitchen.es\/tienda\/\"},{\"@type\":\"ListItem\",\"position\":3,\"name\":\"Cocinamos juntos\"}]},{\"@type\":\"WebSite\",\"@id\":\"https:\/\/hobbykitchen.es\/#website\",\"url\":\"https:\/\/hobbykitchen.es\/\",\"name\":\"Hobby Kitchen\",\"description\":\"Escuela de Cocina y Salud\",\"publisher\":{\"@id\":\"https:\/\/hobbykitchen.es\/#organization\"},\"potentialAction\":[{\"@type\":\"SearchAction\",\"target\":{\"@type\":\"EntryPoint\",\"urlTemplate\":\"https:\/\/hobbykitchen.es\/?s={search_term_string}\"},\"query-input\":{\"@type\":\"PropertyValueSpecification\",\"valueRequired\":true,\"valueName\":\"search_term_string\"}}],\"inLanguage\":\"en-US\"},{\"@type\":\"Organization\",\"@id\":\"https:\/\/hobbykitchen.es\/#organization\",\"name\":\"Hobby Kitchen Escuela de Cocina y Salud\",\"url\":\"https:\/\/hobbykitchen.es\/\",\"logo\":{\"@type\":\"ImageObject\",\"inLanguage\":\"en-US\",\"@id\":\"https:\/\/hobbykitchen.es\/#\/schema\/logo\/image\/\",\"url\":\"https:\/\/i0.wp.com\/hobbykitchen.es\/wp-content\/uploads\/LOGO-HOBBY-KITCHEN.jpeg?fit=1080%2C1080&ssl=1\",\"contentUrl\":\"https:\/\/i0.wp.com\/hobbykitchen.es\/wp-content\/uploads\/LOGO-HOBBY-KITCHEN.jpeg?fit=1080%2C1080&ssl=1\",\"width\":1080,\"height\":1080,\"caption\":\"Hobby Kitchen Escuela de Cocina y Salud\"},\"image\":{\"@id\":\"https:\/\/hobbykitchen.es\/#\/schema\/logo\/image\/\"},\"sameAs\":[\"https:\/\/www.facebook.com\/hobbykitchen.madrid\/\",\"https:\/\/www.linkedin.com\/in\/elena-de-tapia-ruano-b72884100\/\",\"https:\/\/www.youtube.com\/channel\/UCU7KnuYzuPtdsayAOsWkGkg\/about\",\"https:\/\/www.instagram.com\/hobbykitchen.madrid\/\"]}]}<\/script>\n<!-- \/ Yoast SEO plugin. -->","yoast_head_json":{"title":"Cocinamos juntos - Hobby Kitchen","description":"Cursos de cocina presenciales en Madrid. Aprende a cocinar con Hobby Kitchen en tu propia casa, acompa\u00f1ado de una profesora de cocina.","robots":{"index":"index","follow":"follow","max-snippet":"max-snippet:-1","max-image-preview":"max-image-preview:large","max-video-preview":"max-video-preview:-1"},"canonical":"https:\/\/hobbykitchen.es\/en\/product\/cursos-cocina-presenciales-madrid\/","og_locale":"en_US","og_type":"article","og_title":"Cocinamos juntos - Hobby Kitchen","og_description":"Cursos de cocina presenciales en Madrid. Aprende a cocinar con Hobby Kitchen en tu propia casa, acompa\u00f1ado de una profesora de cocina.","og_url":"https:\/\/hobbykitchen.es\/en\/product\/cursos-cocina-presenciales-madrid\/","og_site_name":"Hobby Kitchen","article_publisher":"https:\/\/www.facebook.com\/hobbykitchen.madrid\/","article_modified_time":"2024-03-18T14:40:29+00:00","og_image":[{"width":820,"height":820,"url":"https:\/\/hobbykitchen.es\/wp-content\/uploads\/COCINAMOS-JUNTOS-2.png","type":"image\/png"}],"twitter_card":"summary_large_image","twitter_misc":{"Est. reading time":"1 minute"},"schema":{"@context":"https:\/\/schema.org","@graph":[{"@type":"WebPage","@id":"https:\/\/hobbykitchen.es\/producto\/cursos-cocina-presenciales-madrid\/","url":"https:\/\/hobbykitchen.es\/producto\/cursos-cocina-presenciales-madrid\/","name":"Cocinamos juntos - Hobby Kitchen","isPartOf":{"@id":"https:\/\/hobbykitchen.es\/#website"},"primaryImageOfPage":{"@id":"https:\/\/hobbykitchen.es\/producto\/cursos-cocina-presenciales-madrid\/#primaryimage"},"image":{"@id":"https:\/\/hobbykitchen.es\/producto\/cursos-cocina-presenciales-madrid\/#primaryimage"},"thumbnailUrl":"https:\/\/i0.wp.com\/hobbykitchen.es\/wp-content\/uploads\/COCINAMOS-JUNTOS-2.png?fit=820%2C820&ssl=1","datePublished":"2024-02-06T18:32:54+00:00","dateModified":"2024-03-18T14:40:29+00:00","description":"Cursos de cocina presenciales en Madrid. Aprende a cocinar con Hobby Kitchen en tu propia casa, acompa\u00f1ado de una profesora de cocina.","breadcrumb":{"@id":"https:\/\/hobbykitchen.es\/producto\/cursos-cocina-presenciales-madrid\/#breadcrumb"},"inLanguage":"en-US","potentialAction":[{"@type":"ReadAction","target":["https:\/\/hobbykitchen.es\/producto\/cursos-cocina-presenciales-madrid\/"]}]},{"@type":"ImageObject","inLanguage":"en-US","@id":"https:\/\/hobbykitchen.es\/producto\/cursos-cocina-presenciales-madrid\/#primaryimage","url":"https:\/\/i0.wp.com\/hobbykitchen.es\/wp-content\/uploads\/COCINAMOS-JUNTOS-2.png?fit=820%2C820&ssl=1","contentUrl":"https:\/\/i0.wp.com\/hobbykitchen.es\/wp-content\/uploads\/COCINAMOS-JUNTOS-2.png?fit=820%2C820&ssl=1","width":820,"height":820,"caption":"Imagen de producto cocinamos juntos - curso de cocina presencial en Madrid"},{"@type":"BreadcrumbList","@id":"https:\/\/hobbykitchen.es\/producto\/cursos-cocina-presenciales-madrid\/#breadcrumb","itemListElement":[{"@type":"ListItem","position":1,"name":"Portada","item":"https:\/\/hobbykitchen.es\/"},{"@type":"ListItem","position":2,"name":"Tienda","item":"https:\/\/hobbykitchen.es\/tienda\/"},{"@type":"ListItem","position":3,"name":"Cocinamos juntos"}]},{"@type":"WebSite","@id":"https:\/\/hobbykitchen.es\/#website","url":"https:\/\/hobbykitchen.es\/","name":"Hobby Kitchen","description":"Cooking and Health School","publisher":{"@id":"https:\/\/hobbykitchen.es\/#organization"},"potentialAction":[{"@type":"SearchAction","target":{"@type":"EntryPoint","urlTemplate":"https:\/\/hobbykitchen.es\/?s={search_term_string}"},"query-input":{"@type":"PropertyValueSpecification","valueRequired":true,"valueName":"search_term_string"}}],"inLanguage":"en-US"},{"@type":"Organization","@id":"https:\/\/hobbykitchen.es\/#organization","name":"Hobby Kitchen Escuela de Cocina y Salud","url":"https:\/\/hobbykitchen.es\/","logo":{"@type":"ImageObject","inLanguage":"en-US","@id":"https:\/\/hobbykitchen.es\/#\/schema\/logo\/image\/","url":"https:\/\/i0.wp.com\/hobbykitchen.es\/wp-content\/uploads\/LOGO-HOBBY-KITCHEN.jpeg?fit=1080%2C1080&ssl=1","contentUrl":"https:\/\/i0.wp.com\/hobbykitchen.es\/wp-content\/uploads\/LOGO-HOBBY-KITCHEN.jpeg?fit=1080%2C1080&ssl=1","width":1080,"height":1080,"caption":"Hobby Kitchen Escuela de Cocina y Salud"},"image":{"@id":"https:\/\/hobbykitchen.es\/#\/schema\/logo\/image\/"},"sameAs":["https:\/\/www.facebook.com\/hobbykitchen.madrid\/","https:\/\/www.linkedin.com\/in\/elena-de-tapia-ruano-b72884100\/","https:\/\/www.youtube.com\/channel\/UCU7KnuYzuPtdsayAOsWkGkg\/about","https:\/\/www.instagram.com\/hobbykitchen.madrid\/"]}]}},"jetpack_sharing_enabled":true,"_links":{"self":[{"href":"https:\/\/hobbykitchen.es\/en\/wp-json\/wp\/v2\/product\/6668","targetHints":{"allow":["GET"]}}],"collection":[{"href":"https:\/\/hobbykitchen.es\/en\/wp-json\/wp\/v2\/product"}],"about":[{"href":"https:\/\/hobbykitchen.es\/en\/wp-json\/wp\/v2\/types\/product"}],"replies":[{"embeddable":true,"href":"https:\/\/hobbykitchen.es\/en\/wp-json\/wp\/v2\/comments?post=6668"}],"wp:featuredmedia":[{"embeddable":true,"href":"https:\/\/hobbykitchen.es\/en\/wp-json\/wp\/v2\/media\/6669"}],"wp:attachment":[{"href":"https:\/\/hobbykitchen.es\/en\/wp-json\/wp\/v2\/media?parent=6668"}],"wp:term":[{"taxonomy":"product_brand","embeddable":true,"href":"https:\/\/hobbykitchen.es\/en\/wp-json\/wp\/v2\/product_brand?post=6668"},{"taxonomy":"product_cat","embeddable":true,"href":"https:\/\/hobbykitchen.es\/en\/wp-json\/wp\/v2\/product_cat?post=6668"},{"taxonomy":"product_tag","embeddable":true,"href":"https:\/\/hobbykitchen.es\/en\/wp-json\/wp\/v2\/product_tag?post=6668"}],"curies":[{"name":"wp","href":"https:\/\/api.w.org\/{rel}","templated":true}]}}