{"id":1790,"date":"2019-11-29T12:24:57","date_gmt":"2019-11-29T12:24:57","guid":{"rendered":"https:\/\/hobbykitchen.es\/?post_type=product&#038;p=1790"},"modified":"2024-03-07T10:29:51","modified_gmt":"2024-03-07T09:29:51","slug":"chef-a-domicilio-cocinera-profesional-profesora-particular-copia","status":"publish","type":"product","link":"https:\/\/hobbykitchen.es\/en\/product\/chef-a-domicilio-cocinera-profesional-profesora-particular-copia\/","title":{"rendered":"PRUEBA ONLINE PRESUPUESTO PERSONALIZADO PROFESORA DE COCINA"},"content":{"rendered":"<p><strong><u>FORMACI\u00d3N CULINARIA y NUTRICIONAL B\u00c1SICA\u00a0<\/u><\/strong><\/p>\n<p>Hobby Kitchen te propone una forma diferente de <strong>servicios<\/strong> para que sus fiestas familiares, cenas de amigos e incluso su d\u00eda a d\u00eda sea m\u00e1s f\u00e1cil, con men\u00fas equilibrados, variados y nutritivos; a trav\u00e9s de presupuestos personalizados.<\/p>\n<p><b>Te pedimos una se\u00f1al para la elaboraci\u00f3n de un presupuestos y servicios personalizados de 10\u20ac descontados si acaba realizando el servicio.<\/b><\/p>\n<p><span style=\"color: #ff6600;\"><strong>\u00bfQUE OFRECEMOS?<\/strong><\/span><\/p>\n<p>Planificaci\u00f3n del men\u00fa seg\u00fan sus gustos y necesidades en tres modalidades<\/p>\n<p><strong><span style=\"color: #0000ff;\">COCINAMOS JUNTOS:\u00a0 \u00a0<\/span><\/strong><\/p>\n<p>Profesor particular, aprende tu propio batch cooking con el m\u00e9todo \u00abCocina sin cocina\u00bb de Hobby Kitchen con clases a domicilio.<\/p>\n<p><span style=\"color: #0000ff;\"><strong>COCINA TU QUE YO TE VEO:<\/strong><\/span><strong><span style=\"color: #0000ff;\">\u00a0<\/span> \u00a0 <\/strong><\/p>\n<p><strong>\u00a1TE LO DAMOS HECHO!<\/strong> Planificaci\u00f3n online donde se te explica todo el men\u00fa que quieres, las recetas, la preelaboracion, la elaboraci\u00f3n y presentaci\u00f3n de tu evento para que tu mismo lo elabores con tranquilidad.<\/p>\n<p><strong><span style=\"color: #0000ff;\">COCINAMOS PARA TI:\u00a0<\/span><\/strong><\/p>\n<p>Chef a domicilio, te lo dejamos todo preparado para que no te preocupes de nada. Nos encargamos de todo: planificaci\u00f3n y organizaci\u00f3n, la cesta de la compra, elaboraci\u00f3n de men\u00fas y presentaci\u00f3n.<\/p>\n<p>Cocinera profesional, si lo que quieres es una cocinera profesional, para tus evento o simplemente para el tupper de la semana.<\/p>\n<p>Planificaci\u00f3n del men\u00fa seg\u00fan sus gustos y necesidades en tres modalidades<\/p>\n<p>Profesor particular, aprende tu propio batch cooking con el m\u00e9todo \u00abCocina sin cocina\u00bb de Hobby Kitchen con clases a domicilio ONLINE.<\/p>\n<p><strong>Nota<\/strong>: materiales consumibles por parte del cliente.<\/p>\n<p><strong style=\"color: #ff6600;\">\u00bfC\u00d3MO LO HACEMOS?<\/strong><\/p>\n<ol>\n<li>Conocemos sus necesidades.<\/li>\n<li>Planificamos el servicio<\/li>\n<\/ol>\n<ul>\n<li style=\"list-style-type: none;\">\n<ul>\n<li style=\"list-style-type: none;\">\n<ul>\n<li style=\"list-style-type: none;\">\n<ul>\n<li><strong><span style=\"color: #0000ff;\">COCINAMOS PARA TI<\/span><\/strong><\/li>\n<li><strong><span style=\"color: #0000ff;\">COCINAMOS JUNTOS<\/span><\/strong><\/li>\n<li><strong><span style=\"color: #0000ff;\">COCINA TU QUE YO TE VEO<\/span><\/strong><\/li>\n<\/ul>\n<\/li>\n<\/ul>\n<\/li>\n<\/ul>\n<\/li>\n<\/ul>\n<p><span style=\"color: #ff6600;\"><strong>\u00bfQUI\u00c9NES SOMOS?<\/strong><\/span><\/p>\n<p>Profesionales en nutrici\u00f3n y gastronom\u00eda, de la Escuela Superior de Hosteler\u00eda.<\/p>\n<p><span style=\"color: #ff6600;\"><strong>CONDICIONES PARTICULARES COCINAMOS PARA TI:<\/strong><\/span><\/p>\n<ul>\n<li>Reserva del servicio: mediante el pago del 30% del servicio.<\/li>\n<li>El precio var\u00eda seg\u00fan el n\u00famero de comensales. Consultar tabla.<\/li>\n<li>Dentro del casco urbano de Madrid, fuera de Madrid habr\u00e1 un plus de transporte. (0,50\u20ac\/Km).<\/li>\n<li>Duraci\u00f3n del servicio: m\u00ednimos por servicios.<\/li>\n<li><u>El material consumible lo suministra el cliente,<\/u> se le proporcionara, v\u00eda correo, un listado de la materia prima que se va a manipular y utensilios de cocina.<\/li>\n<li>Podemos hacer la compra, con un incremento de un 20% sobre el precio del ticket.<\/li>\n<li>El personal de hobby kitchen, <u>COCINERA PROFESIONAL<\/u>, cocinara en sus instalaciones que estar\u00e1n totalmente limpias y recogidas para su utilizaci\u00f3n, dej\u00e1ndolas en las mismas condiciones una vez finalizado el servicio. (no es servicio dom\u00e9stico ni servicio de camarero).<\/li>\n<li>Si necesita servicio de camareros, etc. se lo proporcionamos. (Extra seg\u00fan precio de mercado)<\/li>\n<li>Si hubiera cambios del men\u00fa establecido en la casa del cliente y retrasar\u00e1 el servicio, se incrementar\u00e1 la factura en consecuencia, hora de trabajo extra 30\u20ac.<\/li>\n<li>PUEDE PEDIR PRESUPUESTO DE MEN\u00daS ADAPTADOS A SUS GUSTOS.<\/li>\n<li>SERVICIO DE COCINERA EL D\u00cdA DEL EVENTO EXTRA: 30\u20ac\/hora., m\u00ednimo 4 horas.<\/li>\n<li>Pida presupuesto de cualquier oferta gastron\u00f3mica que desea el cliente seg\u00fan sus gustos.<\/li>\n<\/ul>\n<p>contactanos\u00a0<a href=\"https:\/\/hobbykitchen.es\/en\/contactanos\/\">https:\/\/hobbykitchen.es\/contactanos\/<\/a><\/p>\n<p>&nbsp;<\/p>","protected":false},"excerpt":{"rendered":"<p><strong><u>FORMACI\u00d3N CULINARIA y NUTRICIONAL B\u00c1SICA\u00a0<\/u><\/strong><\/p>\n<p>Hobby Kitchen te propone una forma diferente de <strong>servicios<\/strong> para que sus fiestas familiares, cenas de amigos e incluso su d\u00eda a d\u00eda sea m\u00e1s f\u00e1cil, con men\u00fas equilibrados, variados y nutritivos; a trav\u00e9s de presupuestos personalizados.<\/p>\n<p><b>Te pedimos una se\u00f1al para la elaboraci\u00f3n de un presupuestos y servicios personalizados de 10\u20ac descontados si acaba realizando el servicio.<\/b><\/p>\n<ol>\n<li>Conocemos sus necesidades.<\/li>\n<li>Planificamos el servicio<\/li>\n<\/ol>\n<ul>\n<li style=\"list-style-type: none;\">\n<ul>\n<li style=\"list-style-type: none;\">\n<ul>\n<li style=\"list-style-type: none;\">\n<ul>\n<li>COCINAMOS PARA TI<\/li>\n<li>COCINAMOS JUNTOS<\/li>\n<li>COCINA TU QUE YO TE VE<\/li>\n<\/ul>\n<\/li>\n<\/ul>\n<\/li>\n<\/ul>\n<\/li>\n<\/ul>\n<p>Nota: para pedir informaci\u00f3n 10\u20ac de coste recuperable si acepta el servicio<\/p>\n<p><span style=\"color: #ff6600;\"><strong>\u00bfQUE OFRECEMOS?<\/strong><\/span><\/p>\n<p>Planificaci\u00f3n del men\u00fa seg\u00fan sus gustos y necesidades en tres modalidades<\/p>\n<p><span style=\"color: #0000ff;\"><strong>COCINAMOS PARA TI:<\/strong><strong>\u00a0 \u00a0 \u00a0<\/strong><\/span><\/p>\n<p><strong>Chef a domicilio<\/strong>, te lo dejamos todo preparado para que no te preocupes de nada. Nos encargamos de todo: planificaci\u00f3n y organizaci\u00f3n, la cesta de la compra, elaboraci\u00f3n de men\u00fas y presentaci\u00f3n, y si quieres, hasta te servimos la mesa ideal para disfrutarlo con todos los sentidos, el gusto, el olfato, la vista y el odio.<strong> \u00a0 <\/strong><\/p>\n<p><strong>Cocinera profesional, <\/strong>si lo que quieres es una cocinera profesional, para tus evento o simplemente para el tupper de la semana.<\/p>\n<p><span style=\"color: #0000ff;\"><strong>COCINAMOS JUNTOS:<\/strong><\/span><strong><span style=\"color: #0000ff;\">\u00a0<\/span> \u00a0 <\/strong><\/p>\n<p><strong>Profesor particular, <\/strong>aprende tu propio batch cooking con el m\u00e9todo \u00abCocina sin cocina\u00bb de Hobby Kitchen con clases a domicilio.<\/p>\n<p><span style=\"color: #0000ff;\"><strong>COCINA TU QUE YO TE VEO:<\/strong><\/span><strong><span style=\"color: #0000ff;\">\u00a0<\/span> \u00a0 <\/strong><\/p>\n<p><strong>\u00a1TE LO DAMOS HECHO!<\/strong> Planificaci\u00f3n online donde se te explica todo el men\u00fa que quieres, las recetas, la preelaboracion, la elaboraci\u00f3n y presentaci\u00f3n de tu evento para que tu mismo lo elabores con tranquilidad.<\/p>\n<p><strong>Nota<\/strong>: materiales consumibles por parte del cliente.<\/p>\n<p>Se\u00f1al para presupuestos y servicios personalizados de 10\u20ac descontados si acaba realizando el servicio.<\/p>\n<p><span style=\"color: #ff6600;\"><strong>\u00bfC\u00d3MO LO HACEMOS?<\/strong><\/span><\/p>\n<ol>\n<li>Conocemos sus necesidades.<\/li>\n<li>Planificamos el servicio<\/li>\n<\/ol>\n<ul>\n<li style=\"list-style-type: none;\">\n<ul>\n<li style=\"list-style-type: none;\">\n<ul>\n<li style=\"list-style-type: none;\">\n<ul>\n<li>COCINAMOS PARA TI<\/li>\n<li>COCINAMOS JUNTOS<\/li>\n<li>COCINA TU QUE YO TE VEO<\/li>\n<\/ul>\n<\/li>\n<\/ul>\n<\/li>\n<\/ul>\n<\/li>\n<\/ul>\n<p><span style=\"color: #ff6600;\"><strong>\u00bfQUI\u00c9NES SOMOS?<\/strong><\/span><\/p>\n<p>Profesionales en nutrici\u00f3n y gastronom\u00eda, de la Escuela Superior de Hosteler\u00eda.<\/p>","protected":false},"featured_media":132,"comment_status":"closed","ping_status":"closed","template":"","meta":{"_acf_changed":false},"product_brand":[],"product_cat":[29],"product_tag":[],"class_list":{"0":"post-1790","1":"product","2":"type-product","3":"status-publish","4":"has-post-thumbnail","6":"product_cat-talleres-cocina-principiantes","8":"first","9":"instock","10":"taxable","11":"shipping-taxable","12":"purchasable","13":"product-type-simple"},"acf":[],"yoast_head":"<!-- This site is optimized with the Yoast SEO plugin v25.9 - https:\/\/yoast.com\/wordpress\/plugins\/seo\/ -->\n<title>PRUEBA ONLINE PRESUPUESTO PERSONALIZADO PROFESORA DE COCINA - Hobby Kitchen<\/title>\n<meta name=\"description\" content=\"ON LINE Profesora de cocina particular, aprende tu propio batch cooking con el m\u00e9todo &quot;Cocina sin cocina&quot; de Hobby Kitchen.\" \/>\n<meta name=\"robots\" content=\"index, follow, max-snippet:-1, max-image-preview:large, max-video-preview:-1\" \/>\n<link rel=\"canonical\" href=\"https:\/\/hobbykitchen.es\/en\/product\/chef-a-domicilio-cocinera-profesional-profesora-particular-copia\/\" \/>\n<meta property=\"og:locale\" content=\"en_US\" \/>\n<meta property=\"og:type\" content=\"article\" \/>\n<meta property=\"og:title\" content=\"PRUEBA ONLINE PRESUPUESTO PERSONALIZADO PROFESORA DE COCINA - Hobby Kitchen\" \/>\n<meta property=\"og:description\" content=\"ON LINE Profesora de cocina particular, aprende tu propio batch cooking con el m\u00e9todo &quot;Cocina sin cocina&quot; de Hobby Kitchen.\" \/>\n<meta property=\"og:url\" content=\"https:\/\/hobbykitchen.es\/en\/product\/chef-a-domicilio-cocinera-profesional-profesora-particular-copia\/\" \/>\n<meta property=\"og:site_name\" content=\"Hobby Kitchen\" \/>\n<meta property=\"article:publisher\" content=\"https:\/\/www.facebook.com\/hobbykitchen.madrid\/\" \/>\n<meta property=\"article:modified_time\" content=\"2024-03-07T09:29:51+00:00\" \/>\n<meta property=\"og:image\" content=\"https:\/\/hobbykitchen.es\/wp-content\/uploads\/Elena-Tapia-tutor-nutricionaal.jpg\" \/>\n\t<meta property=\"og:image:width\" content=\"600\" \/>\n\t<meta property=\"og:image:height\" content=\"600\" \/>\n\t<meta property=\"og:image:type\" content=\"image\/jpeg\" \/>\n<meta name=\"twitter:card\" content=\"summary_large_image\" \/>\n<meta name=\"twitter:label1\" content=\"Est. reading time\" \/>\n\t<meta name=\"twitter:data1\" content=\"3 minutes\" \/>\n<script type=\"application\/ld+json\" class=\"yoast-schema-graph\">{\"@context\":\"https:\/\/schema.org\",\"@graph\":[{\"@type\":\"WebPage\",\"@id\":\"https:\/\/hobbykitchen.es\/producto\/chef-a-domicilio-cocinera-profesional-profesora-particular-copia\/\",\"url\":\"https:\/\/hobbykitchen.es\/producto\/chef-a-domicilio-cocinera-profesional-profesora-particular-copia\/\",\"name\":\"PRUEBA ONLINE PRESUPUESTO PERSONALIZADO PROFESORA DE COCINA - Hobby Kitchen\",\"isPartOf\":{\"@id\":\"https:\/\/hobbykitchen.es\/#website\"},\"primaryImageOfPage\":{\"@id\":\"https:\/\/hobbykitchen.es\/producto\/chef-a-domicilio-cocinera-profesional-profesora-particular-copia\/#primaryimage\"},\"image\":{\"@id\":\"https:\/\/hobbykitchen.es\/producto\/chef-a-domicilio-cocinera-profesional-profesora-particular-copia\/#primaryimage\"},\"thumbnailUrl\":\"https:\/\/i0.wp.com\/hobbykitchen.es\/wp-content\/uploads\/Elena-Tapia-tutor-nutricionaal.jpg?fit=600%2C600&ssl=1\",\"datePublished\":\"2019-11-29T12:24:57+00:00\",\"dateModified\":\"2024-03-07T09:29:51+00:00\",\"description\":\"ON LINE Profesora de cocina particular, aprende tu propio batch cooking con el m\u00e9todo \\\"Cocina sin cocina\\\" de Hobby Kitchen.\",\"breadcrumb\":{\"@id\":\"https:\/\/hobbykitchen.es\/producto\/chef-a-domicilio-cocinera-profesional-profesora-particular-copia\/#breadcrumb\"},\"inLanguage\":\"en-US\",\"potentialAction\":[{\"@type\":\"ReadAction\",\"target\":[\"https:\/\/hobbykitchen.es\/producto\/chef-a-domicilio-cocinera-profesional-profesora-particular-copia\/\"]}]},{\"@type\":\"ImageObject\",\"inLanguage\":\"en-US\",\"@id\":\"https:\/\/hobbykitchen.es\/producto\/chef-a-domicilio-cocinera-profesional-profesora-particular-copia\/#primaryimage\",\"url\":\"https:\/\/i0.wp.com\/hobbykitchen.es\/wp-content\/uploads\/Elena-Tapia-tutor-nutricionaal.jpg?fit=600%2C600&ssl=1\",\"contentUrl\":\"https:\/\/i0.wp.com\/hobbykitchen.es\/wp-content\/uploads\/Elena-Tapia-tutor-nutricionaal.jpg?fit=600%2C600&ssl=1\",\"width\":600,\"height\":600},{\"@type\":\"BreadcrumbList\",\"@id\":\"https:\/\/hobbykitchen.es\/producto\/chef-a-domicilio-cocinera-profesional-profesora-particular-copia\/#breadcrumb\",\"itemListElement\":[{\"@type\":\"ListItem\",\"position\":1,\"name\":\"Portada\",\"item\":\"https:\/\/hobbykitchen.es\/\"},{\"@type\":\"ListItem\",\"position\":2,\"name\":\"Tienda\",\"item\":\"https:\/\/hobbykitchen.es\/tienda\/\"},{\"@type\":\"ListItem\",\"position\":3,\"name\":\"PRUEBA ONLINE PRESUPUESTO PERSONALIZADO PROFESORA DE COCINA\"}]},{\"@type\":\"WebSite\",\"@id\":\"https:\/\/hobbykitchen.es\/#website\",\"url\":\"https:\/\/hobbykitchen.es\/\",\"name\":\"Hobby Kitchen\",\"description\":\"Escuela de Cocina y Salud\",\"publisher\":{\"@id\":\"https:\/\/hobbykitchen.es\/#organization\"},\"potentialAction\":[{\"@type\":\"SearchAction\",\"target\":{\"@type\":\"EntryPoint\",\"urlTemplate\":\"https:\/\/hobbykitchen.es\/?s={search_term_string}\"},\"query-input\":{\"@type\":\"PropertyValueSpecification\",\"valueRequired\":true,\"valueName\":\"search_term_string\"}}],\"inLanguage\":\"en-US\"},{\"@type\":\"Organization\",\"@id\":\"https:\/\/hobbykitchen.es\/#organization\",\"name\":\"Hobby Kitchen Escuela de Cocina y Salud\",\"url\":\"https:\/\/hobbykitchen.es\/\",\"logo\":{\"@type\":\"ImageObject\",\"inLanguage\":\"en-US\",\"@id\":\"https:\/\/hobbykitchen.es\/#\/schema\/logo\/image\/\",\"url\":\"https:\/\/i0.wp.com\/hobbykitchen.es\/wp-content\/uploads\/LOGO-HOBBY-KITCHEN.jpeg?fit=1080%2C1080&ssl=1\",\"contentUrl\":\"https:\/\/i0.wp.com\/hobbykitchen.es\/wp-content\/uploads\/LOGO-HOBBY-KITCHEN.jpeg?fit=1080%2C1080&ssl=1\",\"width\":1080,\"height\":1080,\"caption\":\"Hobby Kitchen Escuela de Cocina y Salud\"},\"image\":{\"@id\":\"https:\/\/hobbykitchen.es\/#\/schema\/logo\/image\/\"},\"sameAs\":[\"https:\/\/www.facebook.com\/hobbykitchen.madrid\/\",\"https:\/\/www.linkedin.com\/in\/elena-de-tapia-ruano-b72884100\/\",\"https:\/\/www.youtube.com\/channel\/UCU7KnuYzuPtdsayAOsWkGkg\/about\",\"https:\/\/www.instagram.com\/hobbykitchen.madrid\/\"]}]}<\/script>\n<!-- \/ Yoast SEO plugin. -->","yoast_head_json":{"title":"PRUEBA ONLINE PRESUPUESTO PERSONALIZADO PROFESORA DE COCINA - Hobby Kitchen","description":"ON LINE Profesora de cocina particular, aprende tu propio batch cooking con el m\u00e9todo \"Cocina sin cocina\" de Hobby Kitchen.","robots":{"index":"index","follow":"follow","max-snippet":"max-snippet:-1","max-image-preview":"max-image-preview:large","max-video-preview":"max-video-preview:-1"},"canonical":"https:\/\/hobbykitchen.es\/en\/product\/chef-a-domicilio-cocinera-profesional-profesora-particular-copia\/","og_locale":"en_US","og_type":"article","og_title":"PRUEBA ONLINE PRESUPUESTO PERSONALIZADO PROFESORA DE COCINA - Hobby Kitchen","og_description":"ON LINE Profesora de cocina particular, aprende tu propio batch cooking con el m\u00e9todo \"Cocina sin cocina\" de Hobby Kitchen.","og_url":"https:\/\/hobbykitchen.es\/en\/product\/chef-a-domicilio-cocinera-profesional-profesora-particular-copia\/","og_site_name":"Hobby Kitchen","article_publisher":"https:\/\/www.facebook.com\/hobbykitchen.madrid\/","article_modified_time":"2024-03-07T09:29:51+00:00","og_image":[{"width":600,"height":600,"url":"https:\/\/hobbykitchen.es\/wp-content\/uploads\/Elena-Tapia-tutor-nutricionaal.jpg","type":"image\/jpeg"}],"twitter_card":"summary_large_image","twitter_misc":{"Est. reading time":"3 minutes"},"schema":{"@context":"https:\/\/schema.org","@graph":[{"@type":"WebPage","@id":"https:\/\/hobbykitchen.es\/producto\/chef-a-domicilio-cocinera-profesional-profesora-particular-copia\/","url":"https:\/\/hobbykitchen.es\/producto\/chef-a-domicilio-cocinera-profesional-profesora-particular-copia\/","name":"PRUEBA ONLINE PRESUPUESTO PERSONALIZADO PROFESORA DE COCINA - Hobby Kitchen","isPartOf":{"@id":"https:\/\/hobbykitchen.es\/#website"},"primaryImageOfPage":{"@id":"https:\/\/hobbykitchen.es\/producto\/chef-a-domicilio-cocinera-profesional-profesora-particular-copia\/#primaryimage"},"image":{"@id":"https:\/\/hobbykitchen.es\/producto\/chef-a-domicilio-cocinera-profesional-profesora-particular-copia\/#primaryimage"},"thumbnailUrl":"https:\/\/i0.wp.com\/hobbykitchen.es\/wp-content\/uploads\/Elena-Tapia-tutor-nutricionaal.jpg?fit=600%2C600&ssl=1","datePublished":"2019-11-29T12:24:57+00:00","dateModified":"2024-03-07T09:29:51+00:00","description":"ON LINE Profesora de cocina particular, aprende tu propio batch cooking con el m\u00e9todo \"Cocina sin cocina\" de Hobby Kitchen.","breadcrumb":{"@id":"https:\/\/hobbykitchen.es\/producto\/chef-a-domicilio-cocinera-profesional-profesora-particular-copia\/#breadcrumb"},"inLanguage":"en-US","potentialAction":[{"@type":"ReadAction","target":["https:\/\/hobbykitchen.es\/producto\/chef-a-domicilio-cocinera-profesional-profesora-particular-copia\/"]}]},{"@type":"ImageObject","inLanguage":"en-US","@id":"https:\/\/hobbykitchen.es\/producto\/chef-a-domicilio-cocinera-profesional-profesora-particular-copia\/#primaryimage","url":"https:\/\/i0.wp.com\/hobbykitchen.es\/wp-content\/uploads\/Elena-Tapia-tutor-nutricionaal.jpg?fit=600%2C600&ssl=1","contentUrl":"https:\/\/i0.wp.com\/hobbykitchen.es\/wp-content\/uploads\/Elena-Tapia-tutor-nutricionaal.jpg?fit=600%2C600&ssl=1","width":600,"height":600},{"@type":"BreadcrumbList","@id":"https:\/\/hobbykitchen.es\/producto\/chef-a-domicilio-cocinera-profesional-profesora-particular-copia\/#breadcrumb","itemListElement":[{"@type":"ListItem","position":1,"name":"Portada","item":"https:\/\/hobbykitchen.es\/"},{"@type":"ListItem","position":2,"name":"Tienda","item":"https:\/\/hobbykitchen.es\/tienda\/"},{"@type":"ListItem","position":3,"name":"PRUEBA ONLINE PRESUPUESTO PERSONALIZADO PROFESORA DE COCINA"}]},{"@type":"WebSite","@id":"https:\/\/hobbykitchen.es\/#website","url":"https:\/\/hobbykitchen.es\/","name":"Hobby Kitchen","description":"Cooking and Health School","publisher":{"@id":"https:\/\/hobbykitchen.es\/#organization"},"potentialAction":[{"@type":"SearchAction","target":{"@type":"EntryPoint","urlTemplate":"https:\/\/hobbykitchen.es\/?s={search_term_string}"},"query-input":{"@type":"PropertyValueSpecification","valueRequired":true,"valueName":"search_term_string"}}],"inLanguage":"en-US"},{"@type":"Organization","@id":"https:\/\/hobbykitchen.es\/#organization","name":"Hobby Kitchen Escuela de Cocina y Salud","url":"https:\/\/hobbykitchen.es\/","logo":{"@type":"ImageObject","inLanguage":"en-US","@id":"https:\/\/hobbykitchen.es\/#\/schema\/logo\/image\/","url":"https:\/\/i0.wp.com\/hobbykitchen.es\/wp-content\/uploads\/LOGO-HOBBY-KITCHEN.jpeg?fit=1080%2C1080&ssl=1","contentUrl":"https:\/\/i0.wp.com\/hobbykitchen.es\/wp-content\/uploads\/LOGO-HOBBY-KITCHEN.jpeg?fit=1080%2C1080&ssl=1","width":1080,"height":1080,"caption":"Hobby Kitchen Escuela de Cocina y Salud"},"image":{"@id":"https:\/\/hobbykitchen.es\/#\/schema\/logo\/image\/"},"sameAs":["https:\/\/www.facebook.com\/hobbykitchen.madrid\/","https:\/\/www.linkedin.com\/in\/elena-de-tapia-ruano-b72884100\/","https:\/\/www.youtube.com\/channel\/UCU7KnuYzuPtdsayAOsWkGkg\/about","https:\/\/www.instagram.com\/hobbykitchen.madrid\/"]}]}},"jetpack_sharing_enabled":true,"_links":{"self":[{"href":"https:\/\/hobbykitchen.es\/en\/wp-json\/wp\/v2\/product\/1790","targetHints":{"allow":["GET"]}}],"collection":[{"href":"https:\/\/hobbykitchen.es\/en\/wp-json\/wp\/v2\/product"}],"about":[{"href":"https:\/\/hobbykitchen.es\/en\/wp-json\/wp\/v2\/types\/product"}],"replies":[{"embeddable":true,"href":"https:\/\/hobbykitchen.es\/en\/wp-json\/wp\/v2\/comments?post=1790"}],"wp:featuredmedia":[{"embeddable":true,"href":"https:\/\/hobbykitchen.es\/en\/wp-json\/wp\/v2\/media\/132"}],"wp:attachment":[{"href":"https:\/\/hobbykitchen.es\/en\/wp-json\/wp\/v2\/media?parent=1790"}],"wp:term":[{"taxonomy":"product_brand","embeddable":true,"href":"https:\/\/hobbykitchen.es\/en\/wp-json\/wp\/v2\/product_brand?post=1790"},{"taxonomy":"product_cat","embeddable":true,"href":"https:\/\/hobbykitchen.es\/en\/wp-json\/wp\/v2\/product_cat?post=1790"},{"taxonomy":"product_tag","embeddable":true,"href":"https:\/\/hobbykitchen.es\/en\/wp-json\/wp\/v2\/product_tag?post=1790"}],"curies":[{"name":"wp","href":"https:\/\/api.w.org\/{rel}","templated":true}]}}