{"id":7014,"date":"2024-10-23T19:50:30","date_gmt":"2024-10-23T17:50:30","guid":{"rendered":"https:\/\/hobbykitchen.es\/?page_id=7014"},"modified":"2024-12-03T09:33:41","modified_gmt":"2024-12-03T08:33:41","slug":"comete-un-cuento","status":"publish","type":"page","link":"https:\/\/hobbykitchen.es\/en\/comete-un-cuento\/","title":{"rendered":"C\u00f3mete un cuento"},"content":{"rendered":"<div data-elementor-type=\"wp-page\" data-elementor-id=\"7014\" class=\"elementor elementor-7014\">\n\t\t\t\t<div class=\"elementor-element elementor-element-cb3a092 e-con-full e-flex e-con e-parent\" data-id=\"cb3a092\" data-element_type=\"container\">\n\t\t\t\t<div class=\"elementor-element elementor-element-7e9ede6 elementor-widget elementor-widget-image\" data-id=\"7e9ede6\" data-element_type=\"widget\" data-widget_type=\"image.default\">\n\t\t\t\t<div class=\"elementor-widget-container\">\n\t\t\t\t\t\t\t\t\t\t\t\t\t\t\t<img fetchpriority=\"high\" decoding=\"async\" data-attachment-id=\"7023\" data-permalink=\"https:\/\/hobbykitchen.es\/en\/comete-un-cuento\/comete-un-cuento-2-2\/\" data-orig-file=\"https:\/\/i0.wp.com\/hobbykitchen.es\/wp-content\/uploads\/Comete-un-cuento-2-1.png?fit=2000%2C500&amp;ssl=1\" data-orig-size=\"2000,500\" data-comments-opened=\"0\" data-image-meta=\"{&quot;aperture&quot;:&quot;0&quot;,&quot;credit&quot;:&quot;&quot;,&quot;camera&quot;:&quot;&quot;,&quot;caption&quot;:&quot;&quot;,&quot;created_timestamp&quot;:&quot;0&quot;,&quot;copyright&quot;:&quot;&quot;,&quot;focal_length&quot;:&quot;0&quot;,&quot;iso&quot;:&quot;0&quot;,&quot;shutter_speed&quot;:&quot;0&quot;,&quot;title&quot;:&quot;&quot;,&quot;orientation&quot;:&quot;0&quot;}\" data-image-title=\"Comete un cuento (2)\" data-image-description=\"\" data-image-caption=\"\" data-medium-file=\"https:\/\/i0.wp.com\/hobbykitchen.es\/wp-content\/uploads\/Comete-un-cuento-2-1.png?fit=300%2C75&amp;ssl=1\" data-large-file=\"https:\/\/i0.wp.com\/hobbykitchen.es\/wp-content\/uploads\/Comete-un-cuento-2-1.png?fit=1024%2C256&amp;ssl=1\" width=\"600\" height=\"150\" src=\"https:\/\/i0.wp.com\/hobbykitchen.es\/wp-content\/uploads\/Comete-un-cuento-2-1.png?fit=600%2C150&amp;ssl=1\" class=\"attachment-woocommerce_single size-woocommerce_single wp-image-7023\" alt=\"\" srcset=\"https:\/\/i0.wp.com\/hobbykitchen.es\/wp-content\/uploads\/Comete-un-cuento-2-1.png?w=2000&amp;ssl=1 2000w, https:\/\/i0.wp.com\/hobbykitchen.es\/wp-content\/uploads\/Comete-un-cuento-2-1.png?resize=300%2C75&amp;ssl=1 300w, https:\/\/i0.wp.com\/hobbykitchen.es\/wp-content\/uploads\/Comete-un-cuento-2-1.png?resize=1024%2C256&amp;ssl=1 1024w, https:\/\/i0.wp.com\/hobbykitchen.es\/wp-content\/uploads\/Comete-un-cuento-2-1.png?resize=768%2C192&amp;ssl=1 768w, https:\/\/i0.wp.com\/hobbykitchen.es\/wp-content\/uploads\/Comete-un-cuento-2-1.png?resize=1536%2C384&amp;ssl=1 1536w, https:\/\/i0.wp.com\/hobbykitchen.es\/wp-content\/uploads\/Comete-un-cuento-2-1.png?resize=18%2C5&amp;ssl=1 18w, https:\/\/i0.wp.com\/hobbykitchen.es\/wp-content\/uploads\/Comete-un-cuento-2-1.png?resize=600%2C150&amp;ssl=1 600w\" sizes=\"(max-width: 600px) 100vw, 600px\" \/>\t\t\t\t\t\t\t\t\t\t\t\t\t\t\t<\/div>\n\t\t\t\t<\/div>\n\t\t\t\t<\/div>\n\t\t<div class=\"elementor-element elementor-element-179e912 e-flex e-con-boxed e-con e-parent\" data-id=\"179e912\" data-element_type=\"container\">\n\t\t\t\t\t<div class=\"e-con-inner\">\n\t\t\t\t<div class=\"elementor-element elementor-element-b76d0df elementor-widget elementor-widget-image\" data-id=\"b76d0df\" data-element_type=\"widget\" data-widget_type=\"image.default\">\n\t\t\t\t<div class=\"elementor-widget-container\">\n\t\t\t\t\t\t\t\t\t\t\t\t\t\t\t<img decoding=\"async\" data-attachment-id=\"7020\" data-permalink=\"https:\/\/hobbykitchen.es\/en\/comete-un-cuento\/copia-de-comete-un-cuento-1\/\" data-orig-file=\"https:\/\/i0.wp.com\/hobbykitchen.es\/wp-content\/uploads\/Copia-de-Comete-un-Cuento-1.png?fit=1080%2C500&amp;ssl=1\" data-orig-size=\"1080,500\" data-comments-opened=\"0\" data-image-meta=\"{&quot;aperture&quot;:&quot;0&quot;,&quot;credit&quot;:&quot;&quot;,&quot;camera&quot;:&quot;&quot;,&quot;caption&quot;:&quot;&quot;,&quot;created_timestamp&quot;:&quot;0&quot;,&quot;copyright&quot;:&quot;&quot;,&quot;focal_length&quot;:&quot;0&quot;,&quot;iso&quot;:&quot;0&quot;,&quot;shutter_speed&quot;:&quot;0&quot;,&quot;title&quot;:&quot;&quot;,&quot;orientation&quot;:&quot;0&quot;}\" data-image-title=\"Copia de Comete un Cuento (1)\" data-image-description=\"\" data-image-caption=\"\" data-medium-file=\"https:\/\/i0.wp.com\/hobbykitchen.es\/wp-content\/uploads\/Copia-de-Comete-un-Cuento-1.png?fit=300%2C139&amp;ssl=1\" data-large-file=\"https:\/\/i0.wp.com\/hobbykitchen.es\/wp-content\/uploads\/Copia-de-Comete-un-Cuento-1.png?fit=1024%2C474&amp;ssl=1\" width=\"1024\" height=\"474\" src=\"https:\/\/i0.wp.com\/hobbykitchen.es\/wp-content\/uploads\/Copia-de-Comete-un-Cuento-1.png?fit=1024%2C474&amp;ssl=1\" class=\"attachment-large size-large wp-image-7020\" alt=\"\" srcset=\"https:\/\/i0.wp.com\/hobbykitchen.es\/wp-content\/uploads\/Copia-de-Comete-un-Cuento-1.png?w=1080&amp;ssl=1 1080w, https:\/\/i0.wp.com\/hobbykitchen.es\/wp-content\/uploads\/Copia-de-Comete-un-Cuento-1.png?resize=300%2C139&amp;ssl=1 300w, https:\/\/i0.wp.com\/hobbykitchen.es\/wp-content\/uploads\/Copia-de-Comete-un-Cuento-1.png?resize=1024%2C474&amp;ssl=1 1024w, https:\/\/i0.wp.com\/hobbykitchen.es\/wp-content\/uploads\/Copia-de-Comete-un-Cuento-1.png?resize=768%2C356&amp;ssl=1 768w, https:\/\/i0.wp.com\/hobbykitchen.es\/wp-content\/uploads\/Copia-de-Comete-un-Cuento-1.png?resize=18%2C8&amp;ssl=1 18w, https:\/\/i0.wp.com\/hobbykitchen.es\/wp-content\/uploads\/Copia-de-Comete-un-Cuento-1.png?resize=600%2C278&amp;ssl=1 600w\" sizes=\"(max-width: 1000px) 100vw, 1000px\" \/>\t\t\t\t\t\t\t\t\t\t\t\t\t\t\t<\/div>\n\t\t\t\t<\/div>\n\t\t\t\t\t<\/div>\n\t\t\t\t<\/div>\n\t\t<div class=\"elementor-element elementor-element-3a08977 e-con-full e-flex e-con e-parent\" data-id=\"3a08977\" data-element_type=\"container\">\n\t\t\t\t<div class=\"elementor-element elementor-element-34c7ddd elementor-widget elementor-widget-heading\" data-id=\"34c7ddd\" data-element_type=\"widget\" data-widget_type=\"heading.default\">\n\t\t\t\t<div class=\"elementor-widget-container\">\n\t\t\t\t\t<h2 class=\"elementor-heading-title elementor-size-default\">Nos complace anunciar el lanzamiento de un innovador programa educativo enfocado en ense\u00f1ar a los ni\u00f1@s, adolescentes y estudiantes a cocinar de manera saludable, utilizando ingredientes comunes que se encuentran en cualquier despensa.<\/h2>\t\t\t\t<\/div>\n\t\t\t\t<\/div>\n\t\t\t\t<\/div>\n\t\t<div class=\"elementor-element elementor-element-58901c4 e-grid e-con-full e-con e-parent\" data-id=\"58901c4\" data-element_type=\"container\" data-settings=\"{&quot;background_background&quot;:&quot;classic&quot;}\">\n\t\t\t\t<div class=\"elementor-element elementor-element-ff4660c elementor-widget elementor-widget-heading\" data-id=\"ff4660c\" data-element_type=\"widget\" data-widget_type=\"heading.default\">\n\t\t\t\t<div class=\"elementor-widget-container\">\n\t\t\t\t\t<h2 class=\"elementor-heading-title elementor-size-default\">\u00bfQu\u00e9 ofrecemos?<br>\u2714\ufe0f Clases presenciales y online, adaptables a diversas necesidades.<br>\u2714\ufe0f Fomentamos h\u00e1bitos alimenticios saludables y sostenibles en el tiempo.<br>\u2714\ufe0f Inclusi\u00f3n de Chef Helen y Chef Tommy, dos marionetas que no solo gu\u00edan a los alumnos en la cocina, sino que tambi\u00e9n les ense\u00f1an habilidades para el manejo de emociones en un entorno l\u00fadico y seguro.<\/h2>\t\t\t\t<\/div>\n\t\t\t\t<\/div>\n\t\t\t\t<div class=\"elementor-element elementor-element-778bdbf elementor-widget elementor-widget-image\" data-id=\"778bdbf\" data-element_type=\"widget\" data-widget_type=\"image.default\">\n\t\t\t\t<div class=\"elementor-widget-container\">\n\t\t\t\t\t\t\t\t\t\t\t\t\t\t\t<img decoding=\"async\" data-attachment-id=\"7027\" data-permalink=\"https:\/\/hobbykitchen.es\/en\/comete-un-cuento\/chef-helen-y-chef-tommy\/\" data-orig-file=\"https:\/\/i0.wp.com\/hobbykitchen.es\/wp-content\/uploads\/Chef-Helen-y-Chef-Tommy.png?fit=300%2C300&amp;ssl=1\" data-orig-size=\"300,300\" data-comments-opened=\"0\" data-image-meta=\"{&quot;aperture&quot;:&quot;0&quot;,&quot;credit&quot;:&quot;&quot;,&quot;camera&quot;:&quot;&quot;,&quot;caption&quot;:&quot;&quot;,&quot;created_timestamp&quot;:&quot;0&quot;,&quot;copyright&quot;:&quot;&quot;,&quot;focal_length&quot;:&quot;0&quot;,&quot;iso&quot;:&quot;0&quot;,&quot;shutter_speed&quot;:&quot;0&quot;,&quot;title&quot;:&quot;&quot;,&quot;orientation&quot;:&quot;0&quot;}\" data-image-title=\"Chef Helen y Chef Tommy\" data-image-description=\"\" data-image-caption=\"\" data-medium-file=\"https:\/\/i0.wp.com\/hobbykitchen.es\/wp-content\/uploads\/Chef-Helen-y-Chef-Tommy.png?fit=300%2C300&amp;ssl=1\" data-large-file=\"https:\/\/i0.wp.com\/hobbykitchen.es\/wp-content\/uploads\/Chef-Helen-y-Chef-Tommy.png?fit=300%2C300&amp;ssl=1\" width=\"300\" height=\"300\" src=\"https:\/\/i0.wp.com\/hobbykitchen.es\/wp-content\/uploads\/Chef-Helen-y-Chef-Tommy.png?fit=300%2C300&amp;ssl=1\" class=\"attachment-medium_large size-medium_large wp-image-7027\" alt=\"\" srcset=\"https:\/\/i0.wp.com\/hobbykitchen.es\/wp-content\/uploads\/Chef-Helen-y-Chef-Tommy.png?w=300&amp;ssl=1 300w, https:\/\/i0.wp.com\/hobbykitchen.es\/wp-content\/uploads\/Chef-Helen-y-Chef-Tommy.png?resize=150%2C150&amp;ssl=1 150w, https:\/\/i0.wp.com\/hobbykitchen.es\/wp-content\/uploads\/Chef-Helen-y-Chef-Tommy.png?resize=12%2C12&amp;ssl=1 12w, https:\/\/i0.wp.com\/hobbykitchen.es\/wp-content\/uploads\/Chef-Helen-y-Chef-Tommy.png?resize=100%2C100&amp;ssl=1 100w\" sizes=\"(max-width: 300px) 100vw, 300px\" \/>\t\t\t\t\t\t\t\t\t\t\t\t\t\t\t<\/div>\n\t\t\t\t<\/div>\n\t\t\t\t<\/div>\n\t\t<div class=\"elementor-element elementor-element-33fd1e7 e-con-full e-flex e-con e-parent\" data-id=\"33fd1e7\" data-element_type=\"container\" data-settings=\"{&quot;background_background&quot;:&quot;classic&quot;}\">\n\t\t\t\t<div class=\"elementor-element elementor-element-d472261 elementor-widget elementor-widget-heading\" data-id=\"d472261\" data-element_type=\"widget\" data-widget_type=\"heading.default\">\n\t\t\t\t<div class=\"elementor-widget-container\">\n\t\t\t\t\t<h2 class=\"elementor-heading-title elementor-size-default\"><b>\u00bfA qui\u00e9n est\u00e1 dirigido?<br><\/b>Este programa es ideal para colegios, municipios y organizaciones interesadas en incluir actividades que promuevan un estilo de vida saludable y el bienestar emocional de los m\u00e1s j\u00f3venes. Nuestras clases adem\u00e1s de ense\u00f1ar a cocinar, tambi\u00e9n desarrollan habilidades importantes como la creatividad, el trabajo en equipo y la autogesti\u00f3n emocional.<\/h2>\t\t\t\t<\/div>\n\t\t\t\t<\/div>\n\t\t\t\t<\/div>\n\t\t\t\t<\/div>","protected":false},"excerpt":{"rendered":"<p>Nos complace anunciar el lanzamiento de un innovador programa educativo enfocado en ense\u00f1ar a los ni\u00f1@s, adolescentes y estudiantes a cocinar de manera saludable, utilizando ingredientes comunes que se encuentran en cualquier despensa. \u00bfQu\u00e9 ofrecemos?\u2714\ufe0f Clases presenciales y online, adaptables a diversas necesidades.\u2714\ufe0f Fomentamos h\u00e1bitos alimenticios saludables y sostenibles en el tiempo.\u2714\ufe0f Inclusi\u00f3n de Chef [&hellip;]<\/p>","protected":false},"author":2,"featured_media":0,"parent":0,"menu_order":0,"comment_status":"closed","ping_status":"closed","template":"","meta":{"_acf_changed":false,"footnotes":""},"class_list":["post-7014","page","type-page","status-publish","hentry"],"acf":[],"yoast_head":"<!-- This site is optimized with the Yoast SEO plugin v25.9 - https:\/\/yoast.com\/wordpress\/plugins\/seo\/ -->\n<title>C\u00f3mete un cuento - Hobby Kitchen<\/title>\n<meta name=\"robots\" content=\"index, follow, max-snippet:-1, max-image-preview:large, max-video-preview:-1\" \/>\n<link rel=\"canonical\" href=\"https:\/\/hobbykitchen.es\/en\/comete-un-cuento\/\" \/>\n<meta property=\"og:locale\" content=\"en_US\" \/>\n<meta property=\"og:type\" content=\"article\" \/>\n<meta property=\"og:title\" content=\"C\u00f3mete un cuento - Hobby Kitchen\" \/>\n<meta property=\"og:description\" content=\"Nos complace anunciar el lanzamiento de un innovador programa educativo enfocado en ense\u00f1ar a los ni\u00f1@s, adolescentes y estudiantes a cocinar de manera saludable, utilizando ingredientes comunes que se encuentran en cualquier despensa. \u00bfQu\u00e9 ofrecemos?\u2714\ufe0f Clases presenciales y online, adaptables a diversas necesidades.\u2714\ufe0f Fomentamos h\u00e1bitos alimenticios saludables y sostenibles en el tiempo.\u2714\ufe0f Inclusi\u00f3n de Chef [&hellip;]\" \/>\n<meta property=\"og:url\" content=\"https:\/\/hobbykitchen.es\/en\/comete-un-cuento\/\" \/>\n<meta property=\"og:site_name\" content=\"Hobby Kitchen\" \/>\n<meta property=\"article:publisher\" content=\"https:\/\/www.facebook.com\/hobbykitchen.madrid\/\" \/>\n<meta property=\"article:modified_time\" content=\"2024-12-03T08:33:41+00:00\" \/>\n<meta property=\"og:image\" content=\"https:\/\/hobbykitchen.es\/wp-content\/uploads\/Comete-un-cuento-2-1-600x150.png\" \/>\n<meta name=\"twitter:card\" content=\"summary_large_image\" \/>\n<meta name=\"twitter:label1\" content=\"Est. reading time\" \/>\n\t<meta name=\"twitter:data1\" content=\"2 minutes\" \/>\n<script type=\"application\/ld+json\" class=\"yoast-schema-graph\">{\"@context\":\"https:\/\/schema.org\",\"@graph\":[{\"@type\":\"WebPage\",\"@id\":\"https:\/\/hobbykitchen.es\/comete-un-cuento\/\",\"url\":\"https:\/\/hobbykitchen.es\/comete-un-cuento\/\",\"name\":\"C\u00f3mete un cuento - Hobby Kitchen\",\"isPartOf\":{\"@id\":\"https:\/\/hobbykitchen.es\/#website\"},\"primaryImageOfPage\":{\"@id\":\"https:\/\/hobbykitchen.es\/comete-un-cuento\/#primaryimage\"},\"image\":{\"@id\":\"https:\/\/hobbykitchen.es\/comete-un-cuento\/#primaryimage\"},\"thumbnailUrl\":\"https:\/\/hobbykitchen.es\/wp-content\/uploads\/Comete-un-cuento-2-1-600x150.png\",\"datePublished\":\"2024-10-23T17:50:30+00:00\",\"dateModified\":\"2024-12-03T08:33:41+00:00\",\"breadcrumb\":{\"@id\":\"https:\/\/hobbykitchen.es\/comete-un-cuento\/#breadcrumb\"},\"inLanguage\":\"en-US\",\"potentialAction\":[{\"@type\":\"ReadAction\",\"target\":[\"https:\/\/hobbykitchen.es\/comete-un-cuento\/\"]}]},{\"@type\":\"ImageObject\",\"inLanguage\":\"en-US\",\"@id\":\"https:\/\/hobbykitchen.es\/comete-un-cuento\/#primaryimage\",\"url\":\"https:\/\/hobbykitchen.es\/wp-content\/uploads\/Comete-un-cuento-2-1-600x150.png\",\"contentUrl\":\"https:\/\/hobbykitchen.es\/wp-content\/uploads\/Comete-un-cuento-2-1-600x150.png\"},{\"@type\":\"BreadcrumbList\",\"@id\":\"https:\/\/hobbykitchen.es\/comete-un-cuento\/#breadcrumb\",\"itemListElement\":[{\"@type\":\"ListItem\",\"position\":1,\"name\":\"Portada\",\"item\":\"https:\/\/hobbykitchen.es\/\"},{\"@type\":\"ListItem\",\"position\":2,\"name\":\"C\u00f3mete un cuento\"}]},{\"@type\":\"WebSite\",\"@id\":\"https:\/\/hobbykitchen.es\/#website\",\"url\":\"https:\/\/hobbykitchen.es\/\",\"name\":\"Hobby Kitchen\",\"description\":\"Escuela de Cocina y Salud\",\"publisher\":{\"@id\":\"https:\/\/hobbykitchen.es\/#organization\"},\"potentialAction\":[{\"@type\":\"SearchAction\",\"target\":{\"@type\":\"EntryPoint\",\"urlTemplate\":\"https:\/\/hobbykitchen.es\/?s={search_term_string}\"},\"query-input\":{\"@type\":\"PropertyValueSpecification\",\"valueRequired\":true,\"valueName\":\"search_term_string\"}}],\"inLanguage\":\"en-US\"},{\"@type\":\"Organization\",\"@id\":\"https:\/\/hobbykitchen.es\/#organization\",\"name\":\"Hobby Kitchen Escuela de Cocina y Salud\",\"url\":\"https:\/\/hobbykitchen.es\/\",\"logo\":{\"@type\":\"ImageObject\",\"inLanguage\":\"en-US\",\"@id\":\"https:\/\/hobbykitchen.es\/#\/schema\/logo\/image\/\",\"url\":\"https:\/\/i0.wp.com\/hobbykitchen.es\/wp-content\/uploads\/LOGO-HOBBY-KITCHEN.jpeg?fit=1080%2C1080&ssl=1\",\"contentUrl\":\"https:\/\/i0.wp.com\/hobbykitchen.es\/wp-content\/uploads\/LOGO-HOBBY-KITCHEN.jpeg?fit=1080%2C1080&ssl=1\",\"width\":1080,\"height\":1080,\"caption\":\"Hobby Kitchen Escuela de Cocina y Salud\"},\"image\":{\"@id\":\"https:\/\/hobbykitchen.es\/#\/schema\/logo\/image\/\"},\"sameAs\":[\"https:\/\/www.facebook.com\/hobbykitchen.madrid\/\",\"https:\/\/www.linkedin.com\/in\/elena-de-tapia-ruano-b72884100\/\",\"https:\/\/www.youtube.com\/channel\/UCU7KnuYzuPtdsayAOsWkGkg\/about\",\"https:\/\/www.instagram.com\/hobbykitchen.madrid\/\"]}]}<\/script>\n<!-- \/ Yoast SEO plugin. -->","yoast_head_json":{"title":"C\u00f3mete un cuento - Hobby Kitchen","robots":{"index":"index","follow":"follow","max-snippet":"max-snippet:-1","max-image-preview":"max-image-preview:large","max-video-preview":"max-video-preview:-1"},"canonical":"https:\/\/hobbykitchen.es\/en\/comete-un-cuento\/","og_locale":"en_US","og_type":"article","og_title":"C\u00f3mete un cuento - Hobby Kitchen","og_description":"Nos complace anunciar el lanzamiento de un innovador programa educativo enfocado en ense\u00f1ar a los ni\u00f1@s, adolescentes y estudiantes a cocinar de manera saludable, utilizando ingredientes comunes que se encuentran en cualquier despensa. \u00bfQu\u00e9 ofrecemos?\u2714\ufe0f Clases presenciales y online, adaptables a diversas necesidades.\u2714\ufe0f Fomentamos h\u00e1bitos alimenticios saludables y sostenibles en el tiempo.\u2714\ufe0f Inclusi\u00f3n de Chef [&hellip;]","og_url":"https:\/\/hobbykitchen.es\/en\/comete-un-cuento\/","og_site_name":"Hobby Kitchen","article_publisher":"https:\/\/www.facebook.com\/hobbykitchen.madrid\/","article_modified_time":"2024-12-03T08:33:41+00:00","og_image":[{"url":"https:\/\/hobbykitchen.es\/wp-content\/uploads\/Comete-un-cuento-2-1-600x150.png","type":"","width":"","height":""}],"twitter_card":"summary_large_image","twitter_misc":{"Est. reading time":"2 minutes"},"schema":{"@context":"https:\/\/schema.org","@graph":[{"@type":"WebPage","@id":"https:\/\/hobbykitchen.es\/comete-un-cuento\/","url":"https:\/\/hobbykitchen.es\/comete-un-cuento\/","name":"C\u00f3mete un cuento - Hobby Kitchen","isPartOf":{"@id":"https:\/\/hobbykitchen.es\/#website"},"primaryImageOfPage":{"@id":"https:\/\/hobbykitchen.es\/comete-un-cuento\/#primaryimage"},"image":{"@id":"https:\/\/hobbykitchen.es\/comete-un-cuento\/#primaryimage"},"thumbnailUrl":"https:\/\/hobbykitchen.es\/wp-content\/uploads\/Comete-un-cuento-2-1-600x150.png","datePublished":"2024-10-23T17:50:30+00:00","dateModified":"2024-12-03T08:33:41+00:00","breadcrumb":{"@id":"https:\/\/hobbykitchen.es\/comete-un-cuento\/#breadcrumb"},"inLanguage":"en-US","potentialAction":[{"@type":"ReadAction","target":["https:\/\/hobbykitchen.es\/comete-un-cuento\/"]}]},{"@type":"ImageObject","inLanguage":"en-US","@id":"https:\/\/hobbykitchen.es\/comete-un-cuento\/#primaryimage","url":"https:\/\/hobbykitchen.es\/wp-content\/uploads\/Comete-un-cuento-2-1-600x150.png","contentUrl":"https:\/\/hobbykitchen.es\/wp-content\/uploads\/Comete-un-cuento-2-1-600x150.png"},{"@type":"BreadcrumbList","@id":"https:\/\/hobbykitchen.es\/comete-un-cuento\/#breadcrumb","itemListElement":[{"@type":"ListItem","position":1,"name":"Portada","item":"https:\/\/hobbykitchen.es\/"},{"@type":"ListItem","position":2,"name":"C\u00f3mete un cuento"}]},{"@type":"WebSite","@id":"https:\/\/hobbykitchen.es\/#website","url":"https:\/\/hobbykitchen.es\/","name":"Hobby Kitchen","description":"Cooking and Health School","publisher":{"@id":"https:\/\/hobbykitchen.es\/#organization"},"potentialAction":[{"@type":"SearchAction","target":{"@type":"EntryPoint","urlTemplate":"https:\/\/hobbykitchen.es\/?s={search_term_string}"},"query-input":{"@type":"PropertyValueSpecification","valueRequired":true,"valueName":"search_term_string"}}],"inLanguage":"en-US"},{"@type":"Organization","@id":"https:\/\/hobbykitchen.es\/#organization","name":"Hobby Kitchen Escuela de Cocina y Salud","url":"https:\/\/hobbykitchen.es\/","logo":{"@type":"ImageObject","inLanguage":"en-US","@id":"https:\/\/hobbykitchen.es\/#\/schema\/logo\/image\/","url":"https:\/\/i0.wp.com\/hobbykitchen.es\/wp-content\/uploads\/LOGO-HOBBY-KITCHEN.jpeg?fit=1080%2C1080&ssl=1","contentUrl":"https:\/\/i0.wp.com\/hobbykitchen.es\/wp-content\/uploads\/LOGO-HOBBY-KITCHEN.jpeg?fit=1080%2C1080&ssl=1","width":1080,"height":1080,"caption":"Hobby Kitchen Escuela de Cocina y Salud"},"image":{"@id":"https:\/\/hobbykitchen.es\/#\/schema\/logo\/image\/"},"sameAs":["https:\/\/www.facebook.com\/hobbykitchen.madrid\/","https:\/\/www.linkedin.com\/in\/elena-de-tapia-ruano-b72884100\/","https:\/\/www.youtube.com\/channel\/UCU7KnuYzuPtdsayAOsWkGkg\/about","https:\/\/www.instagram.com\/hobbykitchen.madrid\/"]}]}},"jetpack_sharing_enabled":true,"jetpack_shortlink":"https:\/\/wp.me\/Pfu27P-1P8","_links":{"self":[{"href":"https:\/\/hobbykitchen.es\/en\/wp-json\/wp\/v2\/pages\/7014","targetHints":{"allow":["GET"]}}],"collection":[{"href":"https:\/\/hobbykitchen.es\/en\/wp-json\/wp\/v2\/pages"}],"about":[{"href":"https:\/\/hobbykitchen.es\/en\/wp-json\/wp\/v2\/types\/page"}],"author":[{"embeddable":true,"href":"https:\/\/hobbykitchen.es\/en\/wp-json\/wp\/v2\/users\/2"}],"replies":[{"embeddable":true,"href":"https:\/\/hobbykitchen.es\/en\/wp-json\/wp\/v2\/comments?post=7014"}],"version-history":[{"count":14,"href":"https:\/\/hobbykitchen.es\/en\/wp-json\/wp\/v2\/pages\/7014\/revisions"}],"predecessor-version":[{"id":7093,"href":"https:\/\/hobbykitchen.es\/en\/wp-json\/wp\/v2\/pages\/7014\/revisions\/7093"}],"wp:attachment":[{"href":"https:\/\/hobbykitchen.es\/en\/wp-json\/wp\/v2\/media?parent=7014"}],"curies":[{"name":"wp","href":"https:\/\/api.w.org\/{rel}","templated":true}]}}