{"id":6690,"date":"2024-02-15T17:19:20","date_gmt":"2024-02-15T16:19:20","guid":{"rendered":"https:\/\/hobbykitchen.es\/?page_id=6690"},"modified":"2024-02-19T18:33:54","modified_gmt":"2024-02-19T17:33:54","slug":"descarga-recurso-gratuito","status":"publish","type":"page","link":"https:\/\/hobbykitchen.es\/en\/cursos-de-cocina\/descarga-recurso-gratuito\/","title":{"rendered":"Descarga recurso gratuito"},"content":{"rendered":"<div style=\"height:47px\" aria-hidden=\"true\" class=\"wp-block-spacer\"><\/div>\n\n\n\n<h2 class=\"wp-block-heading has-text-align-center\">Download your weekly menu<\/h2>\n\n\n\n<div style=\"height:30px\" aria-hidden=\"true\" class=\"wp-block-spacer\"><\/div>\n\n\n\n<div class=\"wp-block-media-text is-stacked-on-mobile\" style=\"grid-template-columns:42% auto\"><figure class=\"wp-block-media-text__media\"><img data-recalc-dims=\"1\" fetchpriority=\"high\" decoding=\"async\" width=\"724\" height=\"1024\" data-attachment-id=\"6703\" data-permalink=\"https:\/\/hobbykitchen.es\/en\/menu-semanal-hk-2\/\" data-orig-file=\"https:\/\/i0.wp.com\/hobbykitchen.es\/wp-content\/uploads\/Menu-semanal-HK.png?fit=1414%2C2000&amp;ssl=1\" data-orig-size=\"1414,2000\" data-comments-opened=\"0\" data-image-meta=\"{&quot;aperture&quot;:&quot;0&quot;,&quot;credit&quot;:&quot;&quot;,&quot;camera&quot;:&quot;&quot;,&quot;caption&quot;:&quot;&quot;,&quot;created_timestamp&quot;:&quot;0&quot;,&quot;copyright&quot;:&quot;&quot;,&quot;focal_length&quot;:&quot;0&quot;,&quot;iso&quot;:&quot;0&quot;,&quot;shutter_speed&quot;:&quot;0&quot;,&quot;title&quot;:&quot;&quot;,&quot;orientation&quot;:&quot;0&quot;}\" data-image-title=\"Menu-semanal-HK\" data-image-description=\"\" data-image-caption=\"\" data-medium-file=\"https:\/\/i0.wp.com\/hobbykitchen.es\/wp-content\/uploads\/Menu-semanal-HK.png?fit=212%2C300&amp;ssl=1\" data-large-file=\"https:\/\/i0.wp.com\/hobbykitchen.es\/wp-content\/uploads\/Menu-semanal-HK.png?fit=724%2C1024&amp;ssl=1\" src=\"https:\/\/i0.wp.com\/hobbykitchen.es\/wp-content\/uploads\/Menu-semanal-HK.png?resize=724%2C1024&#038;ssl=1\" alt=\"\" class=\"wp-image-6703 size-full\" srcset=\"https:\/\/i0.wp.com\/hobbykitchen.es\/wp-content\/uploads\/Menu-semanal-HK.png?resize=724%2C1024&amp;ssl=1 724w, https:\/\/i0.wp.com\/hobbykitchen.es\/wp-content\/uploads\/Menu-semanal-HK.png?resize=212%2C300&amp;ssl=1 212w, https:\/\/i0.wp.com\/hobbykitchen.es\/wp-content\/uploads\/Menu-semanal-HK.png?resize=768%2C1086&amp;ssl=1 768w, https:\/\/i0.wp.com\/hobbykitchen.es\/wp-content\/uploads\/Menu-semanal-HK.png?resize=1086%2C1536&amp;ssl=1 1086w, https:\/\/i0.wp.com\/hobbykitchen.es\/wp-content\/uploads\/Menu-semanal-HK.png?resize=600%2C849&amp;ssl=1 600w, https:\/\/i0.wp.com\/hobbykitchen.es\/wp-content\/uploads\/Menu-semanal-HK.png?w=1414&amp;ssl=1 1414w\" sizes=\"(max-width: 724px) 100vw, 724px\" \/><\/figure><div class=\"wp-block-media-text__content\">\n<p class=\"has-text-align-center\">Planifica tu semana con 12 recetas y nuestra plantilla de men\u00fa semanal rellenable para desayuno, comida y cena. Incluye lista de la compra con todos los ingredientes necesarios para elaborar las recetas.<\/p>\n\n\n\n<p class=\"has-text-align-center\"> <\/p>\n\n\n\n<p class=\"has-text-align-center\">\u00a1Mejora tu organizaci\u00f3n para mejorar tu alimentaci\u00f3n!<\/p>\n<\/div><\/div>\n\n\n\n<div style=\"height:8px\" aria-hidden=\"true\" class=\"wp-block-spacer\"><\/div>\n\n\n\n<p class=\"has-text-align-center\">Introduce tus datos a continuaci\u00f3n para descargar el documento completo:<\/p>\n\n\n\n<div style=\"height:10px\" aria-hidden=\"true\" class=\"wp-block-spacer\"><\/div>\n\n\n<style id=\"wpforms-css-vars-6677\">\n\t\t\t\t#wpforms-6677 {\n\t\t\t\t\n\t\t\t}\n\t\t\t<\/style><div class=\"wpforms-container wpforms-container-full wpf-center wpforms-render-modern\" id=\"wpforms-6677\"><form id=\"wpforms-form-6677\" class=\"wpforms-validate wpforms-form wpforms-ajax-form\" data-formid=\"6677\" method=\"post\" enctype=\"multipart\/form-data\" action=\"\/en\/wp-json\/wp\/v2\/pages\/6690\" data-token=\"b9879880dc8efa38a54ce98d63b20aeb\" data-token-time=\"1776306525\" data-trp-original-action=\"\/en\/wp-json\/wp\/v2\/pages\/6690\"><noscript class=\"wpforms-error-noscript\">Please enable JavaScript in your browser to complete this form.<\/noscript><div id=\"wpforms-error-noscript\" style=\"display: none;\">Please enable JavaScript in your browser to complete this form.<\/div><div class=\"wpforms-field-container\"><div id=\"wpforms-6677-field_1-container\" class=\"wpforms-field wpforms-field-name\" data-field-id=\"1\"><fieldset><legend class=\"wpforms-field-label\">Name <span class=\"wpforms-required-label\" aria-hidden=\"true\">*<\/span><\/legend><div class=\"wpforms-field-row wpforms-field-medium\"><div class=\"wpforms-field-row-block wpforms-first wpforms-one-half\"><input type=\"text\" id=\"wpforms-6677-field_1\" class=\"wpforms-field-name-first wpforms-field-required\" name=\"wpforms[fields][1][first]\" aria-errormessage=\"wpforms-6677-field_1-error\" required><label for=\"wpforms-6677-field_1\" class=\"wpforms-field-sublabel after\">First<\/label><\/div><div class=\"wpforms-field-row-block wpforms-one-half\"><input type=\"text\" id=\"wpforms-6677-field_1-last\" class=\"wpforms-field-name-last wpforms-field-required\" name=\"wpforms[fields][1][last]\" aria-errormessage=\"wpforms-6677-field_1-last-error\" required><label for=\"wpforms-6677-field_1-last\" class=\"wpforms-field-sublabel after\">Last<\/label><\/div><\/div><\/fieldset><\/div><div id=\"wpforms-6677-field_2-container\" class=\"wpforms-field wpforms-field-email\" data-field-id=\"2\"><label class=\"wpforms-field-label\" for=\"wpforms-6677-field_2\">Email <span class=\"wpforms-required-label\" aria-hidden=\"true\">*<\/span><\/label><input type=\"email\" id=\"wpforms-6677-field_2\" class=\"wpforms-field-medium wpforms-field-required\" name=\"wpforms[fields][2]\" spellcheck=\"false\" aria-errormessage=\"wpforms-6677-field_2-error\" required><\/div><\/div><!-- .wpforms-field-container --><div class=\"wpforms-submit-container\" ><input type=\"hidden\" name=\"wpforms[id]\" value=\"6677\"><input type=\"hidden\" name=\"page_title\" value=\"\"><input type=\"hidden\" name=\"page_url\" value=\"https:\/\/hobbykitchen.es\/en\/wp-json\/wp\/v2\/pages\/6690\"><input type=\"hidden\" name=\"url_referer\" value=\"\"><button type=\"submit\" name=\"wpforms[submit]\" id=\"wpforms-submit-6677\" class=\"wpforms-submit\" data-alt-text=\"Enviando\" data-submit-text=\"Enviar\" aria-live=\"assertive\" value=\"wpforms-submit\">Sent<\/button><img decoding=\"async\" src=\"https:\/\/hobbykitchen.es\/wp-content\/plugins\/wpforms-lite\/assets\/images\/submit-spin.svg\" class=\"wpforms-submit-spinner\" style=\"display: none;\" width=\"26\" height=\"26\" alt=\"Loading\"><\/div><input type=\"hidden\" name=\"trp-form-language\" value=\"en\"\/><\/form><\/div>  <!-- .wpforms-container -->","protected":false},"excerpt":{"rendered":"<p>Descarga tu men\u00fa semanal Planifica tu semana con 12 recetas y nuestra plantilla de men\u00fa semanal rellenable para desayuno, comida y cena. Incluye lista de la compra con todos los ingredientes necesarios para elaborar las recetas. \u00a1Mejora tu organizaci\u00f3n para mejorar tu alimentaci\u00f3n! Introduce tus datos a continuaci\u00f3n para descargar el documento completo:<\/p>","protected":false},"author":2,"featured_media":0,"parent":6327,"menu_order":0,"comment_status":"closed","ping_status":"closed","template":"","meta":{"_acf_changed":false,"footnotes":""},"class_list":["post-6690","page","type-page","status-publish","hentry"],"acf":[],"yoast_head":"<!-- This site is optimized with the Yoast SEO plugin v25.9 - https:\/\/yoast.com\/wordpress\/plugins\/seo\/ -->\n<title>Descarga recurso gratuito - Hobby Kitchen<\/title>\n<meta name=\"robots\" content=\"index, follow, max-snippet:-1, max-image-preview:large, max-video-preview:-1\" \/>\n<link rel=\"canonical\" href=\"https:\/\/hobbykitchen.es\/en\/cursos-de-cocina\/descarga-recurso-gratuito\/\" \/>\n<meta property=\"og:locale\" content=\"en_US\" \/>\n<meta property=\"og:type\" content=\"article\" \/>\n<meta property=\"og:title\" content=\"Descarga recurso gratuito - Hobby Kitchen\" \/>\n<meta property=\"og:description\" content=\"Descarga tu men\u00fa semanal Planifica tu semana con 12 recetas y nuestra plantilla de men\u00fa semanal rellenable para desayuno, comida y cena. Incluye lista de la compra con todos los ingredientes necesarios para elaborar las recetas. \u00a1Mejora tu organizaci\u00f3n para mejorar tu alimentaci\u00f3n! Introduce tus datos a continuaci\u00f3n para descargar el documento completo:\" \/>\n<meta property=\"og:url\" content=\"https:\/\/hobbykitchen.es\/en\/cursos-de-cocina\/descarga-recurso-gratuito\/\" \/>\n<meta property=\"og:site_name\" content=\"Hobby Kitchen\" \/>\n<meta property=\"article:publisher\" content=\"https:\/\/www.facebook.com\/hobbykitchen.madrid\/\" \/>\n<meta property=\"article:modified_time\" content=\"2024-02-19T17:33:54+00:00\" \/>\n<meta property=\"og:image\" content=\"https:\/\/hobbykitchen.es\/wp-content\/uploads\/Menu-semanal-HK-724x1024.png\" \/>\n<meta name=\"twitter:card\" content=\"summary_large_image\" \/>\n<meta name=\"twitter:label1\" content=\"Est. reading time\" \/>\n\t<meta name=\"twitter:data1\" content=\"1 minute\" \/>\n<script type=\"application\/ld+json\" class=\"yoast-schema-graph\">{\"@context\":\"https:\/\/schema.org\",\"@graph\":[{\"@type\":\"WebPage\",\"@id\":\"https:\/\/hobbykitchen.es\/cursos-de-cocina\/descarga-recurso-gratuito\/\",\"url\":\"https:\/\/hobbykitchen.es\/cursos-de-cocina\/descarga-recurso-gratuito\/\",\"name\":\"Descarga recurso gratuito - Hobby Kitchen\",\"isPartOf\":{\"@id\":\"https:\/\/hobbykitchen.es\/#website\"},\"primaryImageOfPage\":{\"@id\":\"https:\/\/hobbykitchen.es\/cursos-de-cocina\/descarga-recurso-gratuito\/#primaryimage\"},\"image\":{\"@id\":\"https:\/\/hobbykitchen.es\/cursos-de-cocina\/descarga-recurso-gratuito\/#primaryimage\"},\"thumbnailUrl\":\"https:\/\/hobbykitchen.es\/wp-content\/uploads\/Menu-semanal-HK-724x1024.png\",\"datePublished\":\"2024-02-15T16:19:20+00:00\",\"dateModified\":\"2024-02-19T17:33:54+00:00\",\"breadcrumb\":{\"@id\":\"https:\/\/hobbykitchen.es\/cursos-de-cocina\/descarga-recurso-gratuito\/#breadcrumb\"},\"inLanguage\":\"en-US\",\"potentialAction\":[{\"@type\":\"ReadAction\",\"target\":[\"https:\/\/hobbykitchen.es\/cursos-de-cocina\/descarga-recurso-gratuito\/\"]}]},{\"@type\":\"ImageObject\",\"inLanguage\":\"en-US\",\"@id\":\"https:\/\/hobbykitchen.es\/cursos-de-cocina\/descarga-recurso-gratuito\/#primaryimage\",\"url\":\"https:\/\/hobbykitchen.es\/wp-content\/uploads\/Menu-semanal-HK-724x1024.png\",\"contentUrl\":\"https:\/\/hobbykitchen.es\/wp-content\/uploads\/Menu-semanal-HK-724x1024.png\"},{\"@type\":\"BreadcrumbList\",\"@id\":\"https:\/\/hobbykitchen.es\/cursos-de-cocina\/descarga-recurso-gratuito\/#breadcrumb\",\"itemListElement\":[{\"@type\":\"ListItem\",\"position\":1,\"name\":\"Portada\",\"item\":\"https:\/\/hobbykitchen.es\/\"},{\"@type\":\"ListItem\",\"position\":2,\"name\":\"Cursos\",\"item\":\"https:\/\/hobbykitchen.es\/cursos-de-cocina\/\"},{\"@type\":\"ListItem\",\"position\":3,\"name\":\"Descarga recurso gratuito\"}]},{\"@type\":\"WebSite\",\"@id\":\"https:\/\/hobbykitchen.es\/#website\",\"url\":\"https:\/\/hobbykitchen.es\/\",\"name\":\"Hobby Kitchen\",\"description\":\"Escuela de Cocina y Salud\",\"publisher\":{\"@id\":\"https:\/\/hobbykitchen.es\/#organization\"},\"potentialAction\":[{\"@type\":\"SearchAction\",\"target\":{\"@type\":\"EntryPoint\",\"urlTemplate\":\"https:\/\/hobbykitchen.es\/?s={search_term_string}\"},\"query-input\":{\"@type\":\"PropertyValueSpecification\",\"valueRequired\":true,\"valueName\":\"search_term_string\"}}],\"inLanguage\":\"en-US\"},{\"@type\":\"Organization\",\"@id\":\"https:\/\/hobbykitchen.es\/#organization\",\"name\":\"Hobby Kitchen Escuela de Cocina y Salud\",\"url\":\"https:\/\/hobbykitchen.es\/\",\"logo\":{\"@type\":\"ImageObject\",\"inLanguage\":\"en-US\",\"@id\":\"https:\/\/hobbykitchen.es\/#\/schema\/logo\/image\/\",\"url\":\"https:\/\/i0.wp.com\/hobbykitchen.es\/wp-content\/uploads\/LOGO-HOBBY-KITCHEN.jpeg?fit=1080%2C1080&ssl=1\",\"contentUrl\":\"https:\/\/i0.wp.com\/hobbykitchen.es\/wp-content\/uploads\/LOGO-HOBBY-KITCHEN.jpeg?fit=1080%2C1080&ssl=1\",\"width\":1080,\"height\":1080,\"caption\":\"Hobby Kitchen Escuela de Cocina y Salud\"},\"image\":{\"@id\":\"https:\/\/hobbykitchen.es\/#\/schema\/logo\/image\/\"},\"sameAs\":[\"https:\/\/www.facebook.com\/hobbykitchen.madrid\/\",\"https:\/\/www.linkedin.com\/in\/elena-de-tapia-ruano-b72884100\/\",\"https:\/\/www.youtube.com\/channel\/UCU7KnuYzuPtdsayAOsWkGkg\/about\",\"https:\/\/www.instagram.com\/hobbykitchen.madrid\/\"]}]}<\/script>\n<!-- \/ Yoast SEO plugin. -->","yoast_head_json":{"title":"Descarga recurso gratuito - Hobby Kitchen","robots":{"index":"index","follow":"follow","max-snippet":"max-snippet:-1","max-image-preview":"max-image-preview:large","max-video-preview":"max-video-preview:-1"},"canonical":"https:\/\/hobbykitchen.es\/en\/cursos-de-cocina\/descarga-recurso-gratuito\/","og_locale":"en_US","og_type":"article","og_title":"Descarga recurso gratuito - Hobby Kitchen","og_description":"Descarga tu men\u00fa semanal Planifica tu semana con 12 recetas y nuestra plantilla de men\u00fa semanal rellenable para desayuno, comida y cena. Incluye lista de la compra con todos los ingredientes necesarios para elaborar las recetas. \u00a1Mejora tu organizaci\u00f3n para mejorar tu alimentaci\u00f3n! Introduce tus datos a continuaci\u00f3n para descargar el documento completo:","og_url":"https:\/\/hobbykitchen.es\/en\/cursos-de-cocina\/descarga-recurso-gratuito\/","og_site_name":"Hobby Kitchen","article_publisher":"https:\/\/www.facebook.com\/hobbykitchen.madrid\/","article_modified_time":"2024-02-19T17:33:54+00:00","og_image":[{"url":"https:\/\/hobbykitchen.es\/wp-content\/uploads\/Menu-semanal-HK-724x1024.png","type":"","width":"","height":""}],"twitter_card":"summary_large_image","twitter_misc":{"Est. reading time":"1 minute"},"schema":{"@context":"https:\/\/schema.org","@graph":[{"@type":"WebPage","@id":"https:\/\/hobbykitchen.es\/cursos-de-cocina\/descarga-recurso-gratuito\/","url":"https:\/\/hobbykitchen.es\/cursos-de-cocina\/descarga-recurso-gratuito\/","name":"Descarga recurso gratuito - Hobby Kitchen","isPartOf":{"@id":"https:\/\/hobbykitchen.es\/#website"},"primaryImageOfPage":{"@id":"https:\/\/hobbykitchen.es\/cursos-de-cocina\/descarga-recurso-gratuito\/#primaryimage"},"image":{"@id":"https:\/\/hobbykitchen.es\/cursos-de-cocina\/descarga-recurso-gratuito\/#primaryimage"},"thumbnailUrl":"https:\/\/hobbykitchen.es\/wp-content\/uploads\/Menu-semanal-HK-724x1024.png","datePublished":"2024-02-15T16:19:20+00:00","dateModified":"2024-02-19T17:33:54+00:00","breadcrumb":{"@id":"https:\/\/hobbykitchen.es\/cursos-de-cocina\/descarga-recurso-gratuito\/#breadcrumb"},"inLanguage":"en-US","potentialAction":[{"@type":"ReadAction","target":["https:\/\/hobbykitchen.es\/cursos-de-cocina\/descarga-recurso-gratuito\/"]}]},{"@type":"ImageObject","inLanguage":"en-US","@id":"https:\/\/hobbykitchen.es\/cursos-de-cocina\/descarga-recurso-gratuito\/#primaryimage","url":"https:\/\/hobbykitchen.es\/wp-content\/uploads\/Menu-semanal-HK-724x1024.png","contentUrl":"https:\/\/hobbykitchen.es\/wp-content\/uploads\/Menu-semanal-HK-724x1024.png"},{"@type":"BreadcrumbList","@id":"https:\/\/hobbykitchen.es\/cursos-de-cocina\/descarga-recurso-gratuito\/#breadcrumb","itemListElement":[{"@type":"ListItem","position":1,"name":"Portada","item":"https:\/\/hobbykitchen.es\/"},{"@type":"ListItem","position":2,"name":"Cursos","item":"https:\/\/hobbykitchen.es\/cursos-de-cocina\/"},{"@type":"ListItem","position":3,"name":"Descarga recurso gratuito"}]},{"@type":"WebSite","@id":"https:\/\/hobbykitchen.es\/#website","url":"https:\/\/hobbykitchen.es\/","name":"Hobby Kitchen","description":"Cooking and Health School","publisher":{"@id":"https:\/\/hobbykitchen.es\/#organization"},"potentialAction":[{"@type":"SearchAction","target":{"@type":"EntryPoint","urlTemplate":"https:\/\/hobbykitchen.es\/?s={search_term_string}"},"query-input":{"@type":"PropertyValueSpecification","valueRequired":true,"valueName":"search_term_string"}}],"inLanguage":"en-US"},{"@type":"Organization","@id":"https:\/\/hobbykitchen.es\/#organization","name":"Hobby Kitchen Escuela de Cocina y Salud","url":"https:\/\/hobbykitchen.es\/","logo":{"@type":"ImageObject","inLanguage":"en-US","@id":"https:\/\/hobbykitchen.es\/#\/schema\/logo\/image\/","url":"https:\/\/i0.wp.com\/hobbykitchen.es\/wp-content\/uploads\/LOGO-HOBBY-KITCHEN.jpeg?fit=1080%2C1080&ssl=1","contentUrl":"https:\/\/i0.wp.com\/hobbykitchen.es\/wp-content\/uploads\/LOGO-HOBBY-KITCHEN.jpeg?fit=1080%2C1080&ssl=1","width":1080,"height":1080,"caption":"Hobby Kitchen Escuela de Cocina y Salud"},"image":{"@id":"https:\/\/hobbykitchen.es\/#\/schema\/logo\/image\/"},"sameAs":["https:\/\/www.facebook.com\/hobbykitchen.madrid\/","https:\/\/www.linkedin.com\/in\/elena-de-tapia-ruano-b72884100\/","https:\/\/www.youtube.com\/channel\/UCU7KnuYzuPtdsayAOsWkGkg\/about","https:\/\/www.instagram.com\/hobbykitchen.madrid\/"]}]}},"jetpack_sharing_enabled":true,"jetpack_shortlink":"https:\/\/wp.me\/Pfu27P-1JU","_links":{"self":[{"href":"https:\/\/hobbykitchen.es\/en\/wp-json\/wp\/v2\/pages\/6690","targetHints":{"allow":["GET"]}}],"collection":[{"href":"https:\/\/hobbykitchen.es\/en\/wp-json\/wp\/v2\/pages"}],"about":[{"href":"https:\/\/hobbykitchen.es\/en\/wp-json\/wp\/v2\/types\/page"}],"author":[{"embeddable":true,"href":"https:\/\/hobbykitchen.es\/en\/wp-json\/wp\/v2\/users\/2"}],"replies":[{"embeddable":true,"href":"https:\/\/hobbykitchen.es\/en\/wp-json\/wp\/v2\/comments?post=6690"}],"version-history":[{"count":15,"href":"https:\/\/hobbykitchen.es\/en\/wp-json\/wp\/v2\/pages\/6690\/revisions"}],"predecessor-version":[{"id":6735,"href":"https:\/\/hobbykitchen.es\/en\/wp-json\/wp\/v2\/pages\/6690\/revisions\/6735"}],"up":[{"embeddable":true,"href":"https:\/\/hobbykitchen.es\/en\/wp-json\/wp\/v2\/pages\/6327"}],"wp:attachment":[{"href":"https:\/\/hobbykitchen.es\/en\/wp-json\/wp\/v2\/media?parent=6690"}],"curies":[{"name":"wp","href":"https:\/\/api.w.org\/{rel}","templated":true}]}}