{"id":6330,"date":"2024-01-02T20:25:44","date_gmt":"2024-01-02T19:25:44","guid":{"rendered":"https:\/\/hobbykitchen.es\/?page_id=6330"},"modified":"2024-04-16T15:32:14","modified_gmt":"2024-04-16T13:32:14","slug":"planes","status":"publish","type":"page","link":"https:\/\/hobbykitchen.es\/en\/planes\/","title":{"rendered":"Accompaniment plans"},"content":{"rendered":"<div class=\"wp-block-spacer\" style=\"height: 40px;\" aria-hidden=\"true\">\u00a0<\/div>\r\n\r\n\r\n\r\n<h2 class=\"wp-block-heading has-text-align-center is-style-asterisk\">Accompaniment plans<\/h2>\r\n\r\n\r\n\r\n<p class=\"has-text-align-center\">I offer professional and personalized support to all those people who need to follow a specific diet or eating regimen. Because in these processes, all help is little<\/p>\r\n\r\n\r\n\r\n<div class=\"wp-block-spacer\" style=\"height: 6px;\" aria-hidden=\"true\">\u00a0<\/div>\r\n\r\n\r\n\r\n<div class=\"wp-block-spacer\" style=\"height: 20px;\" aria-hidden=\"true\">\u00a0<\/div>\r\n\r\n\r\n\r\n<div class=\"wp-block-columns alignwide is-layout-flex wp-container-core-columns-is-layout-d1c656ed wp-block-columns-is-layout-flex\">\r\n<div class=\"wp-block-column is-vertically-aligned-center is-layout-flow wp-block-column-is-layout-flow\" style=\"flex-basis: 40%;\">\r\n<h3 class=\"wp-block-heading is-style-asterisk\">I can help you if\u2026<\/h3>\r\n\r\n\r\n\r\n<ul class=\"is-style-checkmark-list wp-block-list\" style=\"line-height: 1.75;\">\r\n<li>You have to go on a diet and you don't know where to start.<\/li>\r\n\r\n\r\n\r\n<li>It's hard for you to get going.<\/li>\r\n\r\n\r\n\r\n<li>You have already abandoned other diets before finishing them.<\/li>\r\n<\/ul>\r\n<\/div>\r\n\r\n\r\n\r\n<div class=\"wp-block-column is-layout-flow wp-block-column-is-layout-flow\" style=\"flex-basis: 50%;\">\r\n<figure class=\"wp-block-image size-full is-style-rounded is-style-rounded--1\"><img data-recalc-dims=\"1\" fetchpriority=\"high\" decoding=\"async\" width=\"2560\" height=\"1742\" data-attachment-id=\"6460\" data-permalink=\"https:\/\/hobbykitchen.es\/en\/brooke-lark-jupoxxrndca-unsplash\/\" data-orig-file=\"https:\/\/i0.wp.com\/hobbykitchen.es\/wp-content\/uploads\/brooke-lark-jUPOXXRNdcA-unsplash-scaled.jpg?fit=2560%2C1742&amp;ssl=1\" data-orig-size=\"2560,1742\" data-comments-opened=\"0\" data-image-meta=\"{&quot;aperture&quot;:&quot;0&quot;,&quot;credit&quot;:&quot;&quot;,&quot;camera&quot;:&quot;&quot;,&quot;caption&quot;:&quot;&quot;,&quot;created_timestamp&quot;:&quot;0&quot;,&quot;copyright&quot;:&quot;&quot;,&quot;focal_length&quot;:&quot;0&quot;,&quot;iso&quot;:&quot;0&quot;,&quot;shutter_speed&quot;:&quot;0&quot;,&quot;title&quot;:&quot;&quot;,&quot;orientation&quot;:&quot;0&quot;}\" data-image-title=\"brooke-lark-jUPOXXRNdcA-unsplash\" data-image-description=\"\" data-image-caption=\"\" data-medium-file=\"https:\/\/i0.wp.com\/hobbykitchen.es\/wp-content\/uploads\/brooke-lark-jUPOXXRNdcA-unsplash-scaled.jpg?fit=300%2C204&amp;ssl=1\" data-large-file=\"https:\/\/i0.wp.com\/hobbykitchen.es\/wp-content\/uploads\/brooke-lark-jUPOXXRNdcA-unsplash-scaled.jpg?fit=1024%2C697&amp;ssl=1\" class=\"wp-image-6460\" src=\"https:\/\/i0.wp.com\/hobbykitchen.es\/wp-content\/uploads\/brooke-lark-jUPOXXRNdcA-unsplash-scaled.jpg?resize=2560%2C1742&#038;ssl=1\" alt=\"\" srcset=\"https:\/\/i0.wp.com\/hobbykitchen.es\/wp-content\/uploads\/brooke-lark-jUPOXXRNdcA-unsplash-scaled.jpg?w=2560&amp;ssl=1 2560w, https:\/\/i0.wp.com\/hobbykitchen.es\/wp-content\/uploads\/brooke-lark-jUPOXXRNdcA-unsplash-scaled.jpg?resize=300%2C204&amp;ssl=1 300w, https:\/\/i0.wp.com\/hobbykitchen.es\/wp-content\/uploads\/brooke-lark-jUPOXXRNdcA-unsplash-scaled.jpg?resize=1024%2C697&amp;ssl=1 1024w, https:\/\/i0.wp.com\/hobbykitchen.es\/wp-content\/uploads\/brooke-lark-jUPOXXRNdcA-unsplash-scaled.jpg?resize=768%2C523&amp;ssl=1 768w, https:\/\/i0.wp.com\/hobbykitchen.es\/wp-content\/uploads\/brooke-lark-jUPOXXRNdcA-unsplash-scaled.jpg?resize=1536%2C1045&amp;ssl=1 1536w, https:\/\/i0.wp.com\/hobbykitchen.es\/wp-content\/uploads\/brooke-lark-jUPOXXRNdcA-unsplash-scaled.jpg?resize=2048%2C1394&amp;ssl=1 2048w, https:\/\/i0.wp.com\/hobbykitchen.es\/wp-content\/uploads\/brooke-lark-jUPOXXRNdcA-unsplash-scaled.jpg?resize=600%2C408&amp;ssl=1 600w\" sizes=\"(max-width: 1000px) 100vw, 1000px\" \/><\/figure>\r\n<\/div>\r\n<\/div>\r\n\r\n\r\n\r\n<div class=\"wp-block-spacer\" style=\"height: 30px;\" aria-hidden=\"true\">\u00a0<\/div>\r\n\r\n\r\n\r\n<div class=\"wp-block-group alignfull has-base-2-background-color has-background has-global-padding is-layout-constrained wp-container-core-group-is-layout-7cd14b77 wp-block-group-is-layout-constrained\" style=\"margin-top: 0; margin-bottom: 0; padding: var(--wp--preset--spacing--60);\">\r\n<div class=\"wp-block-group alignwide is-layout-flow wp-block-group-is-layout-flow\">\r\n<p class=\"has-text-align-center has-heading-font-family has-x-large-font-size\" style=\"font-style: normal; font-weight: 400; line-height: 1.2;\">We are what we eat and what we stop eating<\/p>\r\n\r\n\r\n\r\n<div class=\"wp-block-spacer\" style=\"height: 20px;\" aria-hidden=\"true\">\u00a0<\/div>\r\n\r\n\r\n\r\n<p class=\"has-text-align-center\">All the decisions we make regarding our diet have an effect on our bodies. At Hobby Kitchen we believe that eating should not be a chore, but rather something we enjoy throughout the process.<\/p>\r\n\r\n\r\n\r\n<p class=\"has-text-align-center\">Neurogastronomy teaches us that when the 5 senses and other psychological aspects such as emotions, expectation and memory come into play, our entire perspective changes. This is why we affirm that we also eat with our brains.<\/p>\r\n\r\n\r\n\r\n<p class=\"has-text-align-center\">Better understanding our relationship with food, its preparation and enjoyment, will improve our gastronomic experience and we will enjoy it more.<\/p>\r\n<\/div>\r\n<\/div>\r\n\r\n\r\n\r\n<div class=\"wp-block-spacer\" style=\"height: 30px;\" aria-hidden=\"true\">\u00a0<\/div>\r\n\r\n\r\n\r\n<div class=\"wp-block-columns alignwide is-layout-flex wp-container-core-columns-is-layout-d1c656ed wp-block-columns-is-layout-flex\">\r\n<div class=\"wp-block-column is-layout-flow wp-block-column-is-layout-flow\" style=\"flex-basis: 50%;\">\r\n<figure class=\"wp-block-image size-full is-resized is-style-rounded is-style-rounded--2\"><img data-recalc-dims=\"1\" decoding=\"async\" width=\"2560\" height=\"1707\" data-attachment-id=\"6502\" data-permalink=\"https:\/\/hobbykitchen.es\/en\/brooke-lark-xr8zupfy-ke-unsplash\/\" data-orig-file=\"https:\/\/i0.wp.com\/hobbykitchen.es\/wp-content\/uploads\/brooke-lark-Xr8zuPfy-KE-unsplash-scaled.jpg?fit=2560%2C1707&amp;ssl=1\" data-orig-size=\"2560,1707\" data-comments-opened=\"0\" data-image-meta=\"{&quot;aperture&quot;:&quot;0&quot;,&quot;credit&quot;:&quot;&quot;,&quot;camera&quot;:&quot;&quot;,&quot;caption&quot;:&quot;&quot;,&quot;created_timestamp&quot;:&quot;0&quot;,&quot;copyright&quot;:&quot;&quot;,&quot;focal_length&quot;:&quot;0&quot;,&quot;iso&quot;:&quot;0&quot;,&quot;shutter_speed&quot;:&quot;0&quot;,&quot;title&quot;:&quot;&quot;,&quot;orientation&quot;:&quot;0&quot;}\" data-image-title=\"brooke-lark-Xr8zuPfy-KE-unsplash\" data-image-description=\"\" data-image-caption=\"\" data-medium-file=\"https:\/\/i0.wp.com\/hobbykitchen.es\/wp-content\/uploads\/brooke-lark-Xr8zuPfy-KE-unsplash-scaled.jpg?fit=300%2C200&amp;ssl=1\" data-large-file=\"https:\/\/i0.wp.com\/hobbykitchen.es\/wp-content\/uploads\/brooke-lark-Xr8zuPfy-KE-unsplash-scaled.jpg?fit=1024%2C683&amp;ssl=1\" class=\"wp-image-6502\" style=\"width: 617px; height: auto;\" src=\"https:\/\/i0.wp.com\/hobbykitchen.es\/wp-content\/uploads\/brooke-lark-Xr8zuPfy-KE-unsplash-scaled.jpg?resize=2560%2C1707&#038;ssl=1\" alt=\"\" srcset=\"https:\/\/i0.wp.com\/hobbykitchen.es\/wp-content\/uploads\/brooke-lark-Xr8zuPfy-KE-unsplash-scaled.jpg?w=2560&amp;ssl=1 2560w, https:\/\/i0.wp.com\/hobbykitchen.es\/wp-content\/uploads\/brooke-lark-Xr8zuPfy-KE-unsplash-scaled.jpg?resize=300%2C200&amp;ssl=1 300w, https:\/\/i0.wp.com\/hobbykitchen.es\/wp-content\/uploads\/brooke-lark-Xr8zuPfy-KE-unsplash-scaled.jpg?resize=1024%2C683&amp;ssl=1 1024w, https:\/\/i0.wp.com\/hobbykitchen.es\/wp-content\/uploads\/brooke-lark-Xr8zuPfy-KE-unsplash-scaled.jpg?resize=768%2C512&amp;ssl=1 768w, https:\/\/i0.wp.com\/hobbykitchen.es\/wp-content\/uploads\/brooke-lark-Xr8zuPfy-KE-unsplash-scaled.jpg?resize=1536%2C1024&amp;ssl=1 1536w, https:\/\/i0.wp.com\/hobbykitchen.es\/wp-content\/uploads\/brooke-lark-Xr8zuPfy-KE-unsplash-scaled.jpg?resize=2048%2C1365&amp;ssl=1 2048w, https:\/\/i0.wp.com\/hobbykitchen.es\/wp-content\/uploads\/brooke-lark-Xr8zuPfy-KE-unsplash-scaled.jpg?resize=600%2C400&amp;ssl=1 600w, https:\/\/i0.wp.com\/hobbykitchen.es\/wp-content\/uploads\/brooke-lark-Xr8zuPfy-KE-unsplash-scaled.jpg?resize=272%2C182&amp;ssl=1 272w\" sizes=\"(max-width: 1000px) 100vw, 1000px\" \/><\/figure>\r\n<\/div>\r\n\r\n\r\n\r\n<div class=\"wp-block-column is-vertically-aligned-center is-layout-flow wp-block-column-is-layout-flow\" style=\"flex-basis: 40%;\">\r\n<h3 class=\"wp-block-heading is-style-asterisk\">What do I offer you<\/h3>\r\n\r\n\r\n\r\n<ul class=\"is-style-checkmark-list wp-block-list\" style=\"line-height: 1.75;\">\r\n<li>Tools necessary to follow a diet.<\/li>\r\n\r\n\r\n\r\n<li>Support throughout the entire process.<\/li>\r\n\r\n\r\n\r\n<li>Support to meet your goals.<\/li>\r\n\r\n\r\n\r\n<li>Follow-up after finishing the process.<\/li>\r\n<li>Training<\/li>\r\n<\/ul>\r\n<\/div>\r\n<\/div>\r\n\r\n\r\n\r\n<div class=\"wp-block-spacer\" style=\"height: 34px;\" aria-hidden=\"true\">\u00a0<\/div>\r\n\r\n\r\n\r\n<div class=\"wp-block-group alignfull has-text-color has-background is-layout-flow wp-block-group-is-layout-flow\" style=\"color: #000000; background-color: #ffffff;\">\r\n<div class=\"wp-block-spacer\" style=\"height: 64px;\" aria-hidden=\"true\">\u00a0<\/div>\r\n\r\n\r\n\r\n<p class=\"has-text-align-center has-small-font-size\" style=\"line-height: .9;\"><strong>Do you need support?<\/strong><\/p>\r\n\r\n\r\n\r\n<h2 id=\"schedule-a-visit\" class=\"wp-block-heading has-text-align-center\" style=\"font-size:clamp(32.969px, 2.061rem + ((1vw - 3.2px) * 2.712), 59px);px; line-height: 1.15;\">Tell us your case<\/h2>\r\n\r\n\r\n\r\n<div class=\"wp-block-buttons is-content-justification-center is-layout-flex wp-container-core-buttons-is-layout-a89b3969 wp-block-buttons-is-layout-flex\">\r\n<div class=\"wp-block-button\"><a class=\"wp-block-button__link has-text-align-center wp-element-button\" href=\"https:\/\/hobbykitchen.es\/en\/contacto\/\">Contact<\/a><\/div>\r\n<\/div>\r\n\r\n\r\n\r\n<div class=\"wp-block-spacer\" style=\"height: 64px;\" aria-hidden=\"true\">\u00a0<\/div>\r\n<\/div>","protected":false},"excerpt":{"rendered":"<p>Planes de acompa\u00f1amiento Ofrezco acompa\u00f1amiento profesional y personalizado a todas aquellas personas que necesiten seguir una dieta o un r\u00e9gimen de alimentaci\u00f3n espec\u00edfico. Porque en estos procesos, toda ayuda es poca. Puedo ayudarte si&#8230; Somos lo que comemos y lo que dejamos de comer Todas las decisiones que tomamos en relaci\u00f3n con nuestra alimentaci\u00f3n tienen [&hellip;]<\/p>","protected":false},"author":2,"featured_media":0,"parent":0,"menu_order":0,"comment_status":"closed","ping_status":"closed","template":"","meta":{"_acf_changed":false,"footnotes":""},"class_list":["post-6330","page","type-page","status-publish","hentry"],"acf":[],"yoast_head":"<!-- This site is optimized with the Yoast SEO plugin v25.9 - https:\/\/yoast.com\/wordpress\/plugins\/seo\/ -->\n<title>Planes de acompa\u00f1amiento - Hobby Kitchen<\/title>\n<meta name=\"robots\" content=\"index, follow, max-snippet:-1, max-image-preview:large, max-video-preview:-1\" \/>\n<link rel=\"canonical\" href=\"https:\/\/hobbykitchen.es\/en\/planes\/\" \/>\n<meta property=\"og:locale\" content=\"en_US\" \/>\n<meta property=\"og:type\" content=\"article\" \/>\n<meta property=\"og:title\" content=\"Planes de acompa\u00f1amiento - Hobby Kitchen\" \/>\n<meta property=\"og:description\" content=\"Planes de acompa\u00f1amiento Ofrezco acompa\u00f1amiento profesional y personalizado a todas aquellas personas que necesiten seguir una dieta o un r\u00e9gimen de alimentaci\u00f3n espec\u00edfico. Porque en estos procesos, toda ayuda es poca. Puedo ayudarte si&#8230; Somos lo que comemos y lo que dejamos de comer Todas las decisiones que tomamos en relaci\u00f3n con nuestra alimentaci\u00f3n tienen [&hellip;]\" \/>\n<meta property=\"og:url\" content=\"https:\/\/hobbykitchen.es\/en\/planes\/\" \/>\n<meta property=\"og:site_name\" content=\"Hobby Kitchen\" \/>\n<meta property=\"article:publisher\" content=\"https:\/\/www.facebook.com\/hobbykitchen.madrid\/\" \/>\n<meta property=\"article:modified_time\" content=\"2024-04-16T13:32:14+00:00\" \/>\n<meta property=\"og:image\" content=\"https:\/\/hobbykitchen.es\/wp-content\/uploads\/brooke-lark-jUPOXXRNdcA-unsplash-scaled.jpg\" \/>\n<meta name=\"twitter:card\" content=\"summary_large_image\" \/>\n<meta name=\"twitter:label1\" content=\"Est. reading time\" \/>\n\t<meta name=\"twitter:data1\" content=\"2 minutes\" \/>\n<script type=\"application\/ld+json\" class=\"yoast-schema-graph\">{\"@context\":\"https:\/\/schema.org\",\"@graph\":[{\"@type\":\"WebPage\",\"@id\":\"https:\/\/hobbykitchen.es\/planes\/\",\"url\":\"https:\/\/hobbykitchen.es\/planes\/\",\"name\":\"Planes de acompa\u00f1amiento - Hobby Kitchen\",\"isPartOf\":{\"@id\":\"https:\/\/hobbykitchen.es\/#website\"},\"primaryImageOfPage\":{\"@id\":\"https:\/\/hobbykitchen.es\/planes\/#primaryimage\"},\"image\":{\"@id\":\"https:\/\/hobbykitchen.es\/planes\/#primaryimage\"},\"thumbnailUrl\":\"https:\/\/hobbykitchen.es\/wp-content\/uploads\/brooke-lark-jUPOXXRNdcA-unsplash-scaled.jpg\",\"datePublished\":\"2024-01-02T19:25:44+00:00\",\"dateModified\":\"2024-04-16T13:32:14+00:00\",\"breadcrumb\":{\"@id\":\"https:\/\/hobbykitchen.es\/planes\/#breadcrumb\"},\"inLanguage\":\"en-US\",\"potentialAction\":[{\"@type\":\"ReadAction\",\"target\":[\"https:\/\/hobbykitchen.es\/planes\/\"]}]},{\"@type\":\"ImageObject\",\"inLanguage\":\"en-US\",\"@id\":\"https:\/\/hobbykitchen.es\/planes\/#primaryimage\",\"url\":\"https:\/\/hobbykitchen.es\/wp-content\/uploads\/brooke-lark-jUPOXXRNdcA-unsplash-scaled.jpg\",\"contentUrl\":\"https:\/\/hobbykitchen.es\/wp-content\/uploads\/brooke-lark-jUPOXXRNdcA-unsplash-scaled.jpg\"},{\"@type\":\"BreadcrumbList\",\"@id\":\"https:\/\/hobbykitchen.es\/planes\/#breadcrumb\",\"itemListElement\":[{\"@type\":\"ListItem\",\"position\":1,\"name\":\"Portada\",\"item\":\"https:\/\/hobbykitchen.es\/\"},{\"@type\":\"ListItem\",\"position\":2,\"name\":\"Planes de acompa\u00f1amiento\"}]},{\"@type\":\"WebSite\",\"@id\":\"https:\/\/hobbykitchen.es\/#website\",\"url\":\"https:\/\/hobbykitchen.es\/\",\"name\":\"Hobby Kitchen\",\"description\":\"Escuela de Cocina y Salud\",\"publisher\":{\"@id\":\"https:\/\/hobbykitchen.es\/#organization\"},\"potentialAction\":[{\"@type\":\"SearchAction\",\"target\":{\"@type\":\"EntryPoint\",\"urlTemplate\":\"https:\/\/hobbykitchen.es\/?s={search_term_string}\"},\"query-input\":{\"@type\":\"PropertyValueSpecification\",\"valueRequired\":true,\"valueName\":\"search_term_string\"}}],\"inLanguage\":\"en-US\"},{\"@type\":\"Organization\",\"@id\":\"https:\/\/hobbykitchen.es\/#organization\",\"name\":\"Hobby Kitchen Escuela de Cocina y Salud\",\"url\":\"https:\/\/hobbykitchen.es\/\",\"logo\":{\"@type\":\"ImageObject\",\"inLanguage\":\"en-US\",\"@id\":\"https:\/\/hobbykitchen.es\/#\/schema\/logo\/image\/\",\"url\":\"https:\/\/i0.wp.com\/hobbykitchen.es\/wp-content\/uploads\/LOGO-HOBBY-KITCHEN.jpeg?fit=1080%2C1080&ssl=1\",\"contentUrl\":\"https:\/\/i0.wp.com\/hobbykitchen.es\/wp-content\/uploads\/LOGO-HOBBY-KITCHEN.jpeg?fit=1080%2C1080&ssl=1\",\"width\":1080,\"height\":1080,\"caption\":\"Hobby Kitchen Escuela de Cocina y Salud\"},\"image\":{\"@id\":\"https:\/\/hobbykitchen.es\/#\/schema\/logo\/image\/\"},\"sameAs\":[\"https:\/\/www.facebook.com\/hobbykitchen.madrid\/\",\"https:\/\/www.linkedin.com\/in\/elena-de-tapia-ruano-b72884100\/\",\"https:\/\/www.youtube.com\/channel\/UCU7KnuYzuPtdsayAOsWkGkg\/about\",\"https:\/\/www.instagram.com\/hobbykitchen.madrid\/\"]}]}<\/script>\n<!-- \/ Yoast SEO plugin. -->","yoast_head_json":{"title":"Planes de acompa\u00f1amiento - Hobby Kitchen","robots":{"index":"index","follow":"follow","max-snippet":"max-snippet:-1","max-image-preview":"max-image-preview:large","max-video-preview":"max-video-preview:-1"},"canonical":"https:\/\/hobbykitchen.es\/en\/planes\/","og_locale":"en_US","og_type":"article","og_title":"Planes de acompa\u00f1amiento - Hobby Kitchen","og_description":"Planes de acompa\u00f1amiento Ofrezco acompa\u00f1amiento profesional y personalizado a todas aquellas personas que necesiten seguir una dieta o un r\u00e9gimen de alimentaci\u00f3n espec\u00edfico. Porque en estos procesos, toda ayuda es poca. Puedo ayudarte si&#8230; Somos lo que comemos y lo que dejamos de comer Todas las decisiones que tomamos en relaci\u00f3n con nuestra alimentaci\u00f3n tienen [&hellip;]","og_url":"https:\/\/hobbykitchen.es\/en\/planes\/","og_site_name":"Hobby Kitchen","article_publisher":"https:\/\/www.facebook.com\/hobbykitchen.madrid\/","article_modified_time":"2024-04-16T13:32:14+00:00","og_image":[{"url":"https:\/\/hobbykitchen.es\/wp-content\/uploads\/brooke-lark-jUPOXXRNdcA-unsplash-scaled.jpg","type":"","width":"","height":""}],"twitter_card":"summary_large_image","twitter_misc":{"Est. reading time":"2 minutes"},"schema":{"@context":"https:\/\/schema.org","@graph":[{"@type":"WebPage","@id":"https:\/\/hobbykitchen.es\/planes\/","url":"https:\/\/hobbykitchen.es\/planes\/","name":"Planes de acompa\u00f1amiento - Hobby Kitchen","isPartOf":{"@id":"https:\/\/hobbykitchen.es\/#website"},"primaryImageOfPage":{"@id":"https:\/\/hobbykitchen.es\/planes\/#primaryimage"},"image":{"@id":"https:\/\/hobbykitchen.es\/planes\/#primaryimage"},"thumbnailUrl":"https:\/\/hobbykitchen.es\/wp-content\/uploads\/brooke-lark-jUPOXXRNdcA-unsplash-scaled.jpg","datePublished":"2024-01-02T19:25:44+00:00","dateModified":"2024-04-16T13:32:14+00:00","breadcrumb":{"@id":"https:\/\/hobbykitchen.es\/planes\/#breadcrumb"},"inLanguage":"en-US","potentialAction":[{"@type":"ReadAction","target":["https:\/\/hobbykitchen.es\/planes\/"]}]},{"@type":"ImageObject","inLanguage":"en-US","@id":"https:\/\/hobbykitchen.es\/planes\/#primaryimage","url":"https:\/\/hobbykitchen.es\/wp-content\/uploads\/brooke-lark-jUPOXXRNdcA-unsplash-scaled.jpg","contentUrl":"https:\/\/hobbykitchen.es\/wp-content\/uploads\/brooke-lark-jUPOXXRNdcA-unsplash-scaled.jpg"},{"@type":"BreadcrumbList","@id":"https:\/\/hobbykitchen.es\/planes\/#breadcrumb","itemListElement":[{"@type":"ListItem","position":1,"name":"Portada","item":"https:\/\/hobbykitchen.es\/"},{"@type":"ListItem","position":2,"name":"Planes de acompa\u00f1amiento"}]},{"@type":"WebSite","@id":"https:\/\/hobbykitchen.es\/#website","url":"https:\/\/hobbykitchen.es\/","name":"Hobby Kitchen","description":"Cooking and Health School","publisher":{"@id":"https:\/\/hobbykitchen.es\/#organization"},"potentialAction":[{"@type":"SearchAction","target":{"@type":"EntryPoint","urlTemplate":"https:\/\/hobbykitchen.es\/?s={search_term_string}"},"query-input":{"@type":"PropertyValueSpecification","valueRequired":true,"valueName":"search_term_string"}}],"inLanguage":"en-US"},{"@type":"Organization","@id":"https:\/\/hobbykitchen.es\/#organization","name":"Hobby Kitchen Escuela de Cocina y Salud","url":"https:\/\/hobbykitchen.es\/","logo":{"@type":"ImageObject","inLanguage":"en-US","@id":"https:\/\/hobbykitchen.es\/#\/schema\/logo\/image\/","url":"https:\/\/i0.wp.com\/hobbykitchen.es\/wp-content\/uploads\/LOGO-HOBBY-KITCHEN.jpeg?fit=1080%2C1080&ssl=1","contentUrl":"https:\/\/i0.wp.com\/hobbykitchen.es\/wp-content\/uploads\/LOGO-HOBBY-KITCHEN.jpeg?fit=1080%2C1080&ssl=1","width":1080,"height":1080,"caption":"Hobby Kitchen Escuela de Cocina y Salud"},"image":{"@id":"https:\/\/hobbykitchen.es\/#\/schema\/logo\/image\/"},"sameAs":["https:\/\/www.facebook.com\/hobbykitchen.madrid\/","https:\/\/www.linkedin.com\/in\/elena-de-tapia-ruano-b72884100\/","https:\/\/www.youtube.com\/channel\/UCU7KnuYzuPtdsayAOsWkGkg\/about","https:\/\/www.instagram.com\/hobbykitchen.madrid\/"]}]}},"jetpack_sharing_enabled":true,"jetpack_shortlink":"https:\/\/wp.me\/Pfu27P-1E6","_links":{"self":[{"href":"https:\/\/hobbykitchen.es\/en\/wp-json\/wp\/v2\/pages\/6330","targetHints":{"allow":["GET"]}}],"collection":[{"href":"https:\/\/hobbykitchen.es\/en\/wp-json\/wp\/v2\/pages"}],"about":[{"href":"https:\/\/hobbykitchen.es\/en\/wp-json\/wp\/v2\/types\/page"}],"author":[{"embeddable":true,"href":"https:\/\/hobbykitchen.es\/en\/wp-json\/wp\/v2\/users\/2"}],"replies":[{"embeddable":true,"href":"https:\/\/hobbykitchen.es\/en\/wp-json\/wp\/v2\/comments?post=6330"}],"version-history":[{"count":22,"href":"https:\/\/hobbykitchen.es\/en\/wp-json\/wp\/v2\/pages\/6330\/revisions"}],"predecessor-version":[{"id":6823,"href":"https:\/\/hobbykitchen.es\/en\/wp-json\/wp\/v2\/pages\/6330\/revisions\/6823"}],"wp:attachment":[{"href":"https:\/\/hobbykitchen.es\/en\/wp-json\/wp\/v2\/media?parent=6330"}],"curies":[{"name":"wp","href":"https:\/\/api.w.org\/{rel}","templated":true}]}}