{"id":6327,"date":"2024-01-02T20:21:09","date_gmt":"2024-01-02T19:21:09","guid":{"rendered":"https:\/\/hobbykitchen.es\/?page_id=6327"},"modified":"2024-04-26T08:48:29","modified_gmt":"2024-04-26T06:48:29","slug":"cursos-de-cocina","status":"publish","type":"page","link":"https:\/\/hobbykitchen.es\/en\/cursos-de-cocina\/","title":{"rendered":"Course"},"content":{"rendered":"<div class=\"wp-block-group alignfull has-global-padding is-layout-constrained wp-container-core-group-is-layout-669513ed wp-block-group-is-layout-constrained\" style=\"margin-top: 0; margin-bottom: 0; padding: var(--wp--preset--spacing--50);\">\r\n<div class=\"wp-block-group alignwide has-base-2-background-color has-background has-global-padding is-layout-constrained wp-container-core-group-is-layout-a151063b wp-block-group-is-layout-constrained\" style=\"border-radius: 16px; padding: var(--wp--preset--spacing--50) var(--wp--preset--spacing--40) var(--wp--preset--spacing--50) var(--wp--preset--spacing--40);\">\r\n<div class=\"wp-block-group alignwide is-vertical is-content-justification-stretch is-layout-flex wp-container-core-group-is-layout-353c4f5a wp-block-group-is-layout-flex\">\r\n<h2 class=\"wp-block-heading has-text-align-center\">Cooking courses<\/h2>\r\n\r\n\r\n\r\n<p class=\"has-text-align-center\" style=\"margin-top: var(--wp--preset--spacing--10); font-size:clamp(0.875rem, 0.875rem + ((1vw - 0.2rem) * 0.417), 1.125rem);\">We offer online cooking courses and in-person courses in Madrid*<\/p>\r\n\r\n\r\n\r\n<div class=\"wp-block-spacer wp-container-content-32e3a40d\" style=\"height: 0px;\" aria-hidden=\"true\">\u00a0<\/div>\r\n<\/div>\r\n\r\n\r\n\r\n<div class=\"wp-block-columns alignwide is-layout-flex wp-container-core-columns-is-layout-06670bbc wp-block-columns-is-layout-flex\">\r\n<div class=\"wp-block-column is-layout-flow wp-block-column-is-layout-flow\" style=\"border-top-color: var(--wp--preset--color--contrast-3); border-top-width: 1px; padding: var(--wp--preset--spacing--30) var(--wp--preset--spacing--30) var(--wp--preset--spacing--10) var(--wp--preset--spacing--30);\">\r\n<h3 class=\"wp-block-heading has-text-align-center has-text-color has-link-color has-large-font-size wp-elements-42e6e633a7d56bf5f2c073abc6138f91\" style=\"color: #f99913; padding-top: 1px;\"><em>Plan your menu<\/em><\/h3>\r\n<p>&nbsp;<\/p>\r\n\r\n\r\n\r\n<h5 class=\"wp-block-heading has-text-align-center has-large-font-size\">Downloadable<\/h5>\r\n\r\n\r\n\r\n<div class=\"wp-block-spacer\" style=\"height: var(--wp--preset--spacing--10);\" aria-hidden=\"true\">\u00a0<\/div>\r\n\r\n\r\n\r\n<div class=\"wp-block-group is-vertical is-content-justification-stretch is-layout-flex wp-container-core-group-is-layout-353c4f5a wp-block-group-is-layout-flex\">\r\n<p class=\"has-text-align-center\">6 recipes<\/p>\r\n\r\n\r\n<hr class=\"wp-block-separator has-text-color has-contrast-3-color has-alpha-channel-opacity has-contrast-3-background-color has-background is-style-wide\" \/>\r\n\r\n\r\n<p class=\"has-text-align-center\">Includes weekly menu planner<\/p>\r\n\r\n\r\n<hr class=\"wp-block-separator has-text-color has-contrast-3-color has-alpha-channel-opacity has-contrast-3-background-color has-background is-style-wide\" \/>\r\n\r\n\r\n<p class=\"has-text-align-center\">Free downloadable resource in PDF format<\/p>\r\n<\/div>\r\n\r\n\r\n<hr class=\"wp-block-separator has-text-color has-contrast-3-color has-alpha-channel-opacity has-contrast-3-background-color has-background is-style-wide\" \/>\r\n\r\n\r\n<p class=\"has-text-align-center\">Available worldwide<\/p>\r\n\r\n\r\n\r\n<div class=\"wp-block-spacer\" style=\"height: 16px;\" aria-hidden=\"true\">\u00a0<\/div>\r\n\r\n\r\n\r\n<div class=\"wp-block-buttons is-content-justification-center is-layout-flex wp-container-core-buttons-is-layout-a89b3969 wp-block-buttons-is-layout-flex\">\r\n<div class=\"wp-block-button has-custom-width wp-block-button__width-100 is-style-outline is-style-outline--1\"><a class=\"wp-block-button__link wp-element-button\" href=\"https:\/\/hobbykitchen.es\/en\/cursos-de-cocina\/descarga-recurso-gratuito\/\">Download your weekly menu<\/a><\/div>\r\n<\/div>\r\n<\/div>\r\n\r\n\r\n\r\n<div class=\"wp-block-column is-layout-flow wp-block-column-is-layout-flow\" style=\"border-top-color: var(--wp--preset--color--contrast); border-top-width: 2px; padding: var(--wp--preset--spacing--30) var(--wp--preset--spacing--30) var(--wp--preset--spacing--10) var(--wp--preset--spacing--30);\">\r\n<h3 class=\"wp-block-heading has-text-align-center has-text-color has-link-color wp-elements-a37884e42605da6f0b2baa23cc014b68\" style=\"color: #f99913;\"><em>You will be the Chef while I direct you<\/em><\/h3>\r\n\r\n\r\n\r\n<h5 class=\"wp-block-heading has-text-align-center has-large-font-size\">250 \u20ac<\/h5>\r\n\r\n\r\n\r\n<div class=\"wp-block-spacer\" style=\"height: var(--wp--preset--spacing--10);\" aria-hidden=\"true\">\u00a0<\/div>\r\n\r\n\r\n\r\n<div class=\"wp-block-group is-vertical is-content-justification-stretch is-layout-flex wp-container-core-group-is-layout-353c4f5a wp-block-group-is-layout-flex\">\r\n<p class=\"has-text-align-center\">16 recipes<\/p>\r\n\r\n\r\n<hr class=\"wp-block-separator has-text-color has-contrast-3-color has-alpha-channel-opacity has-contrast-3-background-color has-background is-style-wide\" \/>\r\n\r\n\r\n<p class=\"has-text-align-center\">On-line. 8 hours of training divided into 4 2-hour classes<\/p>\r\n\r\n\r\n<hr class=\"wp-block-separator has-text-color has-contrast-3-color has-alpha-channel-opacity has-contrast-3-background-color has-background is-style-wide\" \/>\r\n\r\n\r\n<p class=\"has-text-align-center\">Online classes with support throughout the preparation<\/p>\r\n<\/div>\r\n\r\n\r\n<hr class=\"wp-block-separator has-text-color has-contrast-3-color has-alpha-channel-opacity has-contrast-3-background-color has-background is-style-wide\" \/>\r\n\r\n\r\n<p class=\"has-text-align-center\">Available worldwide<\/p>\r\n\r\n\r\n\r\n<div class=\"wp-block-spacer\" style=\"height: 6px;\" aria-hidden=\"true\">\u00a0<\/div>\r\n\r\n\r\n\r\n<div class=\"wp-block-buttons is-content-justification-center is-layout-flex wp-container-core-buttons-is-layout-a89b3969 wp-block-buttons-is-layout-flex\">\r\n<div class=\"wp-block-button has-custom-width wp-block-button__width-100 is-style-fill\"><a class=\"wp-block-button__link wp-element-button\" href=\"https:\/\/hobbykitchen.es\/en\/product\/curso-cocina-online\/\">Know more<\/a><\/div>\r\n<\/div>\r\n<\/div>\r\n\r\n\r\n\r\n<div class=\"wp-block-column is-layout-flow wp-block-column-is-layout-flow\" style=\"border-top-color: var(--wp--preset--color--contrast-3); border-top-width: 1px; padding: var(--wp--preset--spacing--30) var(--wp--preset--spacing--30) var(--wp--preset--spacing--10) var(--wp--preset--spacing--30);\">\r\n<h3 class=\"wp-block-heading has-text-align-center has-text-color has-link-color has-large-font-size wp-elements-b229b66e0de8b95fa669f8056df1cc3b\" style=\"color: #f99913; padding-top: 1px;\"><em>We cook with four hands<\/em><\/h3>\r\n\r\n\r\n\r\n<h5 class=\"wp-block-heading has-text-align-center has-large-font-size\">350 \u20ac<\/h5>\r\n\r\n\r\n\r\n<div class=\"wp-block-spacer\" style=\"height: var(--wp--preset--spacing--10);\" aria-hidden=\"true\">\u00a0<\/div>\r\n\r\n\r\n\r\n<div class=\"wp-block-group is-vertical is-content-justification-stretch is-layout-flex wp-container-core-group-is-layout-353c4f5a wp-block-group-is-layout-flex\">\r\n<p class=\"has-text-align-center\">16 recipes<\/p>\r\n\r\n\r\n<hr class=\"wp-block-separator has-text-color has-contrast-3-color has-alpha-channel-opacity has-contrast-3-background-color has-background is-style-wide\" \/>\r\n\r\n\r\n<p class=\"has-text-align-center\">In person. 8 hours of training divided into 4 2-hour classes<\/p>\r\n\r\n\r\n<hr class=\"wp-block-separator has-text-color has-contrast-3-color has-alpha-channel-opacity has-contrast-3-background-color has-background is-style-wide\" \/>\r\n\r\n\r\n<p class=\"has-text-align-center\">We cook together to learn and discover more secrets<\/p>\r\n<\/div>\r\n\r\n\r\n<hr class=\"wp-block-separator has-text-color has-contrast-3-color has-alpha-channel-opacity has-contrast-3-background-color has-background is-style-wide\" \/>\r\n\r\n\r\n<p class=\"has-text-align-center\">Available in Madrid*<\/p>\r\n\r\n\r\n\r\n<div class=\"wp-block-spacer\" style=\"height: 16px;\" aria-hidden=\"true\">\u00a0<\/div>\r\n\r\n\r\n\r\n<div class=\"wp-block-buttons is-content-justification-center is-layout-flex wp-container-core-buttons-is-layout-a89b3969 wp-block-buttons-is-layout-flex\">\r\n<div class=\"wp-block-button has-custom-width wp-block-button__width-100 is-style-outline is-style-outline--2\"><a class=\"wp-block-button__link wp-element-button\" href=\"https:\/\/hobbykitchen.es\/en\/product\/cursos-cocina-presenciales-madrid\/\">Know more<\/a><\/div>\r\n<\/div>\r\n<\/div>\r\n<\/div>\r\n<\/div>\r\n<\/div>\r\n\r\n\r\n\r\n<p class=\"has-text-align-center\">We carry out all types of workshops and courses in addition to those we offer here. Tell us your need through\nContact Form <a href=\"https:\/\/hobbykitchen.es\/en\/contacto\/\">Contact Form<\/a>.<\/p>\r\n\r\n\r\n\r\n<p class=\"has-text-align-center has-small-font-size\">*Within the M-30. Mileage supplement for addresses outside the M-30.<\/p>","protected":false},"excerpt":{"rendered":"<p>Cursos de cocina Ofrecemos cursos de cocina online y cursos presenciales en Madrid* Planifica tu men\u00fa &nbsp; Descargable 6 recetas Incluye planificador de men\u00fas semanales Recurso gratuito descargable en formato PDF Disponible en todo el mundo Tu ser\u00e1s el Chef mientras yo te dirijo 250 \u20ac 16 recetas Online. 8 horas de formaci\u00f3n divididas en [&hellip;]<\/p>","protected":false},"author":2,"featured_media":0,"parent":0,"menu_order":0,"comment_status":"closed","ping_status":"closed","template":"","meta":{"_acf_changed":false,"footnotes":""},"class_list":["post-6327","page","type-page","status-publish","hentry"],"acf":[],"yoast_head":"<!-- This site is optimized with the Yoast SEO plugin v25.9 - https:\/\/yoast.com\/wordpress\/plugins\/seo\/ -->\n<title>Cursos - Hobby Kitchen<\/title>\n<meta name=\"robots\" content=\"index, follow, max-snippet:-1, max-image-preview:large, max-video-preview:-1\" \/>\n<link rel=\"canonical\" href=\"https:\/\/hobbykitchen.es\/en\/cursos-de-cocina\/\" \/>\n<meta property=\"og:locale\" content=\"en_US\" \/>\n<meta property=\"og:type\" content=\"article\" \/>\n<meta property=\"og:title\" content=\"Cursos - Hobby Kitchen\" \/>\n<meta property=\"og:description\" content=\"Cursos de cocina Ofrecemos cursos de cocina online y cursos presenciales en Madrid* Planifica tu men\u00fa &nbsp; Descargable 6 recetas Incluye planificador de men\u00fas semanales Recurso gratuito descargable en formato PDF Disponible en todo el mundo Tu ser\u00e1s el Chef mientras yo te dirijo 250 \u20ac 16 recetas Online. 8 horas de formaci\u00f3n divididas en [&hellip;]\" \/>\n<meta property=\"og:url\" content=\"https:\/\/hobbykitchen.es\/en\/cursos-de-cocina\/\" \/>\n<meta property=\"og:site_name\" content=\"Hobby Kitchen\" \/>\n<meta property=\"article:publisher\" content=\"https:\/\/www.facebook.com\/hobbykitchen.madrid\/\" \/>\n<meta property=\"article:modified_time\" content=\"2024-04-26T06:48:29+00:00\" \/>\n<meta name=\"twitter:card\" content=\"summary_large_image\" \/>\n<meta name=\"twitter:label1\" content=\"Est. reading time\" \/>\n\t<meta name=\"twitter:data1\" content=\"1 minute\" \/>\n<script type=\"application\/ld+json\" class=\"yoast-schema-graph\">{\"@context\":\"https:\/\/schema.org\",\"@graph\":[{\"@type\":\"WebPage\",\"@id\":\"https:\/\/hobbykitchen.es\/cursos-de-cocina\/\",\"url\":\"https:\/\/hobbykitchen.es\/cursos-de-cocina\/\",\"name\":\"Cursos - Hobby Kitchen\",\"isPartOf\":{\"@id\":\"https:\/\/hobbykitchen.es\/#website\"},\"datePublished\":\"2024-01-02T19:21:09+00:00\",\"dateModified\":\"2024-04-26T06:48:29+00:00\",\"breadcrumb\":{\"@id\":\"https:\/\/hobbykitchen.es\/cursos-de-cocina\/#breadcrumb\"},\"inLanguage\":\"en-US\",\"potentialAction\":[{\"@type\":\"ReadAction\",\"target\":[\"https:\/\/hobbykitchen.es\/cursos-de-cocina\/\"]}]},{\"@type\":\"BreadcrumbList\",\"@id\":\"https:\/\/hobbykitchen.es\/cursos-de-cocina\/#breadcrumb\",\"itemListElement\":[{\"@type\":\"ListItem\",\"position\":1,\"name\":\"Portada\",\"item\":\"https:\/\/hobbykitchen.es\/\"},{\"@type\":\"ListItem\",\"position\":2,\"name\":\"Cursos\"}]},{\"@type\":\"WebSite\",\"@id\":\"https:\/\/hobbykitchen.es\/#website\",\"url\":\"https:\/\/hobbykitchen.es\/\",\"name\":\"Hobby Kitchen\",\"description\":\"Escuela de Cocina y Salud\",\"publisher\":{\"@id\":\"https:\/\/hobbykitchen.es\/#organization\"},\"potentialAction\":[{\"@type\":\"SearchAction\",\"target\":{\"@type\":\"EntryPoint\",\"urlTemplate\":\"https:\/\/hobbykitchen.es\/?s={search_term_string}\"},\"query-input\":{\"@type\":\"PropertyValueSpecification\",\"valueRequired\":true,\"valueName\":\"search_term_string\"}}],\"inLanguage\":\"en-US\"},{\"@type\":\"Organization\",\"@id\":\"https:\/\/hobbykitchen.es\/#organization\",\"name\":\"Hobby Kitchen Escuela de Cocina y Salud\",\"url\":\"https:\/\/hobbykitchen.es\/\",\"logo\":{\"@type\":\"ImageObject\",\"inLanguage\":\"en-US\",\"@id\":\"https:\/\/hobbykitchen.es\/#\/schema\/logo\/image\/\",\"url\":\"https:\/\/i0.wp.com\/hobbykitchen.es\/wp-content\/uploads\/LOGO-HOBBY-KITCHEN.jpeg?fit=1080%2C1080&ssl=1\",\"contentUrl\":\"https:\/\/i0.wp.com\/hobbykitchen.es\/wp-content\/uploads\/LOGO-HOBBY-KITCHEN.jpeg?fit=1080%2C1080&ssl=1\",\"width\":1080,\"height\":1080,\"caption\":\"Hobby Kitchen Escuela de Cocina y Salud\"},\"image\":{\"@id\":\"https:\/\/hobbykitchen.es\/#\/schema\/logo\/image\/\"},\"sameAs\":[\"https:\/\/www.facebook.com\/hobbykitchen.madrid\/\",\"https:\/\/www.linkedin.com\/in\/elena-de-tapia-ruano-b72884100\/\",\"https:\/\/www.youtube.com\/channel\/UCU7KnuYzuPtdsayAOsWkGkg\/about\",\"https:\/\/www.instagram.com\/hobbykitchen.madrid\/\"]}]}<\/script>\n<!-- \/ Yoast SEO plugin. -->","yoast_head_json":{"title":"Cursos - Hobby Kitchen","robots":{"index":"index","follow":"follow","max-snippet":"max-snippet:-1","max-image-preview":"max-image-preview:large","max-video-preview":"max-video-preview:-1"},"canonical":"https:\/\/hobbykitchen.es\/en\/cursos-de-cocina\/","og_locale":"en_US","og_type":"article","og_title":"Cursos - Hobby Kitchen","og_description":"Cursos de cocina Ofrecemos cursos de cocina online y cursos presenciales en Madrid* Planifica tu men\u00fa &nbsp; Descargable 6 recetas Incluye planificador de men\u00fas semanales Recurso gratuito descargable en formato PDF Disponible en todo el mundo Tu ser\u00e1s el Chef mientras yo te dirijo 250 \u20ac 16 recetas Online. 8 horas de formaci\u00f3n divididas en [&hellip;]","og_url":"https:\/\/hobbykitchen.es\/en\/cursos-de-cocina\/","og_site_name":"Hobby Kitchen","article_publisher":"https:\/\/www.facebook.com\/hobbykitchen.madrid\/","article_modified_time":"2024-04-26T06:48:29+00:00","twitter_card":"summary_large_image","twitter_misc":{"Est. reading time":"1 minute"},"schema":{"@context":"https:\/\/schema.org","@graph":[{"@type":"WebPage","@id":"https:\/\/hobbykitchen.es\/cursos-de-cocina\/","url":"https:\/\/hobbykitchen.es\/cursos-de-cocina\/","name":"Cursos - Hobby Kitchen","isPartOf":{"@id":"https:\/\/hobbykitchen.es\/#website"},"datePublished":"2024-01-02T19:21:09+00:00","dateModified":"2024-04-26T06:48:29+00:00","breadcrumb":{"@id":"https:\/\/hobbykitchen.es\/cursos-de-cocina\/#breadcrumb"},"inLanguage":"en-US","potentialAction":[{"@type":"ReadAction","target":["https:\/\/hobbykitchen.es\/cursos-de-cocina\/"]}]},{"@type":"BreadcrumbList","@id":"https:\/\/hobbykitchen.es\/cursos-de-cocina\/#breadcrumb","itemListElement":[{"@type":"ListItem","position":1,"name":"Portada","item":"https:\/\/hobbykitchen.es\/"},{"@type":"ListItem","position":2,"name":"Cursos"}]},{"@type":"WebSite","@id":"https:\/\/hobbykitchen.es\/#website","url":"https:\/\/hobbykitchen.es\/","name":"Hobby Kitchen","description":"Cooking and Health School","publisher":{"@id":"https:\/\/hobbykitchen.es\/#organization"},"potentialAction":[{"@type":"SearchAction","target":{"@type":"EntryPoint","urlTemplate":"https:\/\/hobbykitchen.es\/?s={search_term_string}"},"query-input":{"@type":"PropertyValueSpecification","valueRequired":true,"valueName":"search_term_string"}}],"inLanguage":"en-US"},{"@type":"Organization","@id":"https:\/\/hobbykitchen.es\/#organization","name":"Hobby Kitchen Escuela de Cocina y Salud","url":"https:\/\/hobbykitchen.es\/","logo":{"@type":"ImageObject","inLanguage":"en-US","@id":"https:\/\/hobbykitchen.es\/#\/schema\/logo\/image\/","url":"https:\/\/i0.wp.com\/hobbykitchen.es\/wp-content\/uploads\/LOGO-HOBBY-KITCHEN.jpeg?fit=1080%2C1080&ssl=1","contentUrl":"https:\/\/i0.wp.com\/hobbykitchen.es\/wp-content\/uploads\/LOGO-HOBBY-KITCHEN.jpeg?fit=1080%2C1080&ssl=1","width":1080,"height":1080,"caption":"Hobby Kitchen Escuela de Cocina y Salud"},"image":{"@id":"https:\/\/hobbykitchen.es\/#\/schema\/logo\/image\/"},"sameAs":["https:\/\/www.facebook.com\/hobbykitchen.madrid\/","https:\/\/www.linkedin.com\/in\/elena-de-tapia-ruano-b72884100\/","https:\/\/www.youtube.com\/channel\/UCU7KnuYzuPtdsayAOsWkGkg\/about","https:\/\/www.instagram.com\/hobbykitchen.madrid\/"]}]}},"jetpack_sharing_enabled":true,"jetpack_shortlink":"https:\/\/wp.me\/Pfu27P-1E3","_links":{"self":[{"href":"https:\/\/hobbykitchen.es\/en\/wp-json\/wp\/v2\/pages\/6327","targetHints":{"allow":["GET"]}}],"collection":[{"href":"https:\/\/hobbykitchen.es\/en\/wp-json\/wp\/v2\/pages"}],"about":[{"href":"https:\/\/hobbykitchen.es\/en\/wp-json\/wp\/v2\/types\/page"}],"author":[{"embeddable":true,"href":"https:\/\/hobbykitchen.es\/en\/wp-json\/wp\/v2\/users\/2"}],"replies":[{"embeddable":true,"href":"https:\/\/hobbykitchen.es\/en\/wp-json\/wp\/v2\/comments?post=6327"}],"version-history":[{"count":45,"href":"https:\/\/hobbykitchen.es\/en\/wp-json\/wp\/v2\/pages\/6327\/revisions"}],"predecessor-version":[{"id":6834,"href":"https:\/\/hobbykitchen.es\/en\/wp-json\/wp\/v2\/pages\/6327\/revisions\/6834"}],"wp:attachment":[{"href":"https:\/\/hobbykitchen.es\/en\/wp-json\/wp\/v2\/media?parent=6327"}],"curies":[{"name":"wp","href":"https:\/\/api.w.org\/{rel}","templated":true}]}}