{"id":6308,"date":"2024-01-02T19:51:17","date_gmt":"2024-01-02T18:51:17","guid":{"rendered":"https:\/\/hobbykitchen.es\/?page_id=6308"},"modified":"2024-02-09T11:31:24","modified_gmt":"2024-02-09T10:31:24","slug":"sobre-mi","status":"publish","type":"page","link":"https:\/\/hobbykitchen.es\/en\/sobre-mi\/","title":{"rendered":"About me"},"content":{"rendered":"<div style=\"height:47px\" aria-hidden=\"true\" class=\"wp-block-spacer\"><\/div>\n\n\n\n<h2 class=\"wp-block-heading has-text-align-center\">Hello! I'm Elena, founder of Hobby Kitchen<\/h2>\n\n\n\n<div style=\"height:28px\" aria-hidden=\"true\" class=\"wp-block-spacer\"><\/div>\n\n\n\n<figure class=\"wp-block-image aligncenter size-large is-resized is-style-rounded is-style-rounded--1\"><img data-recalc-dims=\"1\" fetchpriority=\"high\" decoding=\"async\" width=\"1024\" height=\"1024\" data-attachment-id=\"6674\" data-permalink=\"https:\/\/hobbykitchen.es\/en\/1-1\/\" data-orig-file=\"https:\/\/i0.wp.com\/hobbykitchen.es\/wp-content\/uploads\/1-1.png?fit=1080%2C1080&amp;ssl=1\" data-orig-size=\"1080,1080\" data-comments-opened=\"0\" data-image-meta=\"{&quot;aperture&quot;:&quot;0&quot;,&quot;credit&quot;:&quot;&quot;,&quot;camera&quot;:&quot;&quot;,&quot;caption&quot;:&quot;&quot;,&quot;created_timestamp&quot;:&quot;0&quot;,&quot;copyright&quot;:&quot;&quot;,&quot;focal_length&quot;:&quot;0&quot;,&quot;iso&quot;:&quot;0&quot;,&quot;shutter_speed&quot;:&quot;0&quot;,&quot;title&quot;:&quot;&quot;,&quot;orientation&quot;:&quot;0&quot;}\" data-image-title=\"1-1\" data-image-description=\"\" data-image-caption=\"\" data-medium-file=\"https:\/\/i0.wp.com\/hobbykitchen.es\/wp-content\/uploads\/1-1.png?fit=300%2C300&amp;ssl=1\" data-large-file=\"https:\/\/i0.wp.com\/hobbykitchen.es\/wp-content\/uploads\/1-1.png?fit=1024%2C1024&amp;ssl=1\" src=\"https:\/\/i0.wp.com\/hobbykitchen.es\/wp-content\/uploads\/1-1.png?resize=1024%2C1024&#038;ssl=1\" alt=\"\" class=\"wp-image-6674\" style=\"width:460px;height:auto\" srcset=\"https:\/\/i0.wp.com\/hobbykitchen.es\/wp-content\/uploads\/1-1.png?resize=1024%2C1024&amp;ssl=1 1024w, https:\/\/i0.wp.com\/hobbykitchen.es\/wp-content\/uploads\/1-1.png?resize=300%2C300&amp;ssl=1 300w, https:\/\/i0.wp.com\/hobbykitchen.es\/wp-content\/uploads\/1-1.png?resize=150%2C150&amp;ssl=1 150w, https:\/\/i0.wp.com\/hobbykitchen.es\/wp-content\/uploads\/1-1.png?resize=768%2C768&amp;ssl=1 768w, https:\/\/i0.wp.com\/hobbykitchen.es\/wp-content\/uploads\/1-1.png?resize=600%2C600&amp;ssl=1 600w, https:\/\/i0.wp.com\/hobbykitchen.es\/wp-content\/uploads\/1-1.png?resize=100%2C100&amp;ssl=1 100w, https:\/\/i0.wp.com\/hobbykitchen.es\/wp-content\/uploads\/1-1.png?w=1080&amp;ssl=1 1080w\" sizes=\"(max-width: 1000px) 100vw, 1000px\" \/><\/figure>\n\n\n\n<div style=\"height:13px\" aria-hidden=\"true\" class=\"wp-block-spacer\"><\/div>\n\n\n\n<p class=\"has-text-align-center\">Hobby Kitchen was born in 2003, when finally<br>I decide to pursue my dream of being a cook. I wanted to be one since I was little, and at home they encouraged me to study an economics degree so I could later \"pursue my hobby\" of cooking.<\/p>\n\n\n\n<p class=\"has-text-align-center\">After starting a family with 4 children, I began training to become a Senior Technician in Cooking, Dietetics and Nutrition Management. After years of experience in different kitchens and teaching courses, I founded my personal project Hobby Kitchen.<\/p>\n\n\n\n<p class=\"has-text-align-center\">I have subsequently completed my training with a Master's Degree in Nutrition and Neurogastronomy from the Applied Neurosciences Academy. <\/p>\n\n\n\n<p class=\"has-text-align-center\">I specialize in teaching cooking and nutrition classes for beginners of all ages (children, teenagers and adults), online and in person, individually or in groups.<\/p>\n\n\n\n<p class=\"has-text-align-center\">My Gastronomic Coaching approach is born from an intention to train and accompany, with passion and effort, all my students and clients towards conscious eating, involving the 5 senses. <\/p>\n\n\n\n<p class=\"has-text-align-center\">I want my students to obtain the necessary tools to be autonomous in the kitchen and enjoy the entire process. From the moment of planning a weekly menu, through cooking, to plating.<\/p>\n\n\n\n<div style=\"height:38px\" aria-hidden=\"true\" class=\"wp-block-spacer\"><\/div>\n\n\n\n<p class=\"has-text-align-center\"><a href=\"https:\/\/hobbykitchen.es\/wp-content\/uploads\/CV-ELENA-DE-TAPIA-RUANO-1.pdf\" target=\"_blank\" rel=\"noreferrer noopener\">Check my full resume here<\/a><\/p>\n\n\n\n<p class=\"has-text-align-center\"><a href=\"https:\/\/www.linkedin.com\/in\/elena-de-tapia-ruano-b72884100\/\" target=\"_blank\" rel=\"noreferrer noopener\">linkedln profile<\/a><\/p>\n\n\n\n<div style=\"height:54px\" aria-hidden=\"true\" class=\"wp-block-spacer\"><\/div>","protected":false},"excerpt":{"rendered":"<p>\u00a1Hola! Soy Elena, fundadora de Hobby Kitchen Hobby Kitchen nace en 2003, cuando por findecido perseguir mi sue\u00f1o de ser cocinera. Quise serlo desde peque\u00f1a, y en casa me animaron a estudiar una carrera de econ\u00f3micas para despu\u00e9s poder \u00abperseguir mi hobby\u201d de la cocina. Tras formar una familia con 4 hijos, comienzo a formarme [&hellip;]<\/p>","protected":false},"author":2,"featured_media":714,"parent":0,"menu_order":0,"comment_status":"closed","ping_status":"closed","template":"","meta":{"_acf_changed":false,"footnotes":""},"class_list":["post-6308","page","type-page","status-publish","has-post-thumbnail","hentry"],"acf":[],"yoast_head":"<!-- This site is optimized with the Yoast SEO plugin v25.9 - https:\/\/yoast.com\/wordpress\/plugins\/seo\/ -->\n<title>Sobre m\u00ed - Hobby Kitchen<\/title>\n<meta name=\"robots\" content=\"index, follow, max-snippet:-1, max-image-preview:large, max-video-preview:-1\" \/>\n<link rel=\"canonical\" href=\"https:\/\/hobbykitchen.es\/en\/sobre-mi\/\" \/>\n<meta property=\"og:locale\" content=\"en_US\" \/>\n<meta property=\"og:type\" content=\"article\" \/>\n<meta property=\"og:title\" content=\"Sobre m\u00ed - Hobby Kitchen\" \/>\n<meta property=\"og:description\" content=\"\u00a1Hola! Soy Elena, fundadora de Hobby Kitchen Hobby Kitchen nace en 2003, cuando por findecido perseguir mi sue\u00f1o de ser cocinera. Quise serlo desde peque\u00f1a, y en casa me animaron a estudiar una carrera de econ\u00f3micas para despu\u00e9s poder \u00abperseguir mi hobby\u201d de la cocina. Tras formar una familia con 4 hijos, comienzo a formarme [&hellip;]\" \/>\n<meta property=\"og:url\" content=\"https:\/\/hobbykitchen.es\/en\/sobre-mi\/\" \/>\n<meta property=\"og:site_name\" content=\"Hobby Kitchen\" \/>\n<meta property=\"article:publisher\" content=\"https:\/\/www.facebook.com\/hobbykitchen.madrid\/\" \/>\n<meta property=\"article:modified_time\" content=\"2024-02-09T10:31:24+00:00\" \/>\n<meta property=\"og:image\" content=\"https:\/\/hobbykitchen.es\/wp-content\/uploads\/elena-hobby-kitken-expocoaching-2019-2.jpg\" \/>\n\t<meta property=\"og:image:width\" content=\"1772\" \/>\n\t<meta property=\"og:image:height\" content=\"1418\" \/>\n\t<meta property=\"og:image:type\" content=\"image\/jpeg\" \/>\n<meta name=\"twitter:card\" content=\"summary_large_image\" \/>\n<meta name=\"twitter:label1\" content=\"Est. reading time\" \/>\n\t<meta name=\"twitter:data1\" content=\"1 minute\" \/>\n<script type=\"application\/ld+json\" class=\"yoast-schema-graph\">{\"@context\":\"https:\/\/schema.org\",\"@graph\":[{\"@type\":\"WebPage\",\"@id\":\"https:\/\/hobbykitchen.es\/sobre-mi\/\",\"url\":\"https:\/\/hobbykitchen.es\/sobre-mi\/\",\"name\":\"Sobre m\u00ed - Hobby Kitchen\",\"isPartOf\":{\"@id\":\"https:\/\/hobbykitchen.es\/#website\"},\"primaryImageOfPage\":{\"@id\":\"https:\/\/hobbykitchen.es\/sobre-mi\/#primaryimage\"},\"image\":{\"@id\":\"https:\/\/hobbykitchen.es\/sobre-mi\/#primaryimage\"},\"thumbnailUrl\":\"https:\/\/i0.wp.com\/hobbykitchen.es\/wp-content\/uploads\/elena-hobby-kitken-expocoaching-2019-2.jpg?fit=1772%2C1418&ssl=1\",\"datePublished\":\"2024-01-02T18:51:17+00:00\",\"dateModified\":\"2024-02-09T10:31:24+00:00\",\"breadcrumb\":{\"@id\":\"https:\/\/hobbykitchen.es\/sobre-mi\/#breadcrumb\"},\"inLanguage\":\"en-US\",\"potentialAction\":[{\"@type\":\"ReadAction\",\"target\":[\"https:\/\/hobbykitchen.es\/sobre-mi\/\"]}]},{\"@type\":\"ImageObject\",\"inLanguage\":\"en-US\",\"@id\":\"https:\/\/hobbykitchen.es\/sobre-mi\/#primaryimage\",\"url\":\"https:\/\/i0.wp.com\/hobbykitchen.es\/wp-content\/uploads\/elena-hobby-kitken-expocoaching-2019-2.jpg?fit=1772%2C1418&ssl=1\",\"contentUrl\":\"https:\/\/i0.wp.com\/hobbykitchen.es\/wp-content\/uploads\/elena-hobby-kitken-expocoaching-2019-2.jpg?fit=1772%2C1418&ssl=1\",\"width\":1772,\"height\":1418},{\"@type\":\"BreadcrumbList\",\"@id\":\"https:\/\/hobbykitchen.es\/sobre-mi\/#breadcrumb\",\"itemListElement\":[{\"@type\":\"ListItem\",\"position\":1,\"name\":\"Portada\",\"item\":\"https:\/\/hobbykitchen.es\/\"},{\"@type\":\"ListItem\",\"position\":2,\"name\":\"Sobre m\u00ed\"}]},{\"@type\":\"WebSite\",\"@id\":\"https:\/\/hobbykitchen.es\/#website\",\"url\":\"https:\/\/hobbykitchen.es\/\",\"name\":\"Hobby Kitchen\",\"description\":\"Escuela de Cocina y Salud\",\"publisher\":{\"@id\":\"https:\/\/hobbykitchen.es\/#organization\"},\"potentialAction\":[{\"@type\":\"SearchAction\",\"target\":{\"@type\":\"EntryPoint\",\"urlTemplate\":\"https:\/\/hobbykitchen.es\/?s={search_term_string}\"},\"query-input\":{\"@type\":\"PropertyValueSpecification\",\"valueRequired\":true,\"valueName\":\"search_term_string\"}}],\"inLanguage\":\"en-US\"},{\"@type\":\"Organization\",\"@id\":\"https:\/\/hobbykitchen.es\/#organization\",\"name\":\"Hobby Kitchen Escuela de Cocina y Salud\",\"url\":\"https:\/\/hobbykitchen.es\/\",\"logo\":{\"@type\":\"ImageObject\",\"inLanguage\":\"en-US\",\"@id\":\"https:\/\/hobbykitchen.es\/#\/schema\/logo\/image\/\",\"url\":\"https:\/\/i0.wp.com\/hobbykitchen.es\/wp-content\/uploads\/LOGO-HOBBY-KITCHEN.jpeg?fit=1080%2C1080&ssl=1\",\"contentUrl\":\"https:\/\/i0.wp.com\/hobbykitchen.es\/wp-content\/uploads\/LOGO-HOBBY-KITCHEN.jpeg?fit=1080%2C1080&ssl=1\",\"width\":1080,\"height\":1080,\"caption\":\"Hobby Kitchen Escuela de Cocina y Salud\"},\"image\":{\"@id\":\"https:\/\/hobbykitchen.es\/#\/schema\/logo\/image\/\"},\"sameAs\":[\"https:\/\/www.facebook.com\/hobbykitchen.madrid\/\",\"https:\/\/www.linkedin.com\/in\/elena-de-tapia-ruano-b72884100\/\",\"https:\/\/www.youtube.com\/channel\/UCU7KnuYzuPtdsayAOsWkGkg\/about\",\"https:\/\/www.instagram.com\/hobbykitchen.madrid\/\"]}]}<\/script>\n<!-- \/ Yoast SEO plugin. -->","yoast_head_json":{"title":"Sobre m\u00ed - Hobby Kitchen","robots":{"index":"index","follow":"follow","max-snippet":"max-snippet:-1","max-image-preview":"max-image-preview:large","max-video-preview":"max-video-preview:-1"},"canonical":"https:\/\/hobbykitchen.es\/en\/sobre-mi\/","og_locale":"en_US","og_type":"article","og_title":"Sobre m\u00ed - Hobby Kitchen","og_description":"\u00a1Hola! Soy Elena, fundadora de Hobby Kitchen Hobby Kitchen nace en 2003, cuando por findecido perseguir mi sue\u00f1o de ser cocinera. Quise serlo desde peque\u00f1a, y en casa me animaron a estudiar una carrera de econ\u00f3micas para despu\u00e9s poder \u00abperseguir mi hobby\u201d de la cocina. Tras formar una familia con 4 hijos, comienzo a formarme [&hellip;]","og_url":"https:\/\/hobbykitchen.es\/en\/sobre-mi\/","og_site_name":"Hobby Kitchen","article_publisher":"https:\/\/www.facebook.com\/hobbykitchen.madrid\/","article_modified_time":"2024-02-09T10:31:24+00:00","og_image":[{"width":1772,"height":1418,"url":"https:\/\/hobbykitchen.es\/wp-content\/uploads\/elena-hobby-kitken-expocoaching-2019-2.jpg","type":"image\/jpeg"}],"twitter_card":"summary_large_image","twitter_misc":{"Est. reading time":"1 minute"},"schema":{"@context":"https:\/\/schema.org","@graph":[{"@type":"WebPage","@id":"https:\/\/hobbykitchen.es\/sobre-mi\/","url":"https:\/\/hobbykitchen.es\/sobre-mi\/","name":"Sobre m\u00ed - Hobby Kitchen","isPartOf":{"@id":"https:\/\/hobbykitchen.es\/#website"},"primaryImageOfPage":{"@id":"https:\/\/hobbykitchen.es\/sobre-mi\/#primaryimage"},"image":{"@id":"https:\/\/hobbykitchen.es\/sobre-mi\/#primaryimage"},"thumbnailUrl":"https:\/\/i0.wp.com\/hobbykitchen.es\/wp-content\/uploads\/elena-hobby-kitken-expocoaching-2019-2.jpg?fit=1772%2C1418&ssl=1","datePublished":"2024-01-02T18:51:17+00:00","dateModified":"2024-02-09T10:31:24+00:00","breadcrumb":{"@id":"https:\/\/hobbykitchen.es\/sobre-mi\/#breadcrumb"},"inLanguage":"en-US","potentialAction":[{"@type":"ReadAction","target":["https:\/\/hobbykitchen.es\/sobre-mi\/"]}]},{"@type":"ImageObject","inLanguage":"en-US","@id":"https:\/\/hobbykitchen.es\/sobre-mi\/#primaryimage","url":"https:\/\/i0.wp.com\/hobbykitchen.es\/wp-content\/uploads\/elena-hobby-kitken-expocoaching-2019-2.jpg?fit=1772%2C1418&ssl=1","contentUrl":"https:\/\/i0.wp.com\/hobbykitchen.es\/wp-content\/uploads\/elena-hobby-kitken-expocoaching-2019-2.jpg?fit=1772%2C1418&ssl=1","width":1772,"height":1418},{"@type":"BreadcrumbList","@id":"https:\/\/hobbykitchen.es\/sobre-mi\/#breadcrumb","itemListElement":[{"@type":"ListItem","position":1,"name":"Portada","item":"https:\/\/hobbykitchen.es\/"},{"@type":"ListItem","position":2,"name":"Sobre m\u00ed"}]},{"@type":"WebSite","@id":"https:\/\/hobbykitchen.es\/#website","url":"https:\/\/hobbykitchen.es\/","name":"Hobby Kitchen","description":"Cooking and Health School","publisher":{"@id":"https:\/\/hobbykitchen.es\/#organization"},"potentialAction":[{"@type":"SearchAction","target":{"@type":"EntryPoint","urlTemplate":"https:\/\/hobbykitchen.es\/?s={search_term_string}"},"query-input":{"@type":"PropertyValueSpecification","valueRequired":true,"valueName":"search_term_string"}}],"inLanguage":"en-US"},{"@type":"Organization","@id":"https:\/\/hobbykitchen.es\/#organization","name":"Hobby Kitchen Escuela de Cocina y Salud","url":"https:\/\/hobbykitchen.es\/","logo":{"@type":"ImageObject","inLanguage":"en-US","@id":"https:\/\/hobbykitchen.es\/#\/schema\/logo\/image\/","url":"https:\/\/i0.wp.com\/hobbykitchen.es\/wp-content\/uploads\/LOGO-HOBBY-KITCHEN.jpeg?fit=1080%2C1080&ssl=1","contentUrl":"https:\/\/i0.wp.com\/hobbykitchen.es\/wp-content\/uploads\/LOGO-HOBBY-KITCHEN.jpeg?fit=1080%2C1080&ssl=1","width":1080,"height":1080,"caption":"Hobby Kitchen Escuela de Cocina y Salud"},"image":{"@id":"https:\/\/hobbykitchen.es\/#\/schema\/logo\/image\/"},"sameAs":["https:\/\/www.facebook.com\/hobbykitchen.madrid\/","https:\/\/www.linkedin.com\/in\/elena-de-tapia-ruano-b72884100\/","https:\/\/www.youtube.com\/channel\/UCU7KnuYzuPtdsayAOsWkGkg\/about","https:\/\/www.instagram.com\/hobbykitchen.madrid\/"]}]}},"jetpack_sharing_enabled":true,"jetpack_shortlink":"https:\/\/wp.me\/Pfu27P-1DK","_links":{"self":[{"href":"https:\/\/hobbykitchen.es\/en\/wp-json\/wp\/v2\/pages\/6308","targetHints":{"allow":["GET"]}}],"collection":[{"href":"https:\/\/hobbykitchen.es\/en\/wp-json\/wp\/v2\/pages"}],"about":[{"href":"https:\/\/hobbykitchen.es\/en\/wp-json\/wp\/v2\/types\/page"}],"author":[{"embeddable":true,"href":"https:\/\/hobbykitchen.es\/en\/wp-json\/wp\/v2\/users\/2"}],"replies":[{"embeddable":true,"href":"https:\/\/hobbykitchen.es\/en\/wp-json\/wp\/v2\/comments?post=6308"}],"version-history":[{"count":27,"href":"https:\/\/hobbykitchen.es\/en\/wp-json\/wp\/v2\/pages\/6308\/revisions"}],"predecessor-version":[{"id":6675,"href":"https:\/\/hobbykitchen.es\/en\/wp-json\/wp\/v2\/pages\/6308\/revisions\/6675"}],"wp:featuredmedia":[{"embeddable":true,"href":"https:\/\/hobbykitchen.es\/en\/wp-json\/wp\/v2\/media\/714"}],"wp:attachment":[{"href":"https:\/\/hobbykitchen.es\/en\/wp-json\/wp\/v2\/media?parent=6308"}],"curies":[{"name":"wp","href":"https:\/\/api.w.org\/{rel}","templated":true}]}}