{"id":38,"date":"2018-07-16T09:00:59","date_gmt":"2018-07-16T09:00:59","guid":{"rendered":"http:\/\/www.hobbykitchen.es\/homepage\/"},"modified":"2024-06-27T18:43:20","modified_gmt":"2024-06-27T16:43:20","slug":"homepage","status":"publish","type":"page","link":"https:\/\/hobbykitchen.es\/en\/","title":{"rendered":"Home"},"content":{"rendered":"<div class=\"wp-block-group alignfull has-global-padding is-layout-constrained wp-container-core-group-is-layout-d89aad35 wp-block-group-is-layout-constrained\" style=\"margin-top: 0; margin-bottom: 0; padding: var(--wp--preset--spacing--50);\">\r\n<div class=\"wp-block-columns alignwide are-vertically-aligned-center is-layout-flex wp-container-core-columns-is-layout-47c06fe3 wp-block-columns-is-layout-flex\">\r\n<div class=\"wp-block-column is-vertically-aligned-center is-layout-flow wp-block-column-is-layout-flow\" style=\"flex-basis: 50%;\">\r\n<h1 class=\"wp-block-heading\">Take charge of your health<\/h1>\r\n\r\n\r\n\r\n<p>At Hobby Kitchen we offer training and nutritional support applying the principles of neurogastronomy, we work to give you the tools to create new unique, memorable and sustainable moments around the table, taking care of your health and well-being.<\/p>\r\n\r\n\r\n\r\n<div class=\"wp-block-spacer\" style=\"height: 13px;\" aria-hidden=\"true\">\u00a0<\/div>\r\n<\/div>\r\n\r\n\r\n\r\n<div class=\"wp-block-column is-vertically-aligned-center is-layout-flow wp-block-column-is-layout-flow\" style=\"flex-basis: 50%;\">\r\n<figure class=\"wp-block-image aligncenter size-full is-style-rounded is-style-rounded--1\"><img data-recalc-dims=\"1\" fetchpriority=\"high\" decoding=\"async\" width=\"1600\" height=\"1200\" data-attachment-id=\"6783\" data-permalink=\"https:\/\/hobbykitchen.es\/en\/elena-de-tapia-ruano-cocina-cursos\/\" data-orig-file=\"https:\/\/i0.wp.com\/hobbykitchen.es\/wp-content\/uploads\/ELENA-DE-TAPIA-RUANO-COCINA-CURSOS.jpeg?fit=1600%2C1200&amp;ssl=1\" data-orig-size=\"1600,1200\" data-comments-opened=\"0\" data-image-meta=\"{&quot;aperture&quot;:&quot;0&quot;,&quot;credit&quot;:&quot;&quot;,&quot;camera&quot;:&quot;&quot;,&quot;caption&quot;:&quot;&quot;,&quot;created_timestamp&quot;:&quot;0&quot;,&quot;copyright&quot;:&quot;&quot;,&quot;focal_length&quot;:&quot;0&quot;,&quot;iso&quot;:&quot;0&quot;,&quot;shutter_speed&quot;:&quot;0&quot;,&quot;title&quot;:&quot;&quot;,&quot;orientation&quot;:&quot;0&quot;}\" data-image-title=\"ELENA-DE-TAPIA-RUANO-COCINA-CURSOS\" data-image-description=\"\" data-image-caption=\"\" data-medium-file=\"https:\/\/i0.wp.com\/hobbykitchen.es\/wp-content\/uploads\/ELENA-DE-TAPIA-RUANO-COCINA-CURSOS.jpeg?fit=300%2C225&amp;ssl=1\" data-large-file=\"https:\/\/i0.wp.com\/hobbykitchen.es\/wp-content\/uploads\/ELENA-DE-TAPIA-RUANO-COCINA-CURSOS.jpeg?fit=1024%2C768&amp;ssl=1\" class=\"wp-image-6783\" style=\"aspect-ratio: 4\/3; object-fit: cover;\" src=\"https:\/\/i0.wp.com\/hobbykitchen.es\/wp-content\/uploads\/ELENA-DE-TAPIA-RUANO-COCINA-CURSOS.jpeg?resize=1600%2C1200&#038;ssl=1\" alt=\"Elena de Tapia Ruano, profesora de cocina \" srcset=\"https:\/\/i0.wp.com\/hobbykitchen.es\/wp-content\/uploads\/ELENA-DE-TAPIA-RUANO-COCINA-CURSOS.jpeg?w=1600&amp;ssl=1 1600w, https:\/\/i0.wp.com\/hobbykitchen.es\/wp-content\/uploads\/ELENA-DE-TAPIA-RUANO-COCINA-CURSOS.jpeg?resize=300%2C225&amp;ssl=1 300w, https:\/\/i0.wp.com\/hobbykitchen.es\/wp-content\/uploads\/ELENA-DE-TAPIA-RUANO-COCINA-CURSOS.jpeg?resize=1024%2C768&amp;ssl=1 1024w, https:\/\/i0.wp.com\/hobbykitchen.es\/wp-content\/uploads\/ELENA-DE-TAPIA-RUANO-COCINA-CURSOS.jpeg?resize=768%2C576&amp;ssl=1 768w, https:\/\/i0.wp.com\/hobbykitchen.es\/wp-content\/uploads\/ELENA-DE-TAPIA-RUANO-COCINA-CURSOS.jpeg?resize=1536%2C1152&amp;ssl=1 1536w, https:\/\/i0.wp.com\/hobbykitchen.es\/wp-content\/uploads\/ELENA-DE-TAPIA-RUANO-COCINA-CURSOS.jpeg?resize=600%2C450&amp;ssl=1 600w\" sizes=\"(max-width: 1000px) 100vw, 1000px\" \/>\r\n<figcaption class=\"wp-element-caption\">Elena de Tapia-Ruano, founder of Hobby Kitchen<\/figcaption>\r\n<\/figure>\r\n<\/div>\r\n<\/div>\r\n<\/div>\r\n\r\n\r\n\r\n<div class=\"wp-block-group alignfull has-base-background-color has-background has-global-padding is-layout-constrained wp-container-core-group-is-layout-d89aad35 wp-block-group-is-layout-constrained\" style=\"margin-top: 0; margin-bottom: 0; padding: var(--wp--preset--spacing--50);\">\r\n<div class=\"wp-block-columns alignwide is-layout-flex wp-container-core-columns-is-layout-549b0c86 wp-block-columns-is-layout-flex\">\r\n<div class=\"wp-block-column has-global-padding is-content-justification-left is-layout-constrained wp-container-core-column-is-layout-4f15e8fe wp-block-column-is-layout-constrained\" style=\"flex-basis: 40%;\"><\/div>\r\n<div class=\"wp-block-column\" style=\"flex-basis: 60%;\">\r\n<div class=\"wp-block-columns\">\r\n<div class=\"wp-block-column\">\r\n<p>Together we will improve your diet, we will cook and you will learn new basic culinary techniques, always taking care of your nutrition. \u00a0<\/p>\r\n<p>In our courses you will learn culinary techniques in a practical and easy way while acquiring healthy habits and dietary patterns, through our own methodology adapted to children, young people and adults.<\/p>\r\n<\/div>\r\n<\/div>\r\n<\/div>\r\n<\/div>\r\n<!-- \/wp:post-content --><\/div>\r\n<!-- \/wp:group -->\r\n\r\n<!-- wp:pattern {\"slug\":\"clients-section\"} \/-->\r\n\r\n<!-- wp:group {\"align\":\"full\",\"style\":{\"spacing\":{\"padding\":{\"top\":\"var:preset|spacing|50\",\"bottom\":\"var:preset|spacing|50\",\"left\":\"var:preset|spacing|50\",\"right\":\"var:preset|spacing|50\"},\"margin\":{\"top\":\"0\",\"bottom\":\"0\"}}},\"layout\":{\"type\":\"constrained\"}} -->\r\n<div class=\"wp-block-group alignfull\" style=\"margin-top: 0; margin-bottom: 0; padding: var(--wp--preset--spacing--50);\"><!-- wp:columns {\"verticalAlignment\":\"center\",\"align\":\"wide\",\"style\":{\"spacing\":{\"blockGap\":{\"top\":\"var:preset|spacing|50\",\"left\":\"var:preset|spacing|50\"}}}} -->\r\n<div class=\"wp-block-columns alignwide are-vertically-aligned-center\"><!-- wp:column {\"verticalAlignment\":\"center\",\"width\":\"50%\"} -->\r\n<div class=\"wp-block-column is-vertically-aligned-center\" style=\"flex-basis: 50%;\">\r\n<h2 class=\"wp-block-heading\">We help you achieve conscious eating<\/h2>\r\n<p>At your side, an expert in nutrition and cooking will guide you and help you bring out everything you have inside, emotions and feelings. You will put your body, heart and mind when choosing, preparing and consuming food. You will immerse yourself in the colors, textures, aromas, flavors and even sounds produced by drinking and eating.<\/p>\r\n<ul class=\"is-style-checkmark-list\" style=\"line-height: 1.75;\">\r\n<li>Online cooking courses<\/li>\r\n<li>In-person cooking courses<\/li>\r\n<li>Dietary support plans<\/li>\r\n<\/ul>\r\n<div class=\"wp-block-buttons\">\r\n<div class=\"wp-block-button\"><a class=\"wp-block-button__link wp-element-button\" href=\"https:\/\/hobbykitchen.es\/en\/cursos-de-cocina\/\">COURSE<\/a><\/div>\r\n<div>\u00a0<\/div>\r\n<div class=\"wp-block-button\"><a class=\"wp-block-button__link wp-element-button\" href=\"https:\/\/hobbykitchen.es\/en\/planes\/\">PLANS<\/a><\/div>\r\n<\/div>\r\n<\/div>\r\n<div>\u00a0<\/div>\r\n<!-- \/wp:column -->\r\n\r\n<!-- wp:column {\"verticalAlignment\":\"center\",\"width\":\"50%\"} -->\r\n<div class=\"wp-block-column is-vertically-aligned-center\" style=\"flex-basis: 50%;\"><!-- wp:image {\"id\":6475,\"aspectRatio\":\"4\/3\",\"scale\":\"cover\",\"sizeSlug\":\"full\",\"linkDestination\":\"none\",\"className\":\"is-style-rounded\"} -->\r\n<figure class=\"wp-block-image size-full is-style-rounded\"><img data-recalc-dims=\"1\" decoding=\"async\" width=\"2560\" height=\"1707\" data-attachment-id=\"6475\" data-permalink=\"https:\/\/hobbykitchen.es\/en\/brooke-lark-w9okrxbqiza-unsplash\/\" data-orig-file=\"https:\/\/i0.wp.com\/hobbykitchen.es\/wp-content\/uploads\/brooke-lark-W9OKrxBqiZA-unsplash-scaled.jpg?fit=2560%2C1707&amp;ssl=1\" data-orig-size=\"2560,1707\" data-comments-opened=\"0\" data-image-meta=\"{&quot;aperture&quot;:&quot;0&quot;,&quot;credit&quot;:&quot;&quot;,&quot;camera&quot;:&quot;&quot;,&quot;caption&quot;:&quot;&quot;,&quot;created_timestamp&quot;:&quot;0&quot;,&quot;copyright&quot;:&quot;&quot;,&quot;focal_length&quot;:&quot;0&quot;,&quot;iso&quot;:&quot;0&quot;,&quot;shutter_speed&quot;:&quot;0&quot;,&quot;title&quot;:&quot;&quot;,&quot;orientation&quot;:&quot;0&quot;}\" data-image-title=\"brooke-lark-W9OKrxBqiZA-unsplash\" data-image-description=\"\" data-image-caption=\"\" data-medium-file=\"https:\/\/i0.wp.com\/hobbykitchen.es\/wp-content\/uploads\/brooke-lark-W9OKrxBqiZA-unsplash-scaled.jpg?fit=300%2C200&amp;ssl=1\" data-large-file=\"https:\/\/i0.wp.com\/hobbykitchen.es\/wp-content\/uploads\/brooke-lark-W9OKrxBqiZA-unsplash-scaled.jpg?fit=1024%2C683&amp;ssl=1\" class=\"wp-image-6475\" style=\"aspect-ratio: 4\/3; object-fit: cover;\" src=\"https:\/\/i0.wp.com\/hobbykitchen.es\/wp-content\/uploads\/brooke-lark-W9OKrxBqiZA-unsplash-scaled.jpg?resize=2560%2C1707&#038;ssl=1\" alt=\"\" srcset=\"https:\/\/i0.wp.com\/hobbykitchen.es\/wp-content\/uploads\/brooke-lark-W9OKrxBqiZA-unsplash-scaled.jpg?w=2560&amp;ssl=1 2560w, https:\/\/i0.wp.com\/hobbykitchen.es\/wp-content\/uploads\/brooke-lark-W9OKrxBqiZA-unsplash-scaled.jpg?resize=300%2C200&amp;ssl=1 300w, https:\/\/i0.wp.com\/hobbykitchen.es\/wp-content\/uploads\/brooke-lark-W9OKrxBqiZA-unsplash-scaled.jpg?resize=1024%2C683&amp;ssl=1 1024w, https:\/\/i0.wp.com\/hobbykitchen.es\/wp-content\/uploads\/brooke-lark-W9OKrxBqiZA-unsplash-scaled.jpg?resize=768%2C512&amp;ssl=1 768w, https:\/\/i0.wp.com\/hobbykitchen.es\/wp-content\/uploads\/brooke-lark-W9OKrxBqiZA-unsplash-scaled.jpg?resize=1536%2C1024&amp;ssl=1 1536w, https:\/\/i0.wp.com\/hobbykitchen.es\/wp-content\/uploads\/brooke-lark-W9OKrxBqiZA-unsplash-scaled.jpg?resize=2048%2C1365&amp;ssl=1 2048w, https:\/\/i0.wp.com\/hobbykitchen.es\/wp-content\/uploads\/brooke-lark-W9OKrxBqiZA-unsplash-scaled.jpg?resize=600%2C400&amp;ssl=1 600w, https:\/\/i0.wp.com\/hobbykitchen.es\/wp-content\/uploads\/brooke-lark-W9OKrxBqiZA-unsplash-scaled.jpg?resize=272%2C182&amp;ssl=1 272w\" sizes=\"(max-width: 1000px) 100vw, 1000px\" \/><\/figure>\r\n<!-- \/wp:image --><\/div>\r\n<!-- \/wp:column --><\/div>\r\n<!-- \/wp:columns --><\/div>\r\n<!-- \/wp:group -->\r\n\r\n<!-- wp:group {\"align\":\"full\",\"style\":{\"spacing\":{\"padding\":{\"top\":\"var:preset|spacing|60\",\"bottom\":\"var:preset|spacing|60\",\"left\":\"var:preset|spacing|60\",\"right\":\"var:preset|spacing|60\"},\"margin\":{\"top\":\"0\",\"bottom\":\"0\"}}},\"backgroundColor\":\"base\",\"layout\":{\"type\":\"constrained\"}} -->\r\n<div class=\"wp-block-group alignfull has-base-background-color has-background\" style=\"margin-top: 0; margin-bottom: 0; padding: var(--wp--preset--spacing--60);\"><!-- wp:group {\"align\":\"wide\",\"layout\":{\"type\":\"default\"}} -->\r\n<div class=\"wp-block-group alignwide\"><!-- wp:paragraph {\"align\":\"center\",\"style\":{\"typography\":{\"lineHeight\":\"1.2\",\"fontStyle\":\"normal\",\"fontWeight\":\"400\"}},\"fontSize\":\"x-large\",\"fontFamily\":\"heading\"} -->\r\n<p class=\"has-text-align-center has-heading-font-family has-x-large-font-size\" style=\"font-style: normal; font-weight: 400; line-height: 1.2;\"><strong>Testimonials<\/strong><\/p>\r\n<!-- \/wp:paragraph -->\r\n\r\n<!-- wp:uagb\/testimonial {\"classMigrate\":true,\"test_block\":[{\"description\":\"Elena es una profesora que sabe sacar los puntos fuertes que una tiene, pero tambi\u00e9n animar a probar t\u00e9cnicas de cocina que nunca hab\u00edas imaginado poder hacer.\",\"name\":\"Alina\",\"company\":\"Alumna del curso de ayudante de cocina en Madrid Woman's Academy\",\"image\":\"\"},{\"description\":\"Una excusa perfecta para compartir un espacio en familia. Las recetas muy buenas, f\u00e1ciles de comprender y de hacer.\",\"name\":\"Hector\",\"company\":\"Alumno presencial - Taller de Elaboraci\u00f3n de Tapas a domicilio en Madrid\",\"image\":\"\"},{\"description\":\"\\u003cbr\\u003e\u00a1Maravilloso curso con Elena!\",\"name\":\"Marta\",\"company\":\"Alumna presencial - Madrid\",\"image\":\"\"}],\"nameFontFamily\":\"Cardo\",\"nameLoadGoogleFonts\":true,\"companyFontFamily\":\"Cardo\",\"companyLoadGoogleFonts\":true,\"descFontSize\":23,\"descFontFamily\":\"Cardo\",\"descFontStyle\":\"italic\",\"descLoadGoogleFonts\":true,\"block_id\":\"3841dd27\",\"autoplay\":false,\"arrowDots\":\"arrows\",\"borderStyle\":\"\",\"overallBorderStyle\":\"none\"} -->\r\n<div class=\"wp-block-uagb-testimonial uagb-slick-carousel uagb-tm__arrow-outside uagb-block-3841dd27\">\r\n<div class=\"is-carousel uagb-tm__columns-1 uagb-tm__items\">\r\n<div class=\"uagb-testimonial__wrap  uagb-tm__imgicon-style-circle uagb-tm__image-position-bottom uagb-tm__bg-type-none\">\r\n<div class=\"uagb-tm__content\">\r\n<div class=\"uagb-tm__overlay\">\u00a0<\/div>\r\n<div class=\"uagb-tm__text-wrap\">\r\n<div class=\"uagb-tm__desc\"><strong>Elena is a teacher who knows how to bring out one's strengths, but also encourage people to try cooking techniques that you had never imagined being able to do.<\/strong><\/div>\r\n<div class=\"uagb-tm__meta-inner\">\r\n<div class=\"uagb-testimonial-details\"><span class=\"uagb-tm__author-name\">Alina<\/span><span class=\"uagb-tm__company\">Student of the kitchen assistant course at Madrid Woman's Academy<\/span><\/div>\r\n<\/div>\r\n<\/div>\r\n<\/div>\r\n<\/div>\r\n<div class=\"uagb-testimonial__wrap  uagb-tm__imgicon-style-circle uagb-tm__image-position-bottom uagb-tm__bg-type-none\">\r\n<div class=\"uagb-tm__content\">\r\n<div class=\"uagb-tm__overlay\">\u00a0<\/div>\r\n<div class=\"uagb-tm__text-wrap\">\r\n<div class=\"uagb-tm__desc\"><strong>A perfect excuse to share a family space. Very good recipes, easy to understand and make.\nHectorStudent in person \u2013 Tapas Making Workshop at home in Madrid<\/strong><\/div>\r\n<div class=\"uagb-tm__meta-inner\">\r\n<div class=\"uagb-testimonial-details\"><span class=\"uagb-tm__author-name\">Hector<\/span><span class=\"uagb-tm__company\">In-person student \u2013 \u200b\u200bTapas Making Workshop at home in Madrid<\/span><\/div>\r\n<\/div>\r\n<\/div>\r\n<\/div>\r\n<\/div>\r\n<div class=\"uagb-testimonial__wrap  uagb-tm__imgicon-style-circle uagb-tm__image-position-bottom uagb-tm__bg-type-none\">\r\n<div class=\"uagb-tm__content\">\r\n<div class=\"uagb-tm__overlay\">\u00a0<\/div>\r\n<div class=\"uagb-tm__text-wrap\">\r\n<div class=\"uagb-tm__desc\"><br \/><strong>Wonderful course with Elena!<\/strong><\/div>\r\n<div class=\"uagb-tm__meta-inner\">\r\n<div class=\"uagb-testimonial-details\"><span class=\"uagb-tm__author-name\">Marta<\/span><span class=\"uagb-tm__company\">Alumna presencial \u2013 Madrid<\/span><\/div>\r\n<\/div>\r\n<\/div>\r\n<\/div>\r\n<\/div>\r\n<\/div>\r\n<\/div>\r\n<!-- \/wp:uagb\/testimonial --><\/div>\r\n<!-- \/wp:group --><\/div>\r\n<!-- \/wp:group -->\r\n\r\n<!-- wp:uagb\/icon-list {\"block_id\":\"a03b2177\",\"classMigrate\":true,\"childMigrate\":true} -->\r\n<div class=\"wp-block-uagb-icon-list uagb-block-a03b2177\">\r\n<div class=\"uagb-icon-list__wrap\"><!-- wp:uagb\/icon-list-child {\"block_id\":\"b1ac05fc\"} --><\/div>\r\n<\/div>\r\n<div class=\"wp-block-uagb-advanced-heading uagb-block-8cb882fb\">\r\n<h2 class=\"uagb-heading-text\">\u00a0<\/h2>\r\n<\/div>\r\n<!-- \/wp:uagb\/advanced-heading -->\r\n\r\n<!-- wp:uagb\/container {\"block_id\":\"9cb2ee15\",\"isBlockRootParent\":true} -->\r\n<div class=\"wp-block-uagb-container uagb-block-9cb2ee15 alignfull uagb-is-root-container\">\r\n<div class=\"uagb-container-inner-blocks-wrap\">\u00a0<\/div>\r\n<\/div>\r\n<!-- \/wp:uagb\/container -->\r\n\r\n<!-- wp:uagb\/icon {\"block_id\":\"dfb52668\"} -->\r\n<div class=\"wp-block-uagb-icon uagb-block-dfb52668 uagb-icon-wrapper\">\u00a0<\/div>\r\n<!-- \/wp:uagb\/icon -->","protected":false},"excerpt":{"rendered":"<p>Toma las riendas de tu salud En Hobby Kitchen ofrecemos formaci\u00f3n y acompa\u00f1amiento nutricional aplicando los principios de la neurogastronom\u00eda, trabajamos para darte las herramientas para que creas nuevos momentos \u00fanicos y memorables y sostenibles en torno a la mesa, cuidando tu salud y bienestar. Juntos mejoraremos tu alimentaci\u00f3n, cocinaremos y aprender\u00e1s nuevas t\u00e9cnicas culinarias [&hellip;]<\/p>","protected":false},"author":2,"featured_media":0,"parent":0,"menu_order":0,"comment_status":"closed","ping_status":"closed","template":"","meta":{"_acf_changed":false,"footnotes":""},"class_list":["post-38","page","type-page","status-publish","hentry"],"acf":[],"yoast_head":"<!-- This site is optimized with the Yoast SEO plugin v25.9 - https:\/\/yoast.com\/wordpress\/plugins\/seo\/ -->\n<title>Home - Hobby Kitchen<\/title>\n<meta name=\"robots\" content=\"index, follow, max-snippet:-1, max-image-preview:large, max-video-preview:-1\" \/>\n<link rel=\"canonical\" href=\"https:\/\/hobbykitchen.es\/en\/\" \/>\n<meta property=\"og:locale\" content=\"en_US\" \/>\n<meta property=\"og:type\" content=\"article\" \/>\n<meta property=\"og:title\" content=\"Home - Hobby Kitchen\" \/>\n<meta property=\"og:description\" content=\"Toma las riendas de tu salud En Hobby Kitchen ofrecemos formaci\u00f3n y acompa\u00f1amiento nutricional aplicando los principios de la neurogastronom\u00eda, trabajamos para darte las herramientas para que creas nuevos momentos \u00fanicos y memorables y sostenibles en torno a la mesa, cuidando tu salud y bienestar. Juntos mejoraremos tu alimentaci\u00f3n, cocinaremos y aprender\u00e1s nuevas t\u00e9cnicas culinarias [&hellip;]\" \/>\n<meta property=\"og:url\" content=\"https:\/\/hobbykitchen.es\/en\/\" \/>\n<meta property=\"og:site_name\" content=\"Hobby Kitchen\" \/>\n<meta property=\"article:publisher\" content=\"https:\/\/www.facebook.com\/hobbykitchen.madrid\/\" \/>\n<meta property=\"article:modified_time\" content=\"2024-06-27T16:43:20+00:00\" \/>\n<meta property=\"og:image\" content=\"https:\/\/hobbykitchen.es\/wp-content\/uploads\/ELENA-DE-TAPIA-RUANO-COCINA-CURSOS.jpeg\" \/>\n<meta name=\"twitter:card\" content=\"summary_large_image\" \/>\n<meta name=\"twitter:label1\" content=\"Est. reading time\" \/>\n\t<meta name=\"twitter:data1\" content=\"2 minutes\" \/>\n<script type=\"application\/ld+json\" class=\"yoast-schema-graph\">{\"@context\":\"https:\/\/schema.org\",\"@graph\":[{\"@type\":\"WebPage\",\"@id\":\"https:\/\/hobbykitchen.es\/\",\"url\":\"https:\/\/hobbykitchen.es\/\",\"name\":\"Home - Hobby Kitchen\",\"isPartOf\":{\"@id\":\"https:\/\/hobbykitchen.es\/#website\"},\"primaryImageOfPage\":{\"@id\":\"https:\/\/hobbykitchen.es\/#primaryimage\"},\"image\":{\"@id\":\"https:\/\/hobbykitchen.es\/#primaryimage\"},\"thumbnailUrl\":\"https:\/\/hobbykitchen.es\/wp-content\/uploads\/ELENA-DE-TAPIA-RUANO-COCINA-CURSOS.jpeg\",\"datePublished\":\"2018-07-16T09:00:59+00:00\",\"dateModified\":\"2024-06-27T16:43:20+00:00\",\"breadcrumb\":{\"@id\":\"https:\/\/hobbykitchen.es\/#breadcrumb\"},\"inLanguage\":\"en-US\",\"potentialAction\":[{\"@type\":\"ReadAction\",\"target\":[\"https:\/\/hobbykitchen.es\/\"]}]},{\"@type\":\"ImageObject\",\"inLanguage\":\"en-US\",\"@id\":\"https:\/\/hobbykitchen.es\/#primaryimage\",\"url\":\"https:\/\/hobbykitchen.es\/wp-content\/uploads\/ELENA-DE-TAPIA-RUANO-COCINA-CURSOS.jpeg\",\"contentUrl\":\"https:\/\/hobbykitchen.es\/wp-content\/uploads\/ELENA-DE-TAPIA-RUANO-COCINA-CURSOS.jpeg\"},{\"@type\":\"BreadcrumbList\",\"@id\":\"https:\/\/hobbykitchen.es\/#breadcrumb\",\"itemListElement\":[{\"@type\":\"ListItem\",\"position\":1,\"name\":\"Portada\",\"item\":\"https:\/\/hobbykitchen.es\/\"},{\"@type\":\"ListItem\",\"position\":2,\"name\":\"Home\"}]},{\"@type\":\"WebSite\",\"@id\":\"https:\/\/hobbykitchen.es\/#website\",\"url\":\"https:\/\/hobbykitchen.es\/\",\"name\":\"Hobby Kitchen\",\"description\":\"Escuela de Cocina y Salud\",\"publisher\":{\"@id\":\"https:\/\/hobbykitchen.es\/#organization\"},\"potentialAction\":[{\"@type\":\"SearchAction\",\"target\":{\"@type\":\"EntryPoint\",\"urlTemplate\":\"https:\/\/hobbykitchen.es\/?s={search_term_string}\"},\"query-input\":{\"@type\":\"PropertyValueSpecification\",\"valueRequired\":true,\"valueName\":\"search_term_string\"}}],\"inLanguage\":\"en-US\"},{\"@type\":\"Organization\",\"@id\":\"https:\/\/hobbykitchen.es\/#organization\",\"name\":\"Hobby Kitchen Escuela de Cocina y Salud\",\"url\":\"https:\/\/hobbykitchen.es\/\",\"logo\":{\"@type\":\"ImageObject\",\"inLanguage\":\"en-US\",\"@id\":\"https:\/\/hobbykitchen.es\/#\/schema\/logo\/image\/\",\"url\":\"https:\/\/i0.wp.com\/hobbykitchen.es\/wp-content\/uploads\/LOGO-HOBBY-KITCHEN.jpeg?fit=1080%2C1080&ssl=1\",\"contentUrl\":\"https:\/\/i0.wp.com\/hobbykitchen.es\/wp-content\/uploads\/LOGO-HOBBY-KITCHEN.jpeg?fit=1080%2C1080&ssl=1\",\"width\":1080,\"height\":1080,\"caption\":\"Hobby Kitchen Escuela de Cocina y Salud\"},\"image\":{\"@id\":\"https:\/\/hobbykitchen.es\/#\/schema\/logo\/image\/\"},\"sameAs\":[\"https:\/\/www.facebook.com\/hobbykitchen.madrid\/\",\"https:\/\/www.linkedin.com\/in\/elena-de-tapia-ruano-b72884100\/\",\"https:\/\/www.youtube.com\/channel\/UCU7KnuYzuPtdsayAOsWkGkg\/about\",\"https:\/\/www.instagram.com\/hobbykitchen.madrid\/\"]}]}<\/script>\n<!-- \/ Yoast SEO plugin. -->","yoast_head_json":{"title":"Home - Hobby Kitchen","robots":{"index":"index","follow":"follow","max-snippet":"max-snippet:-1","max-image-preview":"max-image-preview:large","max-video-preview":"max-video-preview:-1"},"canonical":"https:\/\/hobbykitchen.es\/en\/","og_locale":"en_US","og_type":"article","og_title":"Home - Hobby Kitchen","og_description":"Toma las riendas de tu salud En Hobby Kitchen ofrecemos formaci\u00f3n y acompa\u00f1amiento nutricional aplicando los principios de la neurogastronom\u00eda, trabajamos para darte las herramientas para que creas nuevos momentos \u00fanicos y memorables y sostenibles en torno a la mesa, cuidando tu salud y bienestar. Juntos mejoraremos tu alimentaci\u00f3n, cocinaremos y aprender\u00e1s nuevas t\u00e9cnicas culinarias [&hellip;]","og_url":"https:\/\/hobbykitchen.es\/en\/","og_site_name":"Hobby Kitchen","article_publisher":"https:\/\/www.facebook.com\/hobbykitchen.madrid\/","article_modified_time":"2024-06-27T16:43:20+00:00","og_image":[{"url":"https:\/\/hobbykitchen.es\/wp-content\/uploads\/ELENA-DE-TAPIA-RUANO-COCINA-CURSOS.jpeg","type":"","width":"","height":""}],"twitter_card":"summary_large_image","twitter_misc":{"Est. reading time":"2 minutes"},"schema":{"@context":"https:\/\/schema.org","@graph":[{"@type":"WebPage","@id":"https:\/\/hobbykitchen.es\/","url":"https:\/\/hobbykitchen.es\/","name":"Home - Hobby Kitchen","isPartOf":{"@id":"https:\/\/hobbykitchen.es\/#website"},"primaryImageOfPage":{"@id":"https:\/\/hobbykitchen.es\/#primaryimage"},"image":{"@id":"https:\/\/hobbykitchen.es\/#primaryimage"},"thumbnailUrl":"https:\/\/hobbykitchen.es\/wp-content\/uploads\/ELENA-DE-TAPIA-RUANO-COCINA-CURSOS.jpeg","datePublished":"2018-07-16T09:00:59+00:00","dateModified":"2024-06-27T16:43:20+00:00","breadcrumb":{"@id":"https:\/\/hobbykitchen.es\/#breadcrumb"},"inLanguage":"en-US","potentialAction":[{"@type":"ReadAction","target":["https:\/\/hobbykitchen.es\/"]}]},{"@type":"ImageObject","inLanguage":"en-US","@id":"https:\/\/hobbykitchen.es\/#primaryimage","url":"https:\/\/hobbykitchen.es\/wp-content\/uploads\/ELENA-DE-TAPIA-RUANO-COCINA-CURSOS.jpeg","contentUrl":"https:\/\/hobbykitchen.es\/wp-content\/uploads\/ELENA-DE-TAPIA-RUANO-COCINA-CURSOS.jpeg"},{"@type":"BreadcrumbList","@id":"https:\/\/hobbykitchen.es\/#breadcrumb","itemListElement":[{"@type":"ListItem","position":1,"name":"Portada","item":"https:\/\/hobbykitchen.es\/"},{"@type":"ListItem","position":2,"name":"Home"}]},{"@type":"WebSite","@id":"https:\/\/hobbykitchen.es\/#website","url":"https:\/\/hobbykitchen.es\/","name":"Hobby Kitchen","description":"Cooking and Health School","publisher":{"@id":"https:\/\/hobbykitchen.es\/#organization"},"potentialAction":[{"@type":"SearchAction","target":{"@type":"EntryPoint","urlTemplate":"https:\/\/hobbykitchen.es\/?s={search_term_string}"},"query-input":{"@type":"PropertyValueSpecification","valueRequired":true,"valueName":"search_term_string"}}],"inLanguage":"en-US"},{"@type":"Organization","@id":"https:\/\/hobbykitchen.es\/#organization","name":"Hobby Kitchen Escuela de Cocina y Salud","url":"https:\/\/hobbykitchen.es\/","logo":{"@type":"ImageObject","inLanguage":"en-US","@id":"https:\/\/hobbykitchen.es\/#\/schema\/logo\/image\/","url":"https:\/\/i0.wp.com\/hobbykitchen.es\/wp-content\/uploads\/LOGO-HOBBY-KITCHEN.jpeg?fit=1080%2C1080&ssl=1","contentUrl":"https:\/\/i0.wp.com\/hobbykitchen.es\/wp-content\/uploads\/LOGO-HOBBY-KITCHEN.jpeg?fit=1080%2C1080&ssl=1","width":1080,"height":1080,"caption":"Hobby Kitchen Escuela de Cocina y Salud"},"image":{"@id":"https:\/\/hobbykitchen.es\/#\/schema\/logo\/image\/"},"sameAs":["https:\/\/www.facebook.com\/hobbykitchen.madrid\/","https:\/\/www.linkedin.com\/in\/elena-de-tapia-ruano-b72884100\/","https:\/\/www.youtube.com\/channel\/UCU7KnuYzuPtdsayAOsWkGkg\/about","https:\/\/www.instagram.com\/hobbykitchen.madrid\/"]}]}},"jetpack_sharing_enabled":true,"jetpack_shortlink":"https:\/\/wp.me\/Pfu27P-C","_links":{"self":[{"href":"https:\/\/hobbykitchen.es\/en\/wp-json\/wp\/v2\/pages\/38","targetHints":{"allow":["GET"]}}],"collection":[{"href":"https:\/\/hobbykitchen.es\/en\/wp-json\/wp\/v2\/pages"}],"about":[{"href":"https:\/\/hobbykitchen.es\/en\/wp-json\/wp\/v2\/types\/page"}],"author":[{"embeddable":true,"href":"https:\/\/hobbykitchen.es\/en\/wp-json\/wp\/v2\/users\/2"}],"replies":[{"embeddable":true,"href":"https:\/\/hobbykitchen.es\/en\/wp-json\/wp\/v2\/comments?post=38"}],"version-history":[{"count":67,"href":"https:\/\/hobbykitchen.es\/en\/wp-json\/wp\/v2\/pages\/38\/revisions"}],"predecessor-version":[{"id":6887,"href":"https:\/\/hobbykitchen.es\/en\/wp-json\/wp\/v2\/pages\/38\/revisions\/6887"}],"wp:attachment":[{"href":"https:\/\/hobbykitchen.es\/en\/wp-json\/wp\/v2\/media?parent=38"}],"curies":[{"name":"wp","href":"https:\/\/api.w.org\/{rel}","templated":true}]}}