{"id":153,"date":"2018-07-24T10:12:25","date_gmt":"2018-07-24T10:12:25","guid":{"rendered":"http:\/\/www.hobbykitchen.es\/?page_id=153"},"modified":"2024-01-02T20:05:19","modified_gmt":"2024-01-02T19:05:19","slug":"politica-de-cookies","status":"publish","type":"page","link":"https:\/\/hobbykitchen.es\/en\/politica-de-cookies\/","title":{"rendered":"Cookies"},"content":{"rendered":"<p>Como responsable de esta web, me he esmerado en cumplir con el m\u00e1ximo rigor el art\u00edculo 22.2 el de la Ley 34\/2002 de Servicios de la Sociedad de la Informaci\u00f3n y Comercio Electr\u00f3nico referente a las cookies, no obstante, teniendo en cuenta la forma en la que funciona Internet y los sitios web,\u00a0no siempre es posible contar con informaci\u00f3n actualizada de las cookies que terceras partes puedan utilizar a trav\u00e9s de este sitio web.<\/p>\r\n\r\n\r\n\r\n<p>Esto se aplica especialmente a casos en los que esta p\u00e1gina web contiene elementos integrados: es decir, textos, documentos, im\u00e1genes o v\u00eddeos que se almacenan en otra parte, pero se muestran en nuestro sitio web o a trav\u00e9s del mismo o las correspondientes a WordPress, que actualiza sus cookies constantemente.<\/p>\r\n\r\n\r\n\r\n<p>Por consiguiente, en caso de que te encuentres con este tipo de cookies en este sitio web y no est\u00e9n enumeradas en la lista siguiente, le ruego que me lo comunique. Tambi\u00e9n puede ponerte en contacto directamente con el tercero para pedirle informaci\u00f3n sobre las cookies que coloca, la finalidad y la duraci\u00f3n de la cookie, y c\u00f3mo ha garantizado su privacidad.<\/p>\r\n\r\n\r\n\r\n<h6 class=\"wp-block-heading\">Las cookies que utiliza esta web<\/h6>\r\n\r\n\r\n\r\n<p>En esta web se utilizan\u00a0<strong>cookies propias y de terceros<\/strong>\u00a0para conseguir que tenga una mejor experiencia de navegaci\u00f3n, pueda compartir contenido en redes sociales, realizar publicidad comportamental a trav\u00e9s de enlaces de afiliados y para obtener estad\u00edsticas de usuarios.<\/p>\r\n\r\n\r\n\r\n<p>La informaci\u00f3n almacenada en las cookies de este sitio web es usada exclusivamente por el responsable Elena de Tapia-Ruano, a excepci\u00f3n de la de Google Analytics, que es usada y gestionada por Google y por mi con fines estad\u00edsticos.<\/p>\r\n\r\n\r\n\r\n<p>Como usuario, puede Ud. rechazar el tratamiento de los datos o la informaci\u00f3n bloqueando estas cookies mediante la configuraci\u00f3n apropiada de tu navegador. Sin embargo, debes saber que si lo haces, puede que esta Web no funcione adecuadamente.<\/p>\r\n\r\n\r\n\r\n<p>Seg\u00fan los t\u00e9rminos incluidos en el art\u00edculo 22.2 de la Ley 34\/2002 de Servicios de la Sociedad de la Informaci\u00f3n y Comercio Electr\u00f3nico, si contin\u00faas navegando, estar\u00e1 Ud. prestando tu consentimiento para el empleo de las cookies que detallo a continuaci\u00f3n.<\/p>\r\n\r\n\r\n\r\n<p>Como se utilizan las cookies en esta web<\/p>\r\n\r\n\r\n\r\n<p>Las cookies son \u00fatiles para:<\/p>\r\n\r\n\r\n\r\n<ul class=\"wp-block-list\">\r\n<li>Ahorrarle el tener que iniciar sesi\u00f3n cada vez que visitas esta web.<\/li>\r\n<li>Recordar sus ajustes y preferencias durante y entre las visitas.<\/li>\r\n<li>Mejorar la velocidad y seguridad de esta web.<\/li>\r\n<li>Compartir p\u00e1ginas en redes sociales.<\/li>\r\n<li>Hacer campa\u00f1as de marketing m\u00e1s eficientes.<\/li>\r\n<\/ul>\r\n\r\n\r\n\r\n<p>Jam\u00e1s utilizar\u00e9 cookies para:<\/p>\r\n\r\n\r\n\r\n<ul class=\"wp-block-list\">\r\n<li>Almacenar informaci\u00f3n sensible de identificaci\u00f3n personal como puede ser su direcci\u00f3n, contrase\u00f1a o datos de su tarjeta de cr\u00e9dito en las cookies que usamos.<\/li>\r\n<li>Compartir o ceder datos de identificaci\u00f3n personal a terceros (sin tu conocimiento y permiso expreso).<\/li>\r\n<\/ul>\r\n\r\n\r\n\r\n<p>Esta web siempre requiere tu consentimiento para utilizar cookies.<\/p>\r\n\r\n\r\n\r\n<h6 class=\"wp-block-heading\"><strong>Cookies propias<\/strong><\/h6>\r\n\r\n\r\n\r\n<p>Esta web utiliza cookies propias con las siguientes finalidades:<\/p>\r\n\r\n\r\n\r\n<ul class=\"wp-block-list\">\r\n<li>Determinar si te has conectado a la web.<\/li>\r\n<li>Recordar la configuraci\u00f3n de b\u00fasqueda.<\/li>\r\n<li>Recordar si has aceptado los t\u00e9rminos y condiciones legales.<\/li>\r\n<li>Mostrarte las p\u00e1ginas que has visitado recientemente.<\/li>\r\n<\/ul>\r\n\r\n\r\n\r\n<h6 class=\"wp-block-heading\"><strong>Cookies de terceros<\/strong><\/h6>\r\n\r\n\r\n\r\n<p>Esta web, como la mayor\u00eda de sitios web, incluye funcionalidades proporcionadas por terceros.<\/p>\r\n\r\n\r\n\r\n<p>Tambi\u00e9n se ponen a prueba regularmente nuevos dise\u00f1os o servicios de terceros para recomendaciones e informes. Esto puede modificar ocasionalmente la configuraci\u00f3n de cookies y que aparezcan cookies no detalladas en la presente pol\u00edtica. Es importante que sepas que son cookies provisionales que no siempre es posible informar y que solo tienen finalidades de estudio y valoraci\u00f3n. En ning\u00fan caso se van a utilizar cookies que comprometan tu privacidad.<\/p>\r\n\r\n\r\n\r\n<p>Entre las cookies de terceros m\u00e1s estables est\u00e1n:<\/p>\r\n\r\n\r\n\r\n<ul class=\"wp-block-list\">\r\n<li><strong>Las generadas por servicios de an\u00e1lisis:<\/strong>\u00a0concretamente, Google Analytics para ayudar al website a analizar el uso que hacen los Usuarios del sitio web y mejorar la usabilidad del mismo, pero en ning\u00fan caso se asocian a datos que pudieran llegar a identificar al usuario.<br \/>Google Analytics, es un servicio anal\u00edtico de web prestado por Google, Inc., una compa\u00f1\u00eda de Delaware cuya oficina principal est\u00e1 en 1600 Amphitheatre Parkway, Mountain View (California), CA 94043, Estados Unidos (\u201cGoogle\u201d).<br \/>El usuario puede consultar\u00a0<a href=\"https:\/\/www.google.es\/intl\/es\/policies\/technologies\/types\/\">aqu\u00ed<\/a>\u00a0el tipo de cookies utilizadas por Google. Cookie de Google+ y Google Maps, seg\u00fan lo dispuesto en su p\u00e1gina sobre\u00a0<a href=\"http:\/\/www.google.com\/intl\/es\/policies\/technologies\/types\/\">qu\u00e9\u00a0tipo de cookies utilizan<\/a>.<\/li>\r\n<li><strong>WordPress:<\/strong> hobbykitchen.es est\u00e1 creado en la plataforma libre y gratuita WordPress.org y est\u00e1 alojado en un servidor propio. Pero puede usar cookies de la empresa norteamericana Automattic, Inc de diferentes servicios como son:\r\n<ul>\r\n<li>Akismet: \u00c9stas cookies son de un plugin que protege \u00e9ste sitio web del spam.<\/li>\r\n<li>Gravatar: \u00c9stas cookies hacen que tu imagen se muestre en mi sitio web, si tienes activado \u00e9ste servicio.<br \/>Puedes saber m\u00e1s leyendo\u00a0<a href=\"https:\/\/automattic.com\/privacy\/\">su pol\u00edtica de privacidad<\/a>.<\/li>\r\n<\/ul>\r\n<\/li>\r\n<li><strong>Tambi\u00e9n se utilizan plataformas como YouTube:\u00a0<\/strong><a href=\"https:\/\/cookie.attacat.co.uk\/policy_plain.php\">Pol\u00edtica de Privacidad<\/a>\u00a0para incluir videos en esta web.<\/li>\r\n<li><strong>Cookies de redes sociales:<\/strong> Las Cookies de redes sociales pueden almacenarse en tu navegador mientras navega por hobbykitchen.es por ejemplo, cuando utiliza el bot\u00f3n de compartir contenidos de hobbykitchen.es en alguna red social.<br \/>Las empresas que generan estas cookies correspondientes a las redes sociales que utiliza esta web tienen sus propias pol\u00edticas de cookies:\u00a0\r\n<ul>\r\n<li>Cookie de Twitter, seg\u00fan lo dispuesto en su\u00a0<a href=\"https:\/\/twitter.com\/privacy\">pol\u00edtica de privacidad y uso de cookies<\/a>.<\/li>\r\n<li>Cookie de Pinterest, seg\u00fan lo dispuesto en su\u00a0<a href=\"https:\/\/about.pinterest.com\/es\/privacy-policy\">Pol\u00edtica de privacidad y uso de cookies<\/a>.<\/li>\r\n<li>Cookie de Linkedin, seg\u00fan lo dispuesto en su\u00a0<a href=\"https:\/\/www.linkedin.com\/legal\/cookie-policy?trk=hp-cookies\">Pol\u00edtica de cookies<\/a>.<\/li>\r\n<li>Cookie de Facebook, seg\u00fan lo dispuesto en su\u00a0<a href=\"https:\/\/www.facebook.com\/policies\/cookies\/\">Pol\u00edtica de Cookies<\/a>.<\/li>\r\n<\/ul>\r\n<\/li>\r\n<\/ul>\r\n\r\n\r\n\r\n<p>Las implicaciones de privacidad estar\u00e1n en funci\u00f3n a cada red social y depender\u00e1n de la configuraci\u00f3n de privacidad que ha elegido en estas redes.<\/p>\r\n\r\n\r\n\r\n<p>En ning\u00fan caso, ni el responsable de esta web ni los anunciantes pueden obtener informaci\u00f3n personal identificable de estas cookies.<\/p>\r\n\r\n\r\n\r\n<ul class=\"wp-block-list\">\r\n<li><strong>Cookies de Remarketing:<\/strong>\u00a0 Son tambi\u00e9n cookies de seguimiento de h\u00e1bitos de navegaci\u00f3n para orientar la publicidad en funci\u00f3n a tus intereses y ofrecerte publicidad diferencial. Estas cookies se asocian al usuario an\u00f3nimo y a su ordenador, y no proporcionan de por s\u00ed el nombre y apellidos del usuario.<\/li>\r\n<\/ul>\r\n\r\n\r\n\r\n<p>A continuaci\u00f3n, y seg\u00fan exige el art\u00edculo 22.2 de la LSSI se detallan las\u00a0cookies que pueden instalarse habitualmente durante la navegaci\u00f3n por este sitio web:<\/p>\r\n\r\n\r\n\r\n<table class=\"wp-block-table\">\r\n<tbody>\r\n<tr>\r\n<th>NOMBRE<\/th>\r\n<th>DURACI\u00d3N PREDETERMINADA<\/th>\r\n<th>FINALIDAD<\/th>\r\n<\/tr>\r\n<tr>\r\n<td>Propia: Session<\/td>\r\n<td>Caduca al finalizar la sesi\u00f3n.<\/td>\r\n<td>Almacena informaci\u00f3n del usuario logrado actualmente, as\u00ed como del carrito, para poder llevar a cabo un proceso de compra, as\u00ed como poder realizar las operaciones propias de un usuario registrado.<\/td>\r\n<\/tr>\r\n<tr>\r\n<td>Propia: wordpress_test_cookie<\/td>\r\n<td>Caduca al finalizar la sesi\u00f3n.<\/td>\r\n<td>Se usa para que el gestor de contenidos WordPress compruebe si el navegador tiene las cookies activadas. Es una cookie de tercero: WordPress.\u00a0<a href=\"https:\/\/automattic.com\/privacy\/\">M\u00e1s informaci\u00f3n<\/a>.<\/td>\r\n<\/tr>\r\n<tr>\r\n<td>Propia: cookiepermision<\/td>\r\n<td>1 a\u00f1o a partir de la configuraci\u00f3n o actualizaci\u00f3n.<\/td>\r\n<td>Se usa para saber si aceptas o no las cookies de terceros<\/td>\r\n<\/tr>\r\n<tr>\r\n<td>_ga_gid\u00a0<\/td>\r\n<td>2 a\u00f1os a partir de la configuraci\u00f3n o actualizaci\u00f3n.1 a\u00f1o a partir de la configuraci\u00f3n o actualizaci\u00f3n.<\/td>\r\n<td>Permiten hacer un seguimiento del sitio web mediante la herramienta Google Analytics, que es un servicio proporcionado por Google para obtener informaci\u00f3n de los accesos de los usuarios a los sitios web. Algunos de los datos almacenados para posteriores an\u00e1lisis son: el n\u00famero de veces que el usuario ha visitado el sitio web, fechas de la primera y la \u00faltima visita del usuario, duraci\u00f3n de las visitas, p\u00e1gina desde la que el usuario ha accedido al sitio web, motor de b\u00fasqueda que el usuario ha usado para llegar al sitio web o v\u00ednculo que ha seleccionado, lugar del mundo desde el que accede el usuario, etc. La configuraci\u00f3n de estas cookies est\u00e1 predeterminada por el servicio que ofrece Google, motivo por el cual le sugerimos que consulte la p\u00e1gina de privacidad de Google Analytics,\u00a0<a href=\"https:\/\/www.google.es\/analytics\/learn\/privacy.html\">https:\/\/www.google.es\/analytics\/learn\/privacy.html<\/a>\u00a0para obtener m\u00e1s informaci\u00f3n sobre las cookies que usa y c\u00f3mo deshabilitarlas (entendi\u00e9ndose que no somos responsables del contenido o la veracidad de los sitios web de terceros)<\/td>\r\n<\/tr>\r\n<tr>\r\n<td>You Tube<\/td>\r\n<td>2 a\u00f1os a partir de la configuraci\u00f3n<\/td>\r\n<td>Nos permite incrustar v\u00eddeos de YouTube.\u00a0Este modo puede establecer cookies en su ordenador una vez que haga clic en el reproductor de v\u00eddeo de YouTube, pero YouTube no almacenar\u00e1 informaci\u00f3n de las cookies de identificaci\u00f3n personal de reproducciones de v\u00eddeos incrustados utilizando el modo de privacidad mejorada.\u00a0\u00a0\u00a0Para obtener m\u00e1s informaci\u00f3n, visite\u00a0\u00a0<a href=\"https:\/\/support.google.com\/youtube\/answer\/171780?hl=en-GB\">\u00a0p\u00e1gina de informaci\u00f3n de la incrustaci\u00f3n de\u00a0<\/a>YouTube<\/td>\r\n<\/tr>\r\n<\/tbody>\r\n<\/table>\r\n\r\n\r\n\r\n<h6 class=\"wp-block-heading\">Como gestionar y desactivar estas cookies<\/h6>\r\n\r\n\r\n\r\n<p>Si no deseas que un sitis web pongan ninguna cookie en tu equipo, puedes adaptar la configuraci\u00f3n del navegador de modo que se te notifique antes de que se descargue ninguna cookie. De igual modo, puedes adaptar la configuraci\u00f3n de forma que el navegador rechace todas las cookies, o \u00fanicamente las cookies de terceros.<\/p>\r\n\r\n\r\n\r\n<p>Tambi\u00e9n puedes eliminar cualquiera de las cookies que ya se encuentren en tu equipo. Ten en cuenta que tendr\u00e1s que adaptar por separado la configuraci\u00f3n de cada navegador y equipo que utilices.<\/p>\r\n\r\n\r\n\r\n<p>hobbykitchen.es pone a disposici\u00f3n de los usuarios que quieran impedir la instalaci\u00f3n de las mencionadas cookies, enlaces facilitados al efecto por navegadores cuyo uso se considera m\u00e1s extendido:<\/p>\r\n\r\n\r\n\r\n<p><a href=\"https:\/\/support.google.com\/chrome\/answer\/95647?hl=es-419\">Google Chrome<\/a>\u00a0\u2013\u00a0<a href=\"https:\/\/support.microsoft.com\/es-es\/help\/17442\/windows-internet-explorer-delete-manage-cookies#ie=ie-10\">Internet Explorer<\/a>\u00a0\u2013\u00a0<a href=\"https:\/\/support.mozilla.org\/t5\/Cookies-y-cach%C3%A9\/Habilitar-y-deshabilitar-cookies-que-los-sitios-web-utilizan\/ta-p\/13811\">Mozilla Firefox<\/a>\u00a0\u2013\u00a0<a href=\"https:\/\/support.apple.com\/es-es\/HT201265\">Apple Safari<\/a><\/p>\r\n\r\n\r\n\r\n<p>Actualizado por \u00faltima vez el 06\/06\/2018<\/p>","protected":false},"excerpt":{"rendered":"<p>Como responsable de esta web, me he esmerado en cumplir con el m\u00e1ximo rigor el art\u00edculo 22.2 el de la Ley 34\/2002 de Servicios de la Sociedad de la Informaci\u00f3n y Comercio Electr\u00f3nico referente a las cookies, no obstante, teniendo en cuenta la forma en la que funciona Internet y los sitios web,\u00a0no siempre es [&hellip;]<\/p>","protected":false},"author":2,"featured_media":0,"parent":0,"menu_order":0,"comment_status":"closed","ping_status":"closed","template":"","meta":{"_acf_changed":false,"footnotes":""},"class_list":["post-153","page","type-page","status-publish","hentry"],"acf":[],"yoast_head":"<!-- This site is optimized with the Yoast SEO plugin v25.9 - https:\/\/yoast.com\/wordpress\/plugins\/seo\/ -->\n<title>Cookies - Hobby Kitchen<\/title>\n<meta name=\"robots\" content=\"index, follow, max-snippet:-1, max-image-preview:large, max-video-preview:-1\" \/>\n<link rel=\"canonical\" href=\"https:\/\/hobbykitchen.es\/en\/politica-de-cookies\/\" \/>\n<meta property=\"og:locale\" content=\"en_US\" \/>\n<meta property=\"og:type\" content=\"article\" \/>\n<meta property=\"og:title\" content=\"Cookies - Hobby Kitchen\" \/>\n<meta property=\"og:description\" content=\"Como responsable de esta web, me he esmerado en cumplir con el m\u00e1ximo rigor el art\u00edculo 22.2 el de la Ley 34\/2002 de Servicios de la Sociedad de la Informaci\u00f3n y Comercio Electr\u00f3nico referente a las cookies, no obstante, teniendo en cuenta la forma en la que funciona Internet y los sitios web,\u00a0no siempre es [&hellip;]\" \/>\n<meta property=\"og:url\" content=\"https:\/\/hobbykitchen.es\/en\/politica-de-cookies\/\" \/>\n<meta property=\"og:site_name\" content=\"Hobby Kitchen\" \/>\n<meta property=\"article:publisher\" content=\"https:\/\/www.facebook.com\/hobbykitchen.madrid\/\" \/>\n<meta property=\"article:modified_time\" content=\"2024-01-02T19:05:19+00:00\" \/>\n<meta name=\"twitter:card\" content=\"summary_large_image\" \/>\n<meta name=\"twitter:label1\" content=\"Est. reading time\" \/>\n\t<meta name=\"twitter:data1\" content=\"8 minutes\" \/>\n<script type=\"application\/ld+json\" class=\"yoast-schema-graph\">{\"@context\":\"https:\/\/schema.org\",\"@graph\":[{\"@type\":\"WebPage\",\"@id\":\"https:\/\/hobbykitchen.es\/politica-de-cookies\/\",\"url\":\"https:\/\/hobbykitchen.es\/politica-de-cookies\/\",\"name\":\"Cookies - Hobby Kitchen\",\"isPartOf\":{\"@id\":\"https:\/\/hobbykitchen.es\/#website\"},\"datePublished\":\"2018-07-24T10:12:25+00:00\",\"dateModified\":\"2024-01-02T19:05:19+00:00\",\"breadcrumb\":{\"@id\":\"https:\/\/hobbykitchen.es\/politica-de-cookies\/#breadcrumb\"},\"inLanguage\":\"en-US\",\"potentialAction\":[{\"@type\":\"ReadAction\",\"target\":[\"https:\/\/hobbykitchen.es\/politica-de-cookies\/\"]}]},{\"@type\":\"BreadcrumbList\",\"@id\":\"https:\/\/hobbykitchen.es\/politica-de-cookies\/#breadcrumb\",\"itemListElement\":[{\"@type\":\"ListItem\",\"position\":1,\"name\":\"Portada\",\"item\":\"https:\/\/hobbykitchen.es\/\"},{\"@type\":\"ListItem\",\"position\":2,\"name\":\"Cookies\"}]},{\"@type\":\"WebSite\",\"@id\":\"https:\/\/hobbykitchen.es\/#website\",\"url\":\"https:\/\/hobbykitchen.es\/\",\"name\":\"Hobby Kitchen\",\"description\":\"Escuela de Cocina y Salud\",\"publisher\":{\"@id\":\"https:\/\/hobbykitchen.es\/#organization\"},\"potentialAction\":[{\"@type\":\"SearchAction\",\"target\":{\"@type\":\"EntryPoint\",\"urlTemplate\":\"https:\/\/hobbykitchen.es\/?s={search_term_string}\"},\"query-input\":{\"@type\":\"PropertyValueSpecification\",\"valueRequired\":true,\"valueName\":\"search_term_string\"}}],\"inLanguage\":\"en-US\"},{\"@type\":\"Organization\",\"@id\":\"https:\/\/hobbykitchen.es\/#organization\",\"name\":\"Hobby Kitchen Escuela de Cocina y Salud\",\"url\":\"https:\/\/hobbykitchen.es\/\",\"logo\":{\"@type\":\"ImageObject\",\"inLanguage\":\"en-US\",\"@id\":\"https:\/\/hobbykitchen.es\/#\/schema\/logo\/image\/\",\"url\":\"https:\/\/i0.wp.com\/hobbykitchen.es\/wp-content\/uploads\/LOGO-HOBBY-KITCHEN.jpeg?fit=1080%2C1080&ssl=1\",\"contentUrl\":\"https:\/\/i0.wp.com\/hobbykitchen.es\/wp-content\/uploads\/LOGO-HOBBY-KITCHEN.jpeg?fit=1080%2C1080&ssl=1\",\"width\":1080,\"height\":1080,\"caption\":\"Hobby Kitchen Escuela de Cocina y Salud\"},\"image\":{\"@id\":\"https:\/\/hobbykitchen.es\/#\/schema\/logo\/image\/\"},\"sameAs\":[\"https:\/\/www.facebook.com\/hobbykitchen.madrid\/\",\"https:\/\/www.linkedin.com\/in\/elena-de-tapia-ruano-b72884100\/\",\"https:\/\/www.youtube.com\/channel\/UCU7KnuYzuPtdsayAOsWkGkg\/about\",\"https:\/\/www.instagram.com\/hobbykitchen.madrid\/\"]}]}<\/script>\n<!-- \/ Yoast SEO plugin. -->","yoast_head_json":{"title":"Cookies - Hobby Kitchen","robots":{"index":"index","follow":"follow","max-snippet":"max-snippet:-1","max-image-preview":"max-image-preview:large","max-video-preview":"max-video-preview:-1"},"canonical":"https:\/\/hobbykitchen.es\/en\/politica-de-cookies\/","og_locale":"en_US","og_type":"article","og_title":"Cookies - Hobby Kitchen","og_description":"Como responsable de esta web, me he esmerado en cumplir con el m\u00e1ximo rigor el art\u00edculo 22.2 el de la Ley 34\/2002 de Servicios de la Sociedad de la Informaci\u00f3n y Comercio Electr\u00f3nico referente a las cookies, no obstante, teniendo en cuenta la forma en la que funciona Internet y los sitios web,\u00a0no siempre es [&hellip;]","og_url":"https:\/\/hobbykitchen.es\/en\/politica-de-cookies\/","og_site_name":"Hobby Kitchen","article_publisher":"https:\/\/www.facebook.com\/hobbykitchen.madrid\/","article_modified_time":"2024-01-02T19:05:19+00:00","twitter_card":"summary_large_image","twitter_misc":{"Est. reading time":"8 minutes"},"schema":{"@context":"https:\/\/schema.org","@graph":[{"@type":"WebPage","@id":"https:\/\/hobbykitchen.es\/politica-de-cookies\/","url":"https:\/\/hobbykitchen.es\/politica-de-cookies\/","name":"Cookies - Hobby Kitchen","isPartOf":{"@id":"https:\/\/hobbykitchen.es\/#website"},"datePublished":"2018-07-24T10:12:25+00:00","dateModified":"2024-01-02T19:05:19+00:00","breadcrumb":{"@id":"https:\/\/hobbykitchen.es\/politica-de-cookies\/#breadcrumb"},"inLanguage":"en-US","potentialAction":[{"@type":"ReadAction","target":["https:\/\/hobbykitchen.es\/politica-de-cookies\/"]}]},{"@type":"BreadcrumbList","@id":"https:\/\/hobbykitchen.es\/politica-de-cookies\/#breadcrumb","itemListElement":[{"@type":"ListItem","position":1,"name":"Portada","item":"https:\/\/hobbykitchen.es\/"},{"@type":"ListItem","position":2,"name":"Cookies"}]},{"@type":"WebSite","@id":"https:\/\/hobbykitchen.es\/#website","url":"https:\/\/hobbykitchen.es\/","name":"Hobby Kitchen","description":"Cooking and Health School","publisher":{"@id":"https:\/\/hobbykitchen.es\/#organization"},"potentialAction":[{"@type":"SearchAction","target":{"@type":"EntryPoint","urlTemplate":"https:\/\/hobbykitchen.es\/?s={search_term_string}"},"query-input":{"@type":"PropertyValueSpecification","valueRequired":true,"valueName":"search_term_string"}}],"inLanguage":"en-US"},{"@type":"Organization","@id":"https:\/\/hobbykitchen.es\/#organization","name":"Hobby Kitchen Escuela de Cocina y Salud","url":"https:\/\/hobbykitchen.es\/","logo":{"@type":"ImageObject","inLanguage":"en-US","@id":"https:\/\/hobbykitchen.es\/#\/schema\/logo\/image\/","url":"https:\/\/i0.wp.com\/hobbykitchen.es\/wp-content\/uploads\/LOGO-HOBBY-KITCHEN.jpeg?fit=1080%2C1080&ssl=1","contentUrl":"https:\/\/i0.wp.com\/hobbykitchen.es\/wp-content\/uploads\/LOGO-HOBBY-KITCHEN.jpeg?fit=1080%2C1080&ssl=1","width":1080,"height":1080,"caption":"Hobby Kitchen Escuela de Cocina y Salud"},"image":{"@id":"https:\/\/hobbykitchen.es\/#\/schema\/logo\/image\/"},"sameAs":["https:\/\/www.facebook.com\/hobbykitchen.madrid\/","https:\/\/www.linkedin.com\/in\/elena-de-tapia-ruano-b72884100\/","https:\/\/www.youtube.com\/channel\/UCU7KnuYzuPtdsayAOsWkGkg\/about","https:\/\/www.instagram.com\/hobbykitchen.madrid\/"]}]}},"jetpack_sharing_enabled":true,"jetpack_shortlink":"https:\/\/wp.me\/Pfu27P-2t","_links":{"self":[{"href":"https:\/\/hobbykitchen.es\/en\/wp-json\/wp\/v2\/pages\/153","targetHints":{"allow":["GET"]}}],"collection":[{"href":"https:\/\/hobbykitchen.es\/en\/wp-json\/wp\/v2\/pages"}],"about":[{"href":"https:\/\/hobbykitchen.es\/en\/wp-json\/wp\/v2\/types\/page"}],"author":[{"embeddable":true,"href":"https:\/\/hobbykitchen.es\/en\/wp-json\/wp\/v2\/users\/2"}],"replies":[{"embeddable":true,"href":"https:\/\/hobbykitchen.es\/en\/wp-json\/wp\/v2\/comments?post=153"}],"version-history":[{"count":7,"href":"https:\/\/hobbykitchen.es\/en\/wp-json\/wp\/v2\/pages\/153\/revisions"}],"predecessor-version":[{"id":6323,"href":"https:\/\/hobbykitchen.es\/en\/wp-json\/wp\/v2\/pages\/153\/revisions\/6323"}],"wp:attachment":[{"href":"https:\/\/hobbykitchen.es\/en\/wp-json\/wp\/v2\/media?parent=153"}],"curies":[{"name":"wp","href":"https:\/\/api.w.org\/{rel}","templated":true}]}}