{"id":151,"date":"2018-07-24T10:05:04","date_gmt":"2018-07-24T10:05:04","guid":{"rendered":"http:\/\/www.hobbykitchen.es\/?page_id=151"},"modified":"2024-01-16T19:28:32","modified_gmt":"2024-01-16T18:28:32","slug":"politica-privacidad","status":"publish","type":"page","link":"https:\/\/hobbykitchen.es\/en\/politica-privacidad\/","title":{"rendered":"Pol\u00edtica de Privacidad"},"content":{"rendered":"<p><b>Informaci\u00f3n b\u00e1sica sobre Protecci\u00f3n de Datos<\/b><br \/><b>Responsable:<\/b>\u00a0Elena de Tapia-Ruano.<br \/><b>Finalidad:<\/b>\u00a0Responder al mensaje que me mandes.<br \/><b>Legitimaci\u00f3n:<\/b>\u00a0Que me das permiso, marcando la casilla de aceptaci\u00f3n.<br \/><b>Destinatarios:<\/b>\u00a0Tus datos se guardan en SiteGround que es mi proveedor de hosting donde est\u00e1 ubicada esta Web y que est\u00e1 acogido al acuerdo de seguridad EU-US Privacy. Resumiendo, que est\u00e1n protegidos.<br \/><b>Derechos:<\/b>\u00a0Obviamente puedes acceder, rectificar y suprimir tus datos, as\u00ed como otros derechos cuando quieras. Solo tienes que enviarme un mail a hola@hobbykitchen.es<\/p>\r\n<p>Nuestro objetivo b\u00e1sico garantizar la privacidad y confidencialidad de los datos de car\u00e1cter personal de sus usuarios y de todas las personas que se relacionan con esta web y por este motivo, manifiesto nuestro m\u00e1ximo compromiso de cumplimiento con la actual Ley Org\u00e1nica de Protecci\u00f3n de Datos (LOPD)<\/p>\r\n\r\n\r\n\r\n<p>La presente Pol\u00edtica de Privacidad ser\u00e1 v\u00e1lida \u00fanicamente para los datos de car\u00e1cter personal obtenidos en el Sitio Web, no siendo aplicable para aquella informaci\u00f3n recabada por terceros en otras p\u00e1ginas web, incluso si \u00e9stas se encuentran enlazadas por el Sitio Web.<\/p>\r\n\r\n\r\n\r\n<p>Las siguientes condiciones son vinculantes para usuarios y para mi, por eso es importante que dediques unos minutos a leer lo que sigue.<\/p>\r\n\r\n\r\n\r\n<h6 class=\"wp-block-heading\">M\u00e1xima transparencia<\/h6>\r\n\r\n\r\n\r\n<p>A efectos de lo previsto en la citada <strong>Ley de Protecci\u00f3n de Datos de Car\u00e1cter Personal<\/strong>, los datos personales que nos env\u00ede ser\u00e1n incorporados a un Fichero de \u201c<strong>USUARIOS DE LA WEB y SUSCRIPTORES<\/strong>\u201d, titularidad de\u00a0<strong>Elena de Tapia-Ruano<\/strong>\u00a0con NIF: <strong>05252826-V<\/strong>\u00a0y con domicilio en <strong>Calle Orense 29, Esc.Izq. 1\u00ba Dcha<\/strong><strong>.<\/strong><\/p>\r\n\r\n\r\n\r\n<p>Este fichero tiene implementadas todas las medidas t\u00e9cnicas y organizativas de seguridad establecidas en el <strong>Real Decreto 1720\/2007, de desarrollo de la LOPD.<\/strong><\/p>\r\n\r\n\r\n\r\n<p><strong>Est\u00e1 pol\u00edtica ha sido actualizada el 24\/07\/2016<\/strong><\/p>\r\n\r\n\r\n\r\n<h6 class=\"wp-block-heading\">Que datos solicitamos y con que finalidad<\/h6>\r\n\r\n\r\n\r\n<p>El env\u00edo de datos de car\u00e1cter personal en esta web es obligatorio para contactar.<\/p>\r\n\r\n\r\n\r\n<p>Asimismo, el no facilitar los datos personales solicitados o el no aceptar la presente pol\u00edtica de protecci\u00f3n de datos supone la imposibilidad de procesar las solicitudes realizadas en esta web.<\/p>\r\n\r\n\r\n\r\n<p>No es necesario que facilites ning\u00fan dato de car\u00e1cter personal para la navegaci\u00f3n por esta web.<\/p>\r\n\r\n\r\n\r\n<p>Concretamente, los casos en los que esta web requiere datos personales son los siguientes:<\/p>\r\n\r\n\r\n\r\n<ul class=\"wp-block-list\">\r\n<li>Para realizar consultas a trav\u00e9s del formulario de contacto.<\/li>\r\n<li>Para compartir contenidos en redes sociales.<\/li>\r\n<\/ul>\r\n\r\n\r\n\r\n<h6 class=\"wp-block-heading\">Sistemas de captura de datos personales que recoge esta web<\/h6>\r\n\r\n\r\n\r\n<p>Esta web utiliza diferentes sistemas de captura de informaci\u00f3n personal. Esta web siempre requiere el consentimiento previo de los usuarios para tratar sus datos personales con los fines indicados.<\/p>\r\n\r\n\r\n\r\n<p>El usuario tiene derecho a revocar su consentimiento previo en cualquier momento.<\/p>\r\n\r\n\r\n\r\n<p><strong>Sistemas de captura de informaci\u00f3n personal que utiliza https:\/\/hobbykitchen.es:<\/strong><\/p>\r\n\r\n\r\n\r\n<ul class=\"wp-block-list\">\r\n<li><strong>Formulario de contacto:<\/strong>\u00a0Tambi\u00e9n existe un formulario de contacto para consultas, sugerencias o contacto profesional. En este caso se utilizar\u00e9 la direcci\u00f3n de correo electr\u00f3nico para responder a las mismas y enviar la informaci\u00f3n que requieras a trav\u00e9s de la web.<\/li>\r\n<li><strong>Cookies:\u00a0<\/strong>Cuando te registras o navegas en esta web, se almacenan \u201ccookies\u201d, Puedes consultar en cualquier momento la\u00a0pol\u00edtica de cookies\u00a0para ampliar informaci\u00f3n sobre el uso de cookies y como desactivarlas.<\/li>\r\n<\/ul>\r\n\r\n\r\n\r\n<p><strong>Pol\u00edtica de privacidad de fuentes de rastreo utilizadas en este sitio<\/strong>:\u00a0<a href=\"http:\/\/www.google.com\/intl\/es_ALL\/privacypolicy.html\">Google (Analytics)<\/a><\/p>\r\n\r\n\r\n\r\n<p>El Usuario que se proponga establecer cualquier dispositivo t\u00e9cnico de enlace desde su sitio web a la web <strong>https:\/\/hobbykitchen.es<\/strong> deber\u00e1 obtener la autorizaci\u00f3n previa y escrita de <strong>Elena de Tapia-Ruano.<\/strong>\u00a0El establecimiento del enlace no implica en ning\u00fan caso la existencia de relaciones entre <strong>https:\/\/hobbykitchen.es<\/strong>\u00a0y el propietario del sitio en el que se establezca el enlace, ni la aceptaci\u00f3n o aprobaci\u00f3n por parte de <strong>https:\/\/hobbykitchen.es<\/strong>\u00a0de sus contenidos o servicios.<\/p>\r\n\r\n\r\n\r\n<p>En la Web <strong>https:\/\/hobbykitchen.es<\/strong> tambi\u00e9n se estudian las preferencias de sus usuarios, sus caracter\u00edsticas demogr\u00e1ficas, sus\u00a0patrones\u00a0de tr\u00e1fico, y otra informaci\u00f3n en conjunto para comprender mejor qui\u00e9nes constituyen nuestra audiencia y qu\u00e9 es lo que necesita.<\/p>\r\n\r\n\r\n\r\n<p>El usuario y, en general, cualquier persona f\u00edsica o jur\u00eddica, podr\u00e1 establecer un hiperv\u00ednculo o dispositivo t\u00e9cnico de enlace (por ejemplo, links o botones) desde su sitio web a <strong>https:\/\/hobbykitchen.es<\/strong> (el \u201cHiperv\u00ednculo\u201c). El establecimiento del hiperv\u00ednculo no implica en ning\u00fan caso la existencia de relaciones entre <strong>https:\/\/hobbykitchen.es<\/strong> y el propietario del sitio o de la p\u00e1gina web en la que se establezca el hiperv\u00ednculo, ni la aceptaci\u00f3n o aprobaci\u00f3n por parte de <strong>https:\/\/hobbykitchen.es<\/strong> de sus contenidos o servicios. En todo caso, <strong>https:\/\/hobbykitchen.es<\/strong> se reserva el derecho de prohibir o inutilizar en cualquier momento cualquier hiperv\u00ednculo al Sitio Web.<\/p>\r\n\r\n\r\n\r\n<p><strong>Las finalidades de los datos recogidos en este portal son las siguientes:<\/strong><\/p>\r\n\r\n\r\n\r\n<ol class=\"wp-block-list\">\r\n<li>Para responder a los requerimientos de los usuarios de <strong>https:\/\/hobbykitchen.es<\/strong>.\u00a0Por ejemplo, si el usuario deja su informaci\u00f3n personal en alguno de los formularios de contacto, puedo utilizar esos datos para responder a su solicitud y y dar respuesta a las dudas, quejas, comentarios o inquietudes que pueda tener relativas a la informaci\u00f3n incluida en el Sitio Web, los servicios que se prestan a trav\u00e9s del Sitio Web, el tratamiento de sus datos personales, cuestiones referentes a los textos legales incluidos en el Sitio Web, as\u00ed como cualesquiera otras consultas que pueda tener.<\/li>\r\n<li>Para garantizar el cumplimiento de las condiciones de uso y la ley aplicable. Esto puede incluir desarrollo\u00a0de herramientas y algoritmos\u00a0que ayudan a esta web a garantizar la confidencialidad de los datos personales que recoge.<\/li>\r\n<\/ol>\r\n\r\n\r\n\r\n<p>En cada uno de los casos, el usuario tiene plenos derechos sobre sus datos personales y sobre el uso de los mismos y podr\u00e1 ejercitarlos en cualquier momento.<\/p>\r\n\r\n\r\n\r\n<p>En ning\u00fan caso cedemos tus datos personales a terceros sin informarte previamente y requerirte tu consentimiento.<\/p>\r\n\r\n\r\n\r\n<h6 class=\"wp-block-heading\">Servicios ofrecidos por terceros en esta web<\/h6>\r\n\r\n\r\n\r\n<p>Para prestan servicios estrictamente necesarios para el desarrollo de su actividad,\u00a0<strong>Elena de Tapia-Ruano<\/strong> comparte datos con los siguientes prestadores bajo sus correspondientes condiciones de privacidad.<\/p>\r\n\r\n\r\n\r\n<ul class=\"wp-block-list\">\r\n<li><strong>Hosting:\u00a0<a href=\"https:\/\/www.siteground.es\/privacidad.htm\">SiteGround<\/a><\/strong><\/li>\r\n<li><strong>Plataforma web<\/strong>:\u00a0<a href=\"https:\/\/es.wordpress.org\/about\/privacy\/\">WordPress.org<\/a><\/li>\r\n<li><strong>Almacenamiento y backup en nube:<\/strong>\u00a0<a href=\"https:\/\/policies.google.com\/privacy?hl=es\">Google Drive<\/a><\/li>\r\n<li><strong>Recogida de datos de navegaci\u00f3n:\u00a0\u00a0<a href=\"http:\/\/www.google.com\/intl\/es_ALL\/privacypolicy.html\">Google (Analytics)<\/a><\/strong><\/li>\r\n<\/ul>\r\n\r\n\r\n\r\n<h6 class=\"wp-block-heading\">\u00a0Exactitud y veracidad de los datos<\/h6>\r\n\r\n\r\n\r\n<p>Como usuario garantiza que los datos personales facilitados a trav\u00e9s de los diferentes formularios son veraces, quedando obligado a comunicar cualquier modificaci\u00f3n de los mismos. Igualmente, garantiza que toda la informaci\u00f3n facilitada corresponde con su situaci\u00f3n real, que est\u00e1 puesta al d\u00eda y es exacta. Adem\u00e1s, se obliga a mantener en todo momento tus datos actualizados, siendo el \u00fanico responsable de la inexactitud o falsedad de los datos facilitados y de los perjuicios que pueda causar por ello a\u00a0<strong>Elena de Tapia-Ruano<\/strong> como titular de la web <strong>https:\/\/hobbykitchen.es<\/strong>.<\/p>\r\n\r\n\r\n\r\n<h6 class=\"wp-block-heading\">Ejercicio de los derechos de acceso, rectificaci\u00f3n, cancelaci\u00f3n u oposici\u00f3n<\/h6>\r\n\r\n\r\n\r\n<p>Sus derechos son:<\/p>\r\n\r\n\r\n\r\n<ul class=\"wp-block-list\">\r\n<li>Derecho a preguntar qu\u00e9 datos personales tuyos almaceno en cualquier momento.<\/li>\r\n<li>Derecho a pedirme que actualice o corrija de forma gratuita datos incorrectos o desfasados que almaceno sobre ti.<\/li>\r\n<li>Derecho a darte de baja de cualquier comunicaci\u00f3n de marketing que pueda enviarte.<\/li>\r\n<\/ul>\r\n\r\n\r\n\r\n<p>Podr\u00e1 dirigir sus comunicaciones y ejercitar los derechos de\u00a0<strong>acceso, rectificaci\u00f3n, cancelaci\u00f3n y oposici\u00f3n<\/strong>\u00a0a trav\u00e9s de correo postal en <strong>Calle Orense 29, Esc.Izq. 1\u00ba Dcha 28020<\/strong> Madrid o al correo electr\u00f3nico: hola@hobbykitchen.es junto con prueba v\u00e1lida en derecho, como fotocopia del D.N.I. o equivalente, indicando en el asunto\u00a0<strong>\u201cPROTECCI\u00d3N DE DATOS\u201d.<\/strong><\/p>\r\n\r\n\r\n\r\n<h6 class=\"wp-block-heading\">Aceptaci\u00f3n y consentimiento<\/h6>\r\n\r\n\r\n\r\n<p>Con su aceptaci\u00f3n declara haber sido informado de las condiciones sobre protecci\u00f3n de datos de car\u00e1cter personal, aceptando y consintiendo el tratamiento de los mismos por parte de\u00a0<strong>Elena de Tapia-Ruano<\/strong> en la forma y para las finalidades indicadas en el\u00a0aviso legal.<\/p>\r\n\r\n\r\n\r\n<h6 class=\"wp-block-heading\">Cambios en la presente pol\u00edtica de privacidad<\/h6>\r\n\r\n\r\n\r\n<p>Nos reservamos el derecho a modificar la presente pol\u00edtica para adaptarla a novedades legislativas o jurisprudenciales as\u00ed como a pr\u00e1cticas de la industria. En dichos supuestos, el Prestador anunciar\u00e1 en esta p\u00e1gina los cambios introducidos con razonable antelaci\u00f3n a su puesta en pr\u00e1ctica.<\/p>\r\n\r\n\r\n\r\n<h6 class=\"wp-block-heading\">Correos comerciales<\/h6>\r\n\r\n\r\n\r\n<p>De acuerdo con la LSSICE, <strong>Elena de Tapia-Ruano<\/strong> no realiza pr\u00e1cticas de SPAM, por lo que no env\u00eda correos comerciales por v\u00eda electr\u00f3nica que no hayan sido previamente solicitados o autorizados por el Usuario, en algunas ocasiones, puede remitir promociones y ofertas puntuales propias y terceros, solo en los casos en los que cuente con la autorizaci\u00f3n de los destinatarios. En consecuencia, en cada uno de los formularios habilitados en la P\u00e1gina Web, el Usuario tiene la posibilidad de dar su consentimiento expreso para recibir nuestra \u201cNewsletter\u201d, con independencia de la informaci\u00f3n comercial puntualmente solicitada. Tambi\u00e9n podr\u00e1 cancelar su suscripci\u00f3n de manera autom\u00e1tica en la misma Newsletters.<\/p>","protected":false},"excerpt":{"rendered":"<p>Informaci\u00f3n b\u00e1sica sobre Protecci\u00f3n de DatosResponsable:\u00a0Elena de Tapia-Ruano.Finalidad:\u00a0Responder al mensaje que me mandes.Legitimaci\u00f3n:\u00a0Que me das permiso, marcando la casilla de aceptaci\u00f3n.Destinatarios:\u00a0Tus datos se guardan en SiteGround que es mi proveedor de hosting donde est\u00e1 ubicada esta Web y que est\u00e1 acogido al acuerdo de seguridad EU-US Privacy. Resumiendo, que est\u00e1n protegidos.Derechos:\u00a0Obviamente puedes acceder, rectificar y [&hellip;]<\/p>","protected":false},"author":2,"featured_media":0,"parent":0,"menu_order":0,"comment_status":"closed","ping_status":"closed","template":"","meta":{"_acf_changed":false,"footnotes":""},"class_list":["post-151","page","type-page","status-publish","hentry"],"acf":[],"yoast_head":"<!-- This site is optimized with the Yoast SEO plugin v25.9 - https:\/\/yoast.com\/wordpress\/plugins\/seo\/ -->\n<title>Pol\u00edtica de Privacidad - Hobby Kitchen<\/title>\n<meta name=\"robots\" content=\"index, follow, max-snippet:-1, max-image-preview:large, max-video-preview:-1\" \/>\n<link rel=\"canonical\" href=\"https:\/\/hobbykitchen.es\/en\/politica-privacidad\/\" \/>\n<meta property=\"og:locale\" content=\"en_US\" \/>\n<meta property=\"og:type\" content=\"article\" \/>\n<meta property=\"og:title\" content=\"Pol\u00edtica de Privacidad - Hobby Kitchen\" \/>\n<meta property=\"og:description\" content=\"Informaci\u00f3n b\u00e1sica sobre Protecci\u00f3n de DatosResponsable:\u00a0Elena de Tapia-Ruano.Finalidad:\u00a0Responder al mensaje que me mandes.Legitimaci\u00f3n:\u00a0Que me das permiso, marcando la casilla de aceptaci\u00f3n.Destinatarios:\u00a0Tus datos se guardan en SiteGround que es mi proveedor de hosting donde est\u00e1 ubicada esta Web y que est\u00e1 acogido al acuerdo de seguridad EU-US Privacy. Resumiendo, que est\u00e1n protegidos.Derechos:\u00a0Obviamente puedes acceder, rectificar y [&hellip;]\" \/>\n<meta property=\"og:url\" content=\"https:\/\/hobbykitchen.es\/en\/politica-privacidad\/\" \/>\n<meta property=\"og:site_name\" content=\"Hobby Kitchen\" \/>\n<meta property=\"article:publisher\" content=\"https:\/\/www.facebook.com\/hobbykitchen.madrid\/\" \/>\n<meta property=\"article:modified_time\" content=\"2024-01-16T18:28:32+00:00\" \/>\n<meta name=\"twitter:card\" content=\"summary_large_image\" \/>\n<meta name=\"twitter:label1\" content=\"Est. reading time\" \/>\n\t<meta name=\"twitter:data1\" content=\"7 minutes\" \/>\n<script type=\"application\/ld+json\" class=\"yoast-schema-graph\">{\"@context\":\"https:\/\/schema.org\",\"@graph\":[{\"@type\":\"WebPage\",\"@id\":\"https:\/\/hobbykitchen.es\/politica-privacidad\/\",\"url\":\"https:\/\/hobbykitchen.es\/politica-privacidad\/\",\"name\":\"Pol\u00edtica de Privacidad - Hobby Kitchen\",\"isPartOf\":{\"@id\":\"https:\/\/hobbykitchen.es\/#website\"},\"datePublished\":\"2018-07-24T10:05:04+00:00\",\"dateModified\":\"2024-01-16T18:28:32+00:00\",\"breadcrumb\":{\"@id\":\"https:\/\/hobbykitchen.es\/politica-privacidad\/#breadcrumb\"},\"inLanguage\":\"en-US\",\"potentialAction\":[{\"@type\":\"ReadAction\",\"target\":[\"https:\/\/hobbykitchen.es\/politica-privacidad\/\"]}]},{\"@type\":\"BreadcrumbList\",\"@id\":\"https:\/\/hobbykitchen.es\/politica-privacidad\/#breadcrumb\",\"itemListElement\":[{\"@type\":\"ListItem\",\"position\":1,\"name\":\"Portada\",\"item\":\"https:\/\/hobbykitchen.es\/\"},{\"@type\":\"ListItem\",\"position\":2,\"name\":\"Pol\u00edtica de Privacidad\"}]},{\"@type\":\"WebSite\",\"@id\":\"https:\/\/hobbykitchen.es\/#website\",\"url\":\"https:\/\/hobbykitchen.es\/\",\"name\":\"Hobby Kitchen\",\"description\":\"Escuela de Cocina y Salud\",\"publisher\":{\"@id\":\"https:\/\/hobbykitchen.es\/#organization\"},\"potentialAction\":[{\"@type\":\"SearchAction\",\"target\":{\"@type\":\"EntryPoint\",\"urlTemplate\":\"https:\/\/hobbykitchen.es\/?s={search_term_string}\"},\"query-input\":{\"@type\":\"PropertyValueSpecification\",\"valueRequired\":true,\"valueName\":\"search_term_string\"}}],\"inLanguage\":\"en-US\"},{\"@type\":\"Organization\",\"@id\":\"https:\/\/hobbykitchen.es\/#organization\",\"name\":\"Hobby Kitchen Escuela de Cocina y Salud\",\"url\":\"https:\/\/hobbykitchen.es\/\",\"logo\":{\"@type\":\"ImageObject\",\"inLanguage\":\"en-US\",\"@id\":\"https:\/\/hobbykitchen.es\/#\/schema\/logo\/image\/\",\"url\":\"https:\/\/i0.wp.com\/hobbykitchen.es\/wp-content\/uploads\/LOGO-HOBBY-KITCHEN.jpeg?fit=1080%2C1080&ssl=1\",\"contentUrl\":\"https:\/\/i0.wp.com\/hobbykitchen.es\/wp-content\/uploads\/LOGO-HOBBY-KITCHEN.jpeg?fit=1080%2C1080&ssl=1\",\"width\":1080,\"height\":1080,\"caption\":\"Hobby Kitchen Escuela de Cocina y Salud\"},\"image\":{\"@id\":\"https:\/\/hobbykitchen.es\/#\/schema\/logo\/image\/\"},\"sameAs\":[\"https:\/\/www.facebook.com\/hobbykitchen.madrid\/\",\"https:\/\/www.linkedin.com\/in\/elena-de-tapia-ruano-b72884100\/\",\"https:\/\/www.youtube.com\/channel\/UCU7KnuYzuPtdsayAOsWkGkg\/about\",\"https:\/\/www.instagram.com\/hobbykitchen.madrid\/\"]}]}<\/script>\n<!-- \/ Yoast SEO plugin. -->","yoast_head_json":{"title":"Pol\u00edtica de Privacidad - Hobby Kitchen","robots":{"index":"index","follow":"follow","max-snippet":"max-snippet:-1","max-image-preview":"max-image-preview:large","max-video-preview":"max-video-preview:-1"},"canonical":"https:\/\/hobbykitchen.es\/en\/politica-privacidad\/","og_locale":"en_US","og_type":"article","og_title":"Pol\u00edtica de Privacidad - Hobby Kitchen","og_description":"Informaci\u00f3n b\u00e1sica sobre Protecci\u00f3n de DatosResponsable:\u00a0Elena de Tapia-Ruano.Finalidad:\u00a0Responder al mensaje que me mandes.Legitimaci\u00f3n:\u00a0Que me das permiso, marcando la casilla de aceptaci\u00f3n.Destinatarios:\u00a0Tus datos se guardan en SiteGround que es mi proveedor de hosting donde est\u00e1 ubicada esta Web y que est\u00e1 acogido al acuerdo de seguridad EU-US Privacy. Resumiendo, que est\u00e1n protegidos.Derechos:\u00a0Obviamente puedes acceder, rectificar y [&hellip;]","og_url":"https:\/\/hobbykitchen.es\/en\/politica-privacidad\/","og_site_name":"Hobby Kitchen","article_publisher":"https:\/\/www.facebook.com\/hobbykitchen.madrid\/","article_modified_time":"2024-01-16T18:28:32+00:00","twitter_card":"summary_large_image","twitter_misc":{"Est. reading time":"7 minutes"},"schema":{"@context":"https:\/\/schema.org","@graph":[{"@type":"WebPage","@id":"https:\/\/hobbykitchen.es\/politica-privacidad\/","url":"https:\/\/hobbykitchen.es\/politica-privacidad\/","name":"Pol\u00edtica de Privacidad - Hobby Kitchen","isPartOf":{"@id":"https:\/\/hobbykitchen.es\/#website"},"datePublished":"2018-07-24T10:05:04+00:00","dateModified":"2024-01-16T18:28:32+00:00","breadcrumb":{"@id":"https:\/\/hobbykitchen.es\/politica-privacidad\/#breadcrumb"},"inLanguage":"en-US","potentialAction":[{"@type":"ReadAction","target":["https:\/\/hobbykitchen.es\/politica-privacidad\/"]}]},{"@type":"BreadcrumbList","@id":"https:\/\/hobbykitchen.es\/politica-privacidad\/#breadcrumb","itemListElement":[{"@type":"ListItem","position":1,"name":"Portada","item":"https:\/\/hobbykitchen.es\/"},{"@type":"ListItem","position":2,"name":"Pol\u00edtica de Privacidad"}]},{"@type":"WebSite","@id":"https:\/\/hobbykitchen.es\/#website","url":"https:\/\/hobbykitchen.es\/","name":"Hobby Kitchen","description":"Cooking and Health School","publisher":{"@id":"https:\/\/hobbykitchen.es\/#organization"},"potentialAction":[{"@type":"SearchAction","target":{"@type":"EntryPoint","urlTemplate":"https:\/\/hobbykitchen.es\/?s={search_term_string}"},"query-input":{"@type":"PropertyValueSpecification","valueRequired":true,"valueName":"search_term_string"}}],"inLanguage":"en-US"},{"@type":"Organization","@id":"https:\/\/hobbykitchen.es\/#organization","name":"Hobby Kitchen Escuela de Cocina y Salud","url":"https:\/\/hobbykitchen.es\/","logo":{"@type":"ImageObject","inLanguage":"en-US","@id":"https:\/\/hobbykitchen.es\/#\/schema\/logo\/image\/","url":"https:\/\/i0.wp.com\/hobbykitchen.es\/wp-content\/uploads\/LOGO-HOBBY-KITCHEN.jpeg?fit=1080%2C1080&ssl=1","contentUrl":"https:\/\/i0.wp.com\/hobbykitchen.es\/wp-content\/uploads\/LOGO-HOBBY-KITCHEN.jpeg?fit=1080%2C1080&ssl=1","width":1080,"height":1080,"caption":"Hobby Kitchen Escuela de Cocina y Salud"},"image":{"@id":"https:\/\/hobbykitchen.es\/#\/schema\/logo\/image\/"},"sameAs":["https:\/\/www.facebook.com\/hobbykitchen.madrid\/","https:\/\/www.linkedin.com\/in\/elena-de-tapia-ruano-b72884100\/","https:\/\/www.youtube.com\/channel\/UCU7KnuYzuPtdsayAOsWkGkg\/about","https:\/\/www.instagram.com\/hobbykitchen.madrid\/"]}]}},"jetpack_sharing_enabled":true,"jetpack_shortlink":"https:\/\/wp.me\/Pfu27P-2r","_links":{"self":[{"href":"https:\/\/hobbykitchen.es\/en\/wp-json\/wp\/v2\/pages\/151","targetHints":{"allow":["GET"]}}],"collection":[{"href":"https:\/\/hobbykitchen.es\/en\/wp-json\/wp\/v2\/pages"}],"about":[{"href":"https:\/\/hobbykitchen.es\/en\/wp-json\/wp\/v2\/types\/page"}],"author":[{"embeddable":true,"href":"https:\/\/hobbykitchen.es\/en\/wp-json\/wp\/v2\/users\/2"}],"replies":[{"embeddable":true,"href":"https:\/\/hobbykitchen.es\/en\/wp-json\/wp\/v2\/comments?post=151"}],"version-history":[{"count":3,"href":"https:\/\/hobbykitchen.es\/en\/wp-json\/wp\/v2\/pages\/151\/revisions"}],"predecessor-version":[{"id":6506,"href":"https:\/\/hobbykitchen.es\/en\/wp-json\/wp\/v2\/pages\/151\/revisions\/6506"}],"wp:attachment":[{"href":"https:\/\/hobbykitchen.es\/en\/wp-json\/wp\/v2\/media?parent=151"}],"curies":[{"name":"wp","href":"https:\/\/api.w.org\/{rel}","templated":true}]}}