{"id":15,"date":"2018-07-15T07:35:41","date_gmt":"2018-07-15T07:35:41","guid":{"rendered":"http:\/\/www.hobbykitchen.es\/?page_id=15"},"modified":"2024-03-22T17:38:38","modified_gmt":"2024-03-22T16:38:38","slug":"contacto","status":"publish","type":"page","link":"https:\/\/hobbykitchen.es\/en\/contacto\/","title":{"rendered":"Contact"},"content":{"rendered":"<div style=\"height:73px\" aria-hidden=\"true\" class=\"wp-block-spacer\"><\/div>\n\n\n\n<h2 class=\"wp-block-heading has-text-align-center\">Contact us<\/h2>\n\n\n\n<div style=\"height:39px\" aria-hidden=\"true\" class=\"wp-block-spacer\"><\/div>\n\n\n\n<p class=\"has-text-align-center\">Request more information about our courses and accompaniment here or ask us any other questions. We are at your disposal.<\/p>\n\n\n<div class=\"wp-block-jetpack-contact-form\"><a href=\"https:\/\/hobbykitchen.es\/en\/contacto\/\" target=\"_blank\" rel=\"noopener noreferrer\">Submit a form.<\/a><\/div>\n\n\n<div class=\"wp-block-jetpack-send-a-message\"><\/div>\n\n\n\n<div style=\"height:98px\" aria-hidden=\"true\" class=\"wp-block-spacer\"><\/div>","protected":false},"excerpt":{"rendered":"<p>Contacta con nosotras Solicita aqu\u00ed m\u00e1s informaci\u00f3n sobre nuestros cursos y acompa\u00f1amientos o haznos cualquier otra consulta. Estamos a tu disposici\u00f3n.<\/p>","protected":false},"author":2,"featured_media":0,"parent":0,"menu_order":0,"comment_status":"closed","ping_status":"closed","template":"","meta":{"_acf_changed":false,"footnotes":""},"class_list":["post-15","page","type-page","status-publish","hentry"],"acf":[],"yoast_head":"<!-- This site is optimized with the Yoast SEO plugin v25.9 - https:\/\/yoast.com\/wordpress\/plugins\/seo\/ -->\n<title>Contacta con Hobbykitchen<\/title>\n<meta name=\"robots\" content=\"index, follow, max-snippet:-1, max-image-preview:large, max-video-preview:-1\" \/>\n<link rel=\"canonical\" href=\"https:\/\/hobbykitchen.es\/en\/contacto\/\" \/>\n<meta property=\"og:locale\" content=\"en_US\" \/>\n<meta property=\"og:type\" content=\"article\" \/>\n<meta property=\"og:title\" content=\"Contacta con Hobbykitchen\" \/>\n<meta property=\"og:description\" content=\"Contacta con nosotras Solicita aqu\u00ed m\u00e1s informaci\u00f3n sobre nuestros cursos y acompa\u00f1amientos o haznos cualquier otra consulta. Estamos a tu disposici\u00f3n.\" \/>\n<meta property=\"og:url\" content=\"https:\/\/hobbykitchen.es\/en\/contacto\/\" \/>\n<meta property=\"og:site_name\" content=\"Hobby Kitchen\" \/>\n<meta property=\"article:publisher\" content=\"https:\/\/www.facebook.com\/hobbykitchen.madrid\/\" \/>\n<meta property=\"article:modified_time\" content=\"2024-03-22T16:38:38+00:00\" \/>\n<meta name=\"twitter:card\" content=\"summary_large_image\" \/>\n<script type=\"application\/ld+json\" class=\"yoast-schema-graph\">{\"@context\":\"https:\/\/schema.org\",\"@graph\":[{\"@type\":\"WebPage\",\"@id\":\"https:\/\/hobbykitchen.es\/contacto\/\",\"url\":\"https:\/\/hobbykitchen.es\/contacto\/\",\"name\":\"Contacta con Hobbykitchen\",\"isPartOf\":{\"@id\":\"https:\/\/hobbykitchen.es\/#website\"},\"datePublished\":\"2018-07-15T07:35:41+00:00\",\"dateModified\":\"2024-03-22T16:38:38+00:00\",\"breadcrumb\":{\"@id\":\"https:\/\/hobbykitchen.es\/contacto\/#breadcrumb\"},\"inLanguage\":\"en-US\",\"potentialAction\":[{\"@type\":\"ReadAction\",\"target\":[\"https:\/\/hobbykitchen.es\/contacto\/\"]}]},{\"@type\":\"BreadcrumbList\",\"@id\":\"https:\/\/hobbykitchen.es\/contacto\/#breadcrumb\",\"itemListElement\":[{\"@type\":\"ListItem\",\"position\":1,\"name\":\"Portada\",\"item\":\"https:\/\/hobbykitchen.es\/\"},{\"@type\":\"ListItem\",\"position\":2,\"name\":\"Contacto\"}]},{\"@type\":\"WebSite\",\"@id\":\"https:\/\/hobbykitchen.es\/#website\",\"url\":\"https:\/\/hobbykitchen.es\/\",\"name\":\"Hobby Kitchen\",\"description\":\"Escuela de Cocina y Salud\",\"publisher\":{\"@id\":\"https:\/\/hobbykitchen.es\/#organization\"},\"potentialAction\":[{\"@type\":\"SearchAction\",\"target\":{\"@type\":\"EntryPoint\",\"urlTemplate\":\"https:\/\/hobbykitchen.es\/?s={search_term_string}\"},\"query-input\":{\"@type\":\"PropertyValueSpecification\",\"valueRequired\":true,\"valueName\":\"search_term_string\"}}],\"inLanguage\":\"en-US\"},{\"@type\":\"Organization\",\"@id\":\"https:\/\/hobbykitchen.es\/#organization\",\"name\":\"Hobby Kitchen Escuela de Cocina y Salud\",\"url\":\"https:\/\/hobbykitchen.es\/\",\"logo\":{\"@type\":\"ImageObject\",\"inLanguage\":\"en-US\",\"@id\":\"https:\/\/hobbykitchen.es\/#\/schema\/logo\/image\/\",\"url\":\"https:\/\/i0.wp.com\/hobbykitchen.es\/wp-content\/uploads\/LOGO-HOBBY-KITCHEN.jpeg?fit=1080%2C1080&ssl=1\",\"contentUrl\":\"https:\/\/i0.wp.com\/hobbykitchen.es\/wp-content\/uploads\/LOGO-HOBBY-KITCHEN.jpeg?fit=1080%2C1080&ssl=1\",\"width\":1080,\"height\":1080,\"caption\":\"Hobby Kitchen Escuela de Cocina y Salud\"},\"image\":{\"@id\":\"https:\/\/hobbykitchen.es\/#\/schema\/logo\/image\/\"},\"sameAs\":[\"https:\/\/www.facebook.com\/hobbykitchen.madrid\/\",\"https:\/\/www.linkedin.com\/in\/elena-de-tapia-ruano-b72884100\/\",\"https:\/\/www.youtube.com\/channel\/UCU7KnuYzuPtdsayAOsWkGkg\/about\",\"https:\/\/www.instagram.com\/hobbykitchen.madrid\/\"]}]}<\/script>\n<!-- \/ Yoast SEO plugin. -->","yoast_head_json":{"title":"Contacta con Hobbykitchen","robots":{"index":"index","follow":"follow","max-snippet":"max-snippet:-1","max-image-preview":"max-image-preview:large","max-video-preview":"max-video-preview:-1"},"canonical":"https:\/\/hobbykitchen.es\/en\/contacto\/","og_locale":"en_US","og_type":"article","og_title":"Contacta con Hobbykitchen","og_description":"Contacta con nosotras Solicita aqu\u00ed m\u00e1s informaci\u00f3n sobre nuestros cursos y acompa\u00f1amientos o haznos cualquier otra consulta. Estamos a tu disposici\u00f3n.","og_url":"https:\/\/hobbykitchen.es\/en\/contacto\/","og_site_name":"Hobby Kitchen","article_publisher":"https:\/\/www.facebook.com\/hobbykitchen.madrid\/","article_modified_time":"2024-03-22T16:38:38+00:00","twitter_card":"summary_large_image","schema":{"@context":"https:\/\/schema.org","@graph":[{"@type":"WebPage","@id":"https:\/\/hobbykitchen.es\/contacto\/","url":"https:\/\/hobbykitchen.es\/contacto\/","name":"Contacta con Hobbykitchen","isPartOf":{"@id":"https:\/\/hobbykitchen.es\/#website"},"datePublished":"2018-07-15T07:35:41+00:00","dateModified":"2024-03-22T16:38:38+00:00","breadcrumb":{"@id":"https:\/\/hobbykitchen.es\/contacto\/#breadcrumb"},"inLanguage":"en-US","potentialAction":[{"@type":"ReadAction","target":["https:\/\/hobbykitchen.es\/contacto\/"]}]},{"@type":"BreadcrumbList","@id":"https:\/\/hobbykitchen.es\/contacto\/#breadcrumb","itemListElement":[{"@type":"ListItem","position":1,"name":"Portada","item":"https:\/\/hobbykitchen.es\/"},{"@type":"ListItem","position":2,"name":"Contacto"}]},{"@type":"WebSite","@id":"https:\/\/hobbykitchen.es\/#website","url":"https:\/\/hobbykitchen.es\/","name":"Hobby Kitchen","description":"Cooking and Health School","publisher":{"@id":"https:\/\/hobbykitchen.es\/#organization"},"potentialAction":[{"@type":"SearchAction","target":{"@type":"EntryPoint","urlTemplate":"https:\/\/hobbykitchen.es\/?s={search_term_string}"},"query-input":{"@type":"PropertyValueSpecification","valueRequired":true,"valueName":"search_term_string"}}],"inLanguage":"en-US"},{"@type":"Organization","@id":"https:\/\/hobbykitchen.es\/#organization","name":"Hobby Kitchen Escuela de Cocina y Salud","url":"https:\/\/hobbykitchen.es\/","logo":{"@type":"ImageObject","inLanguage":"en-US","@id":"https:\/\/hobbykitchen.es\/#\/schema\/logo\/image\/","url":"https:\/\/i0.wp.com\/hobbykitchen.es\/wp-content\/uploads\/LOGO-HOBBY-KITCHEN.jpeg?fit=1080%2C1080&ssl=1","contentUrl":"https:\/\/i0.wp.com\/hobbykitchen.es\/wp-content\/uploads\/LOGO-HOBBY-KITCHEN.jpeg?fit=1080%2C1080&ssl=1","width":1080,"height":1080,"caption":"Hobby Kitchen Escuela de Cocina y Salud"},"image":{"@id":"https:\/\/hobbykitchen.es\/#\/schema\/logo\/image\/"},"sameAs":["https:\/\/www.facebook.com\/hobbykitchen.madrid\/","https:\/\/www.linkedin.com\/in\/elena-de-tapia-ruano-b72884100\/","https:\/\/www.youtube.com\/channel\/UCU7KnuYzuPtdsayAOsWkGkg\/about","https:\/\/www.instagram.com\/hobbykitchen.madrid\/"]}]}},"jetpack_sharing_enabled":true,"jetpack_shortlink":"https:\/\/wp.me\/Pfu27P-f","_links":{"self":[{"href":"https:\/\/hobbykitchen.es\/en\/wp-json\/wp\/v2\/pages\/15","targetHints":{"allow":["GET"]}}],"collection":[{"href":"https:\/\/hobbykitchen.es\/en\/wp-json\/wp\/v2\/pages"}],"about":[{"href":"https:\/\/hobbykitchen.es\/en\/wp-json\/wp\/v2\/types\/page"}],"author":[{"embeddable":true,"href":"https:\/\/hobbykitchen.es\/en\/wp-json\/wp\/v2\/users\/2"}],"replies":[{"embeddable":true,"href":"https:\/\/hobbykitchen.es\/en\/wp-json\/wp\/v2\/comments?post=15"}],"version-history":[{"count":32,"href":"https:\/\/hobbykitchen.es\/en\/wp-json\/wp\/v2\/pages\/15\/revisions"}],"predecessor-version":[{"id":6807,"href":"https:\/\/hobbykitchen.es\/en\/wp-json\/wp\/v2\/pages\/15\/revisions\/6807"}],"wp:attachment":[{"href":"https:\/\/hobbykitchen.es\/en\/wp-json\/wp\/v2\/media?parent=15"}],"curies":[{"name":"wp","href":"https:\/\/api.w.org\/{rel}","templated":true}]}}